{"id":8250,"date":"2026-03-03T09:01:06","date_gmt":"2026-03-03T08:01:06","guid":{"rendered":"https:\/\/www.hoogstede.de\/wp-gemeinde\/?page_id=8250"},"modified":"2026-03-03T09:30:04","modified_gmt":"2026-03-03T08:30:04","slug":"erklaerung-zur-barrierefreiheit","status":"publish","type":"page","link":"https:\/\/www.hoogstede.de\/wp-gemeinde\/erklaerung-zur-barrierefreiheit\/","title":{"rendered":"Erkl\u00e4rung zur Barrierefreiheit"},"content":{"rendered":"\n<p class=\"paragraph\">Die Gemeinde Hoogstede ist bem\u00fcht, ihre Webseiten barrierefrei zug\u00e4nglich zu machen. Die Erkl\u00e4rung zur digitalen Barrierefreiheit verlangt das Nieders\u00e4chsische Behindertengleichstellungsgesetz (NBGG). Diese Erkl\u00e4rung zur Barrierefreiheit gilt f\u00fcr die Webseiten der Dom\u00e4ne: hoogstede.de<\/p>\n<p class=\"paragraph\"><br \/><strong>Stand der Vereinbarkeit mit den Anforderungen<br \/><br \/><\/strong>Dieser Webauftritt ist gem. dem Gesetz zur Gleichstellung von Menschen mit Behinderungen (BGG), der Verordnung zur Schaffung barrierefreier Informationstechnik nach dem Behindertengleichstellungsgesetz (Barrierefreie Informationstechnik-Verordnung \u2013 BITV 2.0) und der EU-Richtlinie \u00fcber den barrierefreien Zugang zu den Websites und mobilen Anwendungen \u00f6ffentlicher Stellen (EU-RL&nbsp;EU-Richtlinie 2016\/2102)&nbsp;fast vollst\u00e4ndig vereinbar.<\/p>\n<p class=\"paragraph\"><br \/><strong>Momentan werden folgende Funktionen unterst\u00fctzt<br \/><br \/><\/strong>Ausreichende KontrasteSchrift\/Darstellung vergr\u00f6\u00dfern: Die Vergr\u00f6\u00dferung der Seitendarstellung mit den g\u00e4ngigen Browsern (zum Beispiel Firefox, Google Chrome, Microsoft Edge, Opera und Apple Safari) erfolgt bei Windows mit \u201eSTRG\u201c und \u201e+\u201c und bei Apple mit \u201ecmd\u201c und \u201e+\u201c.Schrift\/Darstellung verkleinern: Die Verkleinerung der Seitendarstellung mit den g\u00e4ngigen Browsern (zum Beispiel Firefox, Google Chrome, Microsoft Edge, Opera und Apple Safari) erfolgt bei Windows mit \u201eSTRG\u201c und \u201e-\u201c und bei Apple mit \u201ecmd\u201c und \u201e-\u201c.Die Inhalte der Webseite passen sich der Bildschirmgr\u00f6\u00dfe des genutzten Ger\u00e4ts automatisch an (responsive Webdesign).Hinterlegung von Alternativtexten f\u00fcr Bilder. Beim Gleiten der Maus \u00fcber ein Bild wird der Bildinhalt erl\u00e4utert. Eine browserseitige Vorlesefunktion von Texten (zum Beispiel ab Firefox 49.0) wird unterst\u00fctzt.<br \/><br \/><br \/><strong>Nicht barrierefreie Inhalte<br \/><\/strong><br \/>Die nachstehend aufgef\u00fchrten Inhalte sind aus folgenden Gr\u00fcnden nicht barrierefrei:<\/p>\n<p class=\"paragraph\">In den Webauftritt eingebundene Dokumente &amp; Bilder (.pdf, .doc, etc.)<br \/><em>Begr\u00fcndung:<\/em><br \/><em>Die gro\u00dfe Anzahl bereitgestellter Dokumente &amp; Bilder, die teilweise bereits \u00e4lteren Datum sind, hat bisher eine \u00dcbertragung in ein barrierefreies Format nicht erm\u00f6glicht. Diese Dokumente werden sukzessive angepasst.<\/em><br \/><em>Dokumente, die von Dritten (z.B. andere Organisationen, Ministerien, u.a.) bereitgestellt werden, liegen nicht barrierefrei vor<\/em><\/p>\n<p class=\"paragraph\">Kartografie innerhalb der Webseite<br \/><em>Begr\u00fcndung:<\/em><br \/><em>Eine kartografische Darstellung ist eine hilfreiche und sehr n\u00fctzliche Erg\u00e4nzung von Informationen. Kartografie ist dem Wesen nach eine bildliche Darstellung, die somit den Anforderungen der BITV nicht entsprechen kann.<\/em><\/p>\n<p class=\"paragraph\">Redaktionelle Inhalte (teilweise)<br \/><em>Begr\u00fcndung:<\/em><br \/><em>Auf Grund der komplexen Inhalte, die zumindest teilweise in dieser Webseite ver\u00f6ffentlicht werden, ist eine einfache Sprachgestaltung (beispielsweise der Verzicht auf Fachbegriffe) nicht immer m\u00f6glich.<\/em><br \/><em>Zur Verdeutlichung von Zusammenh\u00e4ngen und zur besseren Veranschaulichung werden bildliche Darstellungen (z.B. Infografiken) oder tabellarische Auflistungen verwendet. Diese sind nicht barrierefrei darstellbar.<\/em><br \/><br \/><strong>Ihre Hinweise und Anregungen<br \/><\/strong><br \/>Gerne nehmen wir etwaige M\u00e4ngel Bezug auf die Einhaltung der Barrierefreiheitsanforderungen und Ihre Anregungen auf. Wenden Sie sich an<br \/><br \/>Gemeinde Hoogstede<br \/>Bathorner Diek 12<br \/>49846 Hoogstede<br \/><b>Telefon<\/b> 05944 666<br \/><b>Telefax<\/b> 05944 95091<br \/><b>Web<\/b> www.hoogstede.de<br \/><b>E-Mail<\/b> info@hoogstede.de<br \/><br \/><strong>Schlichtungsstelle<br \/><\/strong><br \/>Das Land Niedersachsen richtet laut \u00a7 9 d, Abs. 1 NBGG eine Schlichtungsstelle bei der Landesbeauftragten f\u00fcr Menschen mit Behinderungen ein. Kontaktdaten:<br \/>Schlichtungsstelle nach \u00a7 9d NBGG im B\u00fcro der Landesbeauftragten f\u00fcr Menschen mit Behinderungen<br \/><br \/>Hannah-Arendt-Platz 2<br \/>30159 Hannover<br \/>Tel.: 0511\/120-4010<br \/>Fax: 0511\/120-99 4010<br \/>E-Mail:&nbsp;<a class=\"hyperlink functional-link\" title=\"E-Mail an schlichtungsstelle@ms.niedersachsen.de\" href=\"mailto:schlichtungsstelle@ms.niedersachsen.de\" target=\"_blank\" rel=\"noopener\">schlichtungsstelle@ms.niedersachsen.de<\/a><br \/><a class=\"hyperlink functional-link\" title=\"E-Mail an Landesbeauftragte@ms.niedersachsen.de\" href=\"mailto:Landesbeauftragte@ms.niedersachsen.de\" target=\"_blank\" rel=\"noopener\">Landesbeauftragte@ms.niedersachsen.de<br \/><br \/><\/a><\/p>\n","protected":false},"excerpt":{"rendered":"<p class=\"paragraph\">Die Gemeinde Hoogstede ist bem\u00fcht, ihre Webseiten barrierefrei zug\u00e4nglich zu machen. Die Erkl\u00e4rung zur digitalen Barrierefreiheit verlangt das Nieders\u00e4chsische Behindertengleichstellungsgesetz (NBGG). Diese Erkl\u00e4rung zur Barrierefreiheit gilt f\u00fcr die Webseiten der Dom\u00e4ne: hoogstede.de<\/p>\n<p class=\"paragraph\">Stand der Vereinbarkeit mit den AnforderungenDieser Webauftritt ist gem. dem Gesetz zur Gleichstellung von Menschen mit Behinderungen (BGG), der Verordnung zur &hellip; <\/p>\n<p><a class=\"more-link btn\" href=\"https:\/\/www.hoogstede.de\/wp-gemeinde\/erklaerung-zur-barrierefreiheit\/\">Weiterlesen<\/a><\/p>\n","protected":false},"author":4,"featured_media":0,"parent":0,"menu_order":0,"comment_status":"closed","ping_status":"closed","template":"","meta":{"ngg_post_thumbnail":0,"footnotes":"","_links_to":"","_links_to_target":""},"class_list":["post-8250","page","type-page","status-publish","hentry","nodate","item-wrap"],"_links":{"self":[{"href":"https:\/\/www.hoogstede.de\/wp-gemeinde\/wp-json\/wp\/v2\/pages\/8250","targetHints":{"allow":["GET"]}}],"collection":[{"href":"https:\/\/www.hoogstede.de\/wp-gemeinde\/wp-json\/wp\/v2\/pages"}],"about":[{"href":"https:\/\/www.hoogstede.de\/wp-gemeinde\/wp-json\/wp\/v2\/types\/page"}],"author":[{"embeddable":true,"href":"https:\/\/www.hoogstede.de\/wp-gemeinde\/wp-json\/wp\/v2\/users\/4"}],"replies":[{"embeddable":true,"href":"https:\/\/www.hoogstede.de\/wp-gemeinde\/wp-json\/wp\/v2\/comments?post=8250"}],"version-history":[{"count":4,"href":"https:\/\/www.hoogstede.de\/wp-gemeinde\/wp-json\/wp\/v2\/pages\/8250\/revisions"}],"predecessor-version":[{"id":8255,"href":"https:\/\/www.hoogstede.de\/wp-gemeinde\/wp-json\/wp\/v2\/pages\/8250\/revisions\/8255"}],"wp:attachment":[{"href":"https:\/\/www.hoogstede.de\/wp-gemeinde\/wp-json\/wp\/v2\/media?parent=8250"}],"curies":[{"name":"wp","href":"https:\/\/api.w.org\/{rel}","templated":true}]}}