{"id":75,"date":"2013-04-01T12:26:27","date_gmt":"2013-04-01T10:26:27","guid":{"rendered":"http:\/\/localhost\/hoogstede\/?page_id=75"},"modified":"2024-02-01T15:52:46","modified_gmt":"2024-02-01T14:52:46","slug":"ueber-uns","status":"publish","type":"page","link":"https:\/\/www.hoogstede.de\/wp-gemeinde\/unsere-gemeinde\/ueber-uns\/","title":{"rendered":"\u00dcber uns"},"content":{"rendered":"<p><span class=\"Subheadline\"><b>Liebe Besucherinnen, liebe Besucher,<\/b><\/span><\/p>\n<div style=\"width: 138px\" class=\"wp-caption alignleft\"><img loading=\"lazy\" decoding=\"async\" src=\"https:\/\/www.hoogstede.de\/wp-gemeinde\/wp-content\/uploads\/2021\/11\/Harms-Ensink.jpg\" alt=\"Jan Harms-Ensink\" width=\"138\" height=\"177\"\/><p class=\"wp-caption-text\">Jan Harms-Ensink (B\u00fcrgermeister)<\/p><\/div>\n<p>herzlich willkommen auf der Homepage der Gemeinde Hoogstede.<\/p>\n<p>Wir stellen Ihnen unser sch\u00f6nes Dorf in Wort und Bild vor und informieren Sie \u00fcber aktuelle Ereignisse. St\u00f6bern Sie durch die Seiten und lernen Sie uns kennen. Nehmen Sie gerne Kontakt mit uns auf.<\/p>\n<p>Wir w\u00fcnschen Ihnen einen angenehmen Aufenthalt in unserer Gemeinde.<\/p>\n<p>Freundliche Gr\u00fc\u00dfe<\/p>\n<p>Jan Harms-Ensink<\/p>\n<p>B\u00fcrgermeister<\/p>\n<p>&nbsp;<\/p>\n<h2>Kontaktdaten:<\/h2>\n<div id=\"attachment_812\" style=\"width: 378px\" class=\"wp-caption alignleft\"><a href=\"http:\/\/www.hoogstede.de\/wp-gemeinde\/wp-content\/uploads\/2013\/04\/Altes-Schulhaus.jpg\"><img loading=\"lazy\" decoding=\"async\" aria-describedby=\"caption-attachment-812\" class=\" wp-image-812\" src=\"http:\/\/www.hoogstede.de\/wp-gemeinde\/wp-content\/uploads\/2013\/04\/Altes-Schulhaus-400x300.jpg\" alt=\"Altes Schulhaus\" width=\"378\" height=\"284\" srcset=\"https:\/\/www.hoogstede.de\/wp-gemeinde\/wp-content\/uploads\/2013\/04\/Altes-Schulhaus-400x300.jpg 400w, https:\/\/www.hoogstede.de\/wp-gemeinde\/wp-content\/uploads\/2013\/04\/Altes-Schulhaus.jpg 600w\" sizes=\"auto, (max-width: 378px) 100vw, 378px\" \/><\/a><p id=\"caption-attachment-812\" class=\"wp-caption-text\">Sitz der Gemeinde Hoogstede und des Heimatsvereins Hoogstede-Arkel e.V.<\/p><\/div>\n<p><span style=\"font-size: 12pt; color: #003366;\"><strong>Gemeinde Hoogstede<\/strong><\/span><br \/>\nBathorner Diek 12<br \/>\n49846 Hoogstede<\/p>\n<p>Telefon: 05944 666<br \/>\nTelefax: 05944 95091<br \/>\nE-Mail: info@hoogstede.de<br \/>\nInternet: www.hoogstede.de<\/p>\n<p><span style=\"color: #003366;\"><strong>Sprechstunden des B\u00fcrgermeisters Jan Harms-Ensink:<\/strong><\/span><\/p>\n<p><span style=\"color: #000000;\"> Sprechzeiten des B\u00fcrgermeisters nach telefonischer Absprache<\/span><\/p>\n<p>&nbsp;<\/p>\n<p>&nbsp;<\/p>\n<h2>Zahlen &#8211; Daten &#8211; Fakten<\/h2>\n<table style=\"height: 225px;\" width=\"623\">\n<tbody>\n<tr>\n<td style=\"width: 200px;\">Postleitzahl<\/td>\n<td>49846<\/td>\n<\/tr>\n<tr>\n<td style=\"width: 200px;\">Vorwahl Telefon<\/td>\n<td>059 44<\/td>\n<\/tr>\n<tr>\n<td style=\"width: 200px;\">Einwohner per 31.12.2023<\/td>\n<td>2.958<\/td>\n<\/tr>\n<tr>\n<td style=\"width: 200px;\">Kirchen vor Ort<\/td>\n<td>Ev.-reformiert, Ev.-altreformiert, R\u00f6misch-katholisch, Ev.-lutherisch<\/td>\n<\/tr>\n<tr>\n<td style=\"width: 200px;\">Vereine<\/td>\n<td>&nbsp;<\/td>\n<\/tr>\n<tr>\n<td style=\"width: 200px;\">&#8211; Sportverein<\/td>\n<td><a title=\"Homepage SV Hoogstede\" href=\"http:\/\/www.sv-hoogstede.de\" target=\"_blank\" rel=\"noopener\">SV Hoogstede<\/a><\/td>\n<\/tr>\n<tr>\n<td style=\"width: 200px;\">&#8211; Sch\u00fctzenvereine<\/td>\n<td><a title=\"Homepage Sch\u00fctzenverein Hoogstede\" href=\"http:\/\/www.schuetzenverein-hoogstede.de\" target=\"_blank\" rel=\"noopener\">Sch\u00fctzenverein Hoogstede<\/a>,<br \/>\n<a title=\"Homepage Edelwei\u00dfsch\u00fctzen Bathorn\" href=\"http:\/\/edelweiss-bathorn.de.tl\/\" target=\"_blank\" rel=\"noopener\">Niedergrafschafter Edelwei\u00dfsch\u00fctzen Bathorn<\/a><\/td>\n<\/tr>\n<tr>\n<td style=\"width: 200px;\">&#8211; Sonstige<\/td>\n<td>Landjugend Hoogstede, <a title=\"Homepage Hoogsteder Fahr- und Reitsportgemeinschaft\" href=\"http:\/\/www.hoogsteder-frg.de\" target=\"_blank\" rel=\"noopener\">Hoogsteder Fahr- und Reitsportgemeinschaft<\/a>, <a title=\"Homepage Motorradclub Wotan\" href=\"http:\/\/www.mc-wotan.com\" target=\"_blank\" rel=\"noopener\">MC Wotan<\/a>, <a title=\"Homepage Motorradclub Devilshead\" href=\"http:\/\/www.devilshead.de\" target=\"_blank\" rel=\"noopener\">MC Devilshead<\/a>, Landwirtschaftlicher Ortsverein,<br \/>\n<a title=\"Homepage Heimatverein Hoogstede-Arkel\" href=\"http:\/\/www.heimatverein-hoogstede-arkel.de\" target=\"_blank\" rel=\"noopener\">Heimatverein Hoogstede-Arkel<\/a>,<\/td>\n<\/tr>\n<tr>\n<td style=\"width: 200px;\">&#8211; Hilfsorganisationen<\/td>\n<td><a title=\"Ortsfeuerwehr Hoogstede\" href=\"http:\/\/www.feuerwehr-hoogstede.de\" target=\"_blank\" rel=\"noopener\">Freiwillige Feuerwehr Hoogstede<\/a>, <a title=\"Homepage DRK Grafschaft Bentheim - OV Hoogstede\" href=\"http:\/\/web.archive.org\/web\/20130126105138\/http:\/\/drk-grafschaft-bentheim.de:80\/angebote\/engagement\/bereitschaften\/hoogstede.html\" target=\"_blank\" rel=\"noopener\">DRK Ortsverband Hoogstede<\/a><\/td>\n<\/tr>\n<\/tbody>\n<\/table>\n","protected":false},"excerpt":{"rendered":"<p>Liebe Besucherinnen, liebe Besucher,<\/p>\n<p>herzlich willkommen auf der Homepage der Gemeinde Hoogstede.<\/p>\n<p>Wir stellen Ihnen unser sch\u00f6nes Dorf in Wort und Bild vor und informieren Sie \u00fcber aktuelle Ereignisse. St\u00f6bern Sie durch die Seiten und lernen Sie uns kennen. Nehmen Sie gerne Kontakt mit uns auf.<\/p>\n<p>Wir w\u00fcnschen Ihnen einen angenehmen Aufenthalt in unserer Gemeinde.<\/p>\n<p> &hellip; <\/p>\n<p><a class=\"more-link btn\" href=\"https:\/\/www.hoogstede.de\/wp-gemeinde\/unsere-gemeinde\/ueber-uns\/\">Weiterlesen<\/a><\/p>\n","protected":false},"author":2,"featured_media":0,"parent":70,"menu_order":10,"comment_status":"closed","ping_status":"closed","template":"","meta":{"ngg_post_thumbnail":0,"footnotes":"","_links_to":"","_links_to_target":""},"class_list":["post-75","page","type-page","status-publish","hentry","nodate","item-wrap"],"_links":{"self":[{"href":"https:\/\/www.hoogstede.de\/wp-gemeinde\/wp-json\/wp\/v2\/pages\/75","targetHints":{"allow":["GET"]}}],"collection":[{"href":"https:\/\/www.hoogstede.de\/wp-gemeinde\/wp-json\/wp\/v2\/pages"}],"about":[{"href":"https:\/\/www.hoogstede.de\/wp-gemeinde\/wp-json\/wp\/v2\/types\/page"}],"author":[{"embeddable":true,"href":"https:\/\/www.hoogstede.de\/wp-gemeinde\/wp-json\/wp\/v2\/users\/2"}],"replies":[{"embeddable":true,"href":"https:\/\/www.hoogstede.de\/wp-gemeinde\/wp-json\/wp\/v2\/comments?post=75"}],"version-history":[{"count":18,"href":"https:\/\/www.hoogstede.de\/wp-gemeinde\/wp-json\/wp\/v2\/pages\/75\/revisions"}],"predecessor-version":[{"id":7722,"href":"https:\/\/www.hoogstede.de\/wp-gemeinde\/wp-json\/wp\/v2\/pages\/75\/revisions\/7722"}],"up":[{"embeddable":true,"href":"https:\/\/www.hoogstede.de\/wp-gemeinde\/wp-json\/wp\/v2\/pages\/70"}],"wp:attachment":[{"href":"https:\/\/www.hoogstede.de\/wp-gemeinde\/wp-json\/wp\/v2\/media?parent=75"}],"curies":[{"name":"wp","href":"https:\/\/api.w.org\/{rel}","templated":true}]}}