{"id":74,"date":"2013-04-01T12:25:53","date_gmt":"2013-04-01T10:25:53","guid":{"rendered":"http:\/\/localhost\/hoogstede\/?page_id=74"},"modified":"2015-10-20T16:35:22","modified_gmt":"2015-10-20T14:35:22","slug":"geschichte","status":"publish","type":"page","link":"https:\/\/www.hoogstede.de\/wp-gemeinde\/unsere-gemeinde\/geschichte\/","title":{"rendered":"Geschichte"},"content":{"rendered":"<div data-canvas-width=\"238.18284000000003\">Von allen Orten der Gemeinde Hoogstede ist als erster der Name Scheerhorn schriftlich festgehalten. Er findet sich in einer Urkunde aus dem Jahre 1209, in der Graf Baldwin von Bentheim dem Kloster Wietmarschen \u201edie Besitzungen &#8230; in Scherehorne\u201c \u00fcbertr\u00e4gt. In der R\u00fcckschrift der Urkunde wird deutlich, dasses hier um \u201eHertgherinc to Scheerhoern\u201c geht, heute Hatger. Das Kloster hat dieses Erbe von dem gr\u00e4flichen Ministerialen (eine Art unfreier gr\u00e4flicher Verwaltungsbeamter, sp\u00e4ter niederer Adel, gjb) Rudolf von Ringe gekauft. Das Kloster hei\u00dft zu der Zeit \u201eSancte Marienrothe\u201c. Der Graf, der keinen Erben hat, \u00fcbergibt den Besitz in Scheerhorn f\u00fcr immer dem Kloster. Harm Kuiper aus Berge war es, der 2005 \u00fcber das Heft Wilhelm Kohl \u201eRegesten aus dem Archiv des Klosters und Stiftes Wietmarschen\u201c (Nordhorn 1973, S. 8) auf diese Urkunde aufmerksam machte.<\/div>\n<div data-canvas-width=\"238.18284000000003\"><\/div>\n<div id=\"attachment_806\" style=\"width: 323px\" class=\"wp-caption alignleft\"><a href=\"http:\/\/www.hoogstede.de\/wp-gemeinde\/wp-content\/uploads\/2013\/04\/reformierte-kirche.jpg\"><img loading=\"lazy\" decoding=\"async\" aria-describedby=\"caption-attachment-806\" class=\"wp-image-806 \" src=\"http:\/\/www.hoogstede.de\/wp-gemeinde\/wp-content\/uploads\/2013\/04\/reformierte-kirche-400x266.jpg\" alt=\"Wappen Gemeinde Hoogstede\" width=\"323\" height=\"215\" \/><\/a><p id=\"caption-attachment-806\" class=\"wp-caption-text\">Ev.-ref. Kirche &#8211; 1821 von Arkel nach Hoogstede versetzt<\/p><\/div>\n<p>Als Ausgangspunkt der geschichtlichen Entwicklung der jetzigen Gemeinde Hoogstede wurde lange das Jahr 1821 angesehen werden. In diesem Jahr wurde die urspr\u00fcnglich in Arkel in unmittelbarer N\u00e4he zur Vechte beheimatete kleine Sandsteinkapelle nach Hoogstede versetzt und zur evangelisch-reformierten Kirche ausgebaut.<\/p>\n<p>In ihrem Umkreis entstanden B\u00fcrger- und Gesch\u00e4ftsh\u00e4user. Nachdem im Jahr 1859 auch noch die katholische Kirche in kurzer Entfernung gebaut wurde, war die Keimzelle f\u00fcr den heutigen Ortskern von Hoogstede inmitten der umliegenden Bauernschaften gelegt.<\/p>\n<p>&nbsp;<\/p>\n<p>Nach dem 2. Weltkrieg fanden viele Vertriebene und Zugezogene Arbeit im Erd\u00f6lfeld Scheerhorn und Heimat in Hoogstede. Zu dieser Zeit wurden auch die evangelisch-altreformierte Kirche (1953) und die evangelisch-lutherische Kirche (1961) gebaut.<\/p>\n<p><a href=\"http:\/\/www.hoogstede.de\/wp-gemeinde\/wp-content\/uploads\/2013\/04\/Logo-Hoogstede.png\"><img loading=\"lazy\" decoding=\"async\" class=\" wp-image-804 alignleft\" src=\"http:\/\/www.hoogstede.de\/wp-gemeinde\/wp-content\/uploads\/2013\/04\/Logo-Hoogstede.png\" alt=\"Wappen Gemeinde Hoogstede\" width=\"97\" height=\"103\" \/><\/a>Die Gemeinde setzt sich zusammen aus den vormals selbst\u00e4ndigen Bauernschaften Arkel, Bathorn, Berge, Hoogstede, Kalle, Scheerhorn und Tinholt. Diese werden dargestellt durch die sieben Kugeln im Wappen.<\/p>\n<p>Links und rechts der durch den Ort f\u00fchrenden Landestra\u00dfe 44 sind in den vergangenen Jahrzehnten schmucke Wohnsiedlungen entstanden.<\/p>\n<p>&nbsp;<\/p>\n<p>Die Nachfrage nach Baugrundst\u00fccken ist unvermindert gro\u00df. Von 1996 &#8211; 2015 sind \u00fcber 200 Baupl\u00e4tze ausgewiesen und bebaut worden. Ein gro\u00dfes Baugebiet hinter der lutherischen Kirche mit 80 Baupl\u00e4tzen ist im Herbst 2004 freigegeben worden und fast komplett bebaut. Im M\u00e4rz 2015 wurde das aktuelle Baugebiet &#8220;M\u00f6llenkamp IV&#8221; mit 35 Baupl\u00e4tzen freigegeben. Die Nachfrage ist gro\u00df. Erstmals wurde bei der Planung eines Baugebietes eine arch\u00e4ologische Untersuchung angeordnet.<\/p>\n<p>Fast 2.900 Menschen leben heute in der Gemeinde Hoogstede mit seinen Ortsteilen Scheerhorn, Berge, Kalle und Tinholt.<\/p>\n<p>Im Sog dieser Entwicklung hat sich auch die Infrastruktur des Dorfes entwickelt. Ob \u00c4rzte, Zahnarzt, Apotheke, Krankengymnastik, Physiotherapie, KFZ-Werkst\u00e4tten, Tankstellen, Imbissbetriebe, Gastst\u00e4tten, Blumenladen, Geschenkartikelladen, Friseur, Fahrschulen oder ein gro\u00dfer Verbrauchermarkt: die Einwohner der Gemeinde Hoogstede finden (fast) alles vor Ort.<\/p>\n<p>Erfreulicherweise entwickelt hat sich auch das Gewerbegebiet am Bathorner Diek. Die fast 12 ha gro\u00dfe Fl\u00e4che ist mittlerweile mit Betrieben der unterschiedlichsten Branchen belegt.<\/p>\n<p>Hervorzuheben sind noch die Vereine und Verb\u00e4nde im Ort, die eine bunte Palette an Freizeitm\u00f6glichkeiten und an Veranstaltungen bieten und sich durch einen guten Zusammenhalt auszeichnen. Dabei ist der Sportverein Hoogstede mit \u00fcber 1.400 Mitgliedern der gr\u00f6\u00dfte Verein vor Ort.<\/p>\n<p>&nbsp;<\/p>\n<div id=\"attachment_808\" style=\"width: 267px\" class=\"wp-caption alignleft\"><a href=\"http:\/\/www.hoogstede.de\/wp-gemeinde\/wp-content\/uploads\/2013\/04\/Dorfplatz-2014.jpg\"><img loading=\"lazy\" decoding=\"async\" aria-describedby=\"caption-attachment-808\" class=\" wp-image-808\" src=\"http:\/\/www.hoogstede.de\/wp-gemeinde\/wp-content\/uploads\/2013\/04\/Dorfplatz-2014-400x300.jpg\" alt=\"Dorfplatz Hoogstede\" width=\"267\" height=\"200\" \/><\/a><p id=\"caption-attachment-808\" class=\"wp-caption-text\">Dorfplatz im Ortskern Hoogstede<\/p><\/div>\n<p>Unmittelbar in Verbindung gebracht mit Hoogstede werden auch die Vechte, die sich durch den Ort schl\u00e4ngelt, und die Bentheimer Eisenbahn, die bereits vor weit \u00fcber 100 Jahren auf Betreiben von Pastor Nyhuis ihre Streckenf\u00fchrung durch den Ort verlegte.<\/p>\n<p>Ein weiteres ortspr\u00e4gendes Bild ist im Jahr 2000 entstanden: der neue Dorfplatz mit seinem Sandsteinbrunnen.<\/p>\n","protected":false},"excerpt":{"rendered":"<p>Von allen Orten der Gemeinde Hoogstede ist als erster der Name Scheerhorn schriftlich festgehalten. Er findet sich in einer Urkunde aus dem Jahre 1209, in der Graf Baldwin von Bentheim dem Kloster Wietmarschen \u201edie Besitzungen &#8230; in Scherehorne\u201c \u00fcbertr\u00e4gt. In der R\u00fcckschrift der Urkunde wird deutlich, dasses hier um \u201eHertgherinc to Scheerhoern\u201c geht, heute Hatger. &hellip; <\/p>\n<p><a class=\"more-link btn\" href=\"https:\/\/www.hoogstede.de\/wp-gemeinde\/unsere-gemeinde\/geschichte\/\">Weiterlesen<\/a><\/p>\n","protected":false},"author":2,"featured_media":0,"parent":70,"menu_order":50,"comment_status":"closed","ping_status":"closed","template":"","meta":{"ngg_post_thumbnail":0,"footnotes":"","_links_to":"","_links_to_target":""},"class_list":["post-74","page","type-page","status-publish","hentry","nodate","item-wrap"],"_links":{"self":[{"href":"https:\/\/www.hoogstede.de\/wp-gemeinde\/wp-json\/wp\/v2\/pages\/74","targetHints":{"allow":["GET"]}}],"collection":[{"href":"https:\/\/www.hoogstede.de\/wp-gemeinde\/wp-json\/wp\/v2\/pages"}],"about":[{"href":"https:\/\/www.hoogstede.de\/wp-gemeinde\/wp-json\/wp\/v2\/types\/page"}],"author":[{"embeddable":true,"href":"https:\/\/www.hoogstede.de\/wp-gemeinde\/wp-json\/wp\/v2\/users\/2"}],"replies":[{"embeddable":true,"href":"https:\/\/www.hoogstede.de\/wp-gemeinde\/wp-json\/wp\/v2\/comments?post=74"}],"version-history":[{"count":7,"href":"https:\/\/www.hoogstede.de\/wp-gemeinde\/wp-json\/wp\/v2\/pages\/74\/revisions"}],"predecessor-version":[{"id":2733,"href":"https:\/\/www.hoogstede.de\/wp-gemeinde\/wp-json\/wp\/v2\/pages\/74\/revisions\/2733"}],"up":[{"embeddable":true,"href":"https:\/\/www.hoogstede.de\/wp-gemeinde\/wp-json\/wp\/v2\/pages\/70"}],"wp:attachment":[{"href":"https:\/\/www.hoogstede.de\/wp-gemeinde\/wp-json\/wp\/v2\/media?parent=74"}],"curies":[{"name":"wp","href":"https:\/\/api.w.org\/{rel}","templated":true}]}}