{"id":73,"date":"2013-04-01T12:25:33","date_gmt":"2013-04-01T10:25:33","guid":{"rendered":"http:\/\/localhost\/hoogstede\/?page_id=73"},"modified":"2021-11-08T23:58:59","modified_gmt":"2021-11-08T22:58:59","slug":"gemeinderat","status":"publish","type":"page","link":"https:\/\/www.hoogstede.de\/wp-gemeinde\/unsere-gemeinde\/gemeinderat\/","title":{"rendered":"Gemeinderat"},"content":{"rendered":"<p>Die Ratsfrauen und Ratsherren der Gemeinde Hoogstede wurden am 12. September 2021 gew\u00e4hlt. Die konstituierende Sitzung fand am 2. November 2021 statt und die aktuelle Wahlperiode endet am 31.10.2026. Die CDU stellt mit neun Mitgliedern die gr\u00f6\u00dfte Abordnung. Drei Mitglieder geh\u00f6ren der SPD-Fraktion an. Die FDP ist mit einem Mitglied vertreten. Wir stellen Ihnen nachfolgend die Mitglieder des Gemeinderates Hoogstede in Wort und Bild vor:<span style=\"font-family: verdana,geneva; font-size: 12px;\"><br \/>\n<\/span><\/p>\n<p style=\"text-align: left;\">\n<table id=\"tablepress-6\" class=\"tablepress tablepress-id-6\">\n<thead>\n<tr class=\"row-1\">\n\t<th class=\"column-1\"><img loading=\"lazy\" decoding=\"async\" src=\"https:\/\/www.hoogstede.de\/wp-gemeinde\/wp-content\/uploads\/2021\/11\/Harms-Ensink.jpg\" alt=\"\" width=\"138\" height=\"177\" class=\"alignleft size-full wp-image-6657\" \/><\/th><th class=\"column-2\"><img loading=\"lazy\" decoding=\"async\" src=\"https:\/\/www.hoogstede.de\/wp-gemeinde\/wp-content\/uploads\/2021\/11\/Westhuis.jpg\" alt=\"\" width=\"138\" height=\"177\" class=\"alignleft size-full wp-image-6664\" \/><\/th>\n<\/tr>\n<\/thead>\n<tbody class=\"row-striping row-hover\">\n<tr class=\"row-2\">\n\t<td class=\"column-1\">Jan Harms-Ensink<br \/>\nB\u00fcrgermeister (CDU)<br \/>\nL\u00e4gen Diek 5<br \/>\n49846 Hoogstede<br \/>\nTel. 05944 666 (dienstlich)<br \/>\nharms-ensink(at)hoogstede.de<\/td><td class=\"column-2\">Stefan Westhuis<br \/>\n1. stellv. B\u00fcrgermeister (CDU)<br \/>\nAllgemeiner Verwaltungsvertreter<br \/>\nHauptstr. 98<br \/>\n49846 Hoogstede<br \/>\nwesthuis(at)hoogstede.de<\/td>\n<\/tr>\n<tr class=\"row-3\">\n\t<td class=\"column-1\"><img loading=\"lazy\" decoding=\"async\" src=\"https:\/\/www.hoogstede.de\/wp-gemeinde\/wp-content\/uploads\/2021\/11\/Bleumer.jpg\" alt=\"\" width=\"138\" height=\"177\" class=\"alignleft size-full wp-image-6652\" \/><\/td><td class=\"column-2\"><img loading=\"lazy\" decoding=\"async\" src=\"https:\/\/www.hoogstede.de\/wp-gemeinde\/wp-content\/uploads\/2021\/11\/Ellen.jpg\" alt=\"\" width=\"138\" height=\"177\" class=\"alignleft size-full wp-image-6655\" \/><\/td>\n<\/tr>\n<tr class=\"row-4\">\n\t<td class=\"column-1\">Sandra Bleumer<br \/>\n2. stellv. B\u00fcrgermeisterin (CDU)<br \/>\nSchulstr. 5<br \/>\n49846 Hoogstede<br \/>\nTel. 05944 990240<br \/>\nbleumer(at)hoogstede.de<\/td><td class=\"column-2\">Sascha Ellen<br \/>\nRatsherr (CDU)<br \/>\nHauptstr. 126a<br \/>\n49846 Hoogstede<br \/>\nTel. 05944 9966911<br \/>\nsaschaellen85@gmail.com<\/td>\n<\/tr>\n<tr class=\"row-5\">\n\t<td class=\"column-1\"><img loading=\"lazy\" decoding=\"async\" src=\"https:\/\/www.hoogstede.de\/wp-gemeinde\/wp-content\/uploads\/2021\/11\/Ensink.jpg\" alt=\"\" width=\"138\" height=\"177\" class=\"alignleft size-full wp-image-6656\" \/><\/td><td class=\"column-2\"><img loading=\"lazy\" decoding=\"async\" src=\"https:\/\/www.hoogstede.de\/wp-gemeinde\/wp-content\/uploads\/2021\/11\/Hesselink.jpg\" alt=\"\" width=\"138\" height=\"177\" class=\"alignleft size-full wp-image-6658\" \/><\/td>\n<\/tr>\n<tr class=\"row-6\">\n\t<td class=\"column-1\">Andre Ensink<br \/>\nRatsherr (CDU)<br \/>\nAm Voresch 1<br \/>\n49846 Hoogstede<br \/>\nTel. 05944 995713<br \/>\nensinkag(at)gmx.de<\/td><td class=\"column-2\">Hartwig Hesselink<br \/>\nRatsherr (CDU)<br \/>\nBrennerstege 14<br \/>\n49846 Hoogstede<br \/>\nTel. 05944 376<br \/>\nhartwighesselink(at)gmx.de<\/td>\n<\/tr>\n<tr class=\"row-7\">\n\t<td class=\"column-1\"><img loading=\"lazy\" decoding=\"async\" src=\"https:\/\/www.hoogstede.de\/wp-gemeinde\/wp-content\/uploads\/2021\/11\/Huebel.jpg\" alt=\"\" width=\"138\" height=\"177\" class=\"alignleft size-full wp-image-6659\" \/><\/td><td class=\"column-2\"><img loading=\"lazy\" decoding=\"async\" src=\"https:\/\/www.hoogstede.de\/wp-gemeinde\/wp-content\/uploads\/2021\/11\/Molendyk.jpg\" alt=\"\" width=\"138\" height=\"177\" class=\"alignleft size-full wp-image-6661\" \/><\/td>\n<\/tr>\n<tr class=\"row-8\">\n\t<td class=\"column-1\">Maik H\u00fcbel<br \/>\nRatsherr (CDU)<br \/>\nSchwarzer Diek 45<br \/>\n49846 Hoogstede<br \/>\nTel. 05944 995522<br \/>\nmaik.huebel@icloud.com<br \/>\n<\/td><td class=\"column-2\">Edgar Molendyk<br \/>\nRatsherr (CDU)<br \/>\nL\u00e4gen Diek 17<br \/>\n49846 Hoogstede<br \/>\n05944 995944<br \/>\ne.molendyk(at)ewetel.net<\/td>\n<\/tr>\n<tr class=\"row-9\">\n\t<td class=\"column-1\"><img loading=\"lazy\" decoding=\"async\" src=\"https:\/\/www.hoogstede.de\/wp-gemeinde\/wp-content\/uploads\/2021\/11\/Scholten-Meilink.jpg\" alt=\"\" width=\"138\" height=\"177\" class=\"alignleft size-full wp-image-6662\" \/><\/td><td class=\"column-2\"><img loading=\"lazy\" decoding=\"async\" src=\"https:\/\/www.hoogstede.de\/wp-gemeinde\/wp-content\/uploads\/2021\/11\/Brooksnieder.jpg\" alt=\"\" width=\"138\" height=\"177\" class=\"alignleft size-full wp-image-6653\" \/><\/td>\n<\/tr>\n<tr class=\"row-10\">\n\t<td class=\"column-1\">Gisela Scholten-Meilink<br \/>\nRatsfrau (CDU)<br \/>\nArkel 3<br \/>\n49846 Hoogstede<br \/>\nTel. 05944 990352<br \/>\nscholten-meilink(at)web.de<\/td><td class=\"column-2\">Wilfried Brooksnieder<br \/>\nRatsherr (SPD)<br \/>\nSchwarzer Diek 41<br \/>\n49846 Hoogstede<br \/>\nTel. 05944 1554<br \/>\nwilfried.brooksnieder(at)ewetel.net<\/td>\n<\/tr>\n<tr class=\"row-11\">\n\t<td class=\"column-1\"><img loading=\"lazy\" decoding=\"async\" src=\"https:\/\/www.hoogstede.de\/wp-gemeinde\/wp-content\/uploads\/2021\/11\/Keen.jpg\" alt=\"\" width=\"138\" height=\"177\" class=\"alignleft size-full wp-image-6660\" \/><\/td><td class=\"column-2\"><img loading=\"lazy\" decoding=\"async\" src=\"https:\/\/www.hoogstede.de\/wp-gemeinde\/wp-content\/uploads\/2021\/11\/Sleefenboom.jpg\" alt=\"\" width=\"138\" height=\"177\" class=\"alignleft size-full wp-image-6663\" \/><\/td>\n<\/tr>\n<tr class=\"row-12\">\n\t<td class=\"column-1\">Hans-J\u00fcrgen Keen<br \/>\nRatsherr (SPD)<br \/>\nRinger Diek 1<br \/>\n49846 Hoogstede<br \/>\nTel. 05944 1861<br \/>\nkeen64(at)gmx.de<\/td><td class=\"column-2\">Helmut Sleefenboom<br \/>\nRatsherr (SPD)<br \/>\nBirkenstr. 1<br \/>\n49846 Hoogstede<br \/>\nTel. 05944 995499<br \/>\nhelmut.sl@gmx.de<\/td>\n<\/tr>\n<tr class=\"row-13\">\n\t<td class=\"column-1\"><img loading=\"lazy\" decoding=\"async\" src=\"https:\/\/www.hoogstede.de\/wp-gemeinde\/wp-content\/uploads\/2021\/11\/Eek.jpg\" alt=\"\" width=\"138\" height=\"177\" class=\"alignleft size-full wp-image-6654\" \/><\/td><td class=\"column-2\"><\/td>\n<\/tr>\n<tr class=\"row-14\">\n\t<td class=\"column-1\">Erich Eek<br \/>\nRatsherr (FDP)<br \/>\nK\u00f6lner Str. 11<br \/>\n49846 Hoogstede<br \/>\nTel. 05944 995841<br \/>\ninfo@eek-schweisstechnik.de<br \/>\n<\/td><td class=\"column-2\"><\/td>\n<\/tr>\n<\/tbody>\n<\/table>\n<!-- #tablepress-6 from cache --><\/p>\n","protected":false},"excerpt":{"rendered":"<p>Die Ratsfrauen und Ratsherren der Gemeinde Hoogstede wurden am 12. September 2021 gew\u00e4hlt. Die konstituierende Sitzung fand am 2. November 2021 statt und die aktuelle Wahlperiode endet am 31.10.2026. Die CDU stellt mit neun Mitgliedern die gr\u00f6\u00dfte Abordnung. Drei Mitglieder geh\u00f6ren der SPD-Fraktion an. Die FDP ist mit einem Mitglied vertreten. Wir stellen Ihnen nachfolgend &hellip; <\/p>\n<p><a class=\"more-link btn\" href=\"https:\/\/www.hoogstede.de\/wp-gemeinde\/unsere-gemeinde\/gemeinderat\/\">Weiterlesen<\/a><\/p>\n","protected":false},"author":2,"featured_media":365,"parent":70,"menu_order":20,"comment_status":"closed","ping_status":"closed","template":"","meta":{"ngg_post_thumbnail":0,"footnotes":"","_links_to":"","_links_to_target":""},"class_list":["post-73","page","type-page","status-publish","has-post-thumbnail","hentry","nodate","item-wrap"],"_links":{"self":[{"href":"https:\/\/www.hoogstede.de\/wp-gemeinde\/wp-json\/wp\/v2\/pages\/73","targetHints":{"allow":["GET"]}}],"collection":[{"href":"https:\/\/www.hoogstede.de\/wp-gemeinde\/wp-json\/wp\/v2\/pages"}],"about":[{"href":"https:\/\/www.hoogstede.de\/wp-gemeinde\/wp-json\/wp\/v2\/types\/page"}],"author":[{"embeddable":true,"href":"https:\/\/www.hoogstede.de\/wp-gemeinde\/wp-json\/wp\/v2\/users\/2"}],"replies":[{"embeddable":true,"href":"https:\/\/www.hoogstede.de\/wp-gemeinde\/wp-json\/wp\/v2\/comments?post=73"}],"version-history":[{"count":23,"href":"https:\/\/www.hoogstede.de\/wp-gemeinde\/wp-json\/wp\/v2\/pages\/73\/revisions"}],"predecessor-version":[{"id":6684,"href":"https:\/\/www.hoogstede.de\/wp-gemeinde\/wp-json\/wp\/v2\/pages\/73\/revisions\/6684"}],"up":[{"embeddable":true,"href":"https:\/\/www.hoogstede.de\/wp-gemeinde\/wp-json\/wp\/v2\/pages\/70"}],"wp:featuredmedia":[{"embeddable":true,"href":"https:\/\/www.hoogstede.de\/wp-gemeinde\/wp-json\/wp\/v2\/media\/365"}],"wp:attachment":[{"href":"https:\/\/www.hoogstede.de\/wp-gemeinde\/wp-json\/wp\/v2\/media?parent=73"}],"curies":[{"name":"wp","href":"https:\/\/api.w.org\/{rel}","templated":true}]}}