{"id":211,"date":"2013-05-08T22:52:18","date_gmt":"2013-05-08T20:52:18","guid":{"rendered":"http:\/\/localhost\/hoogstede\/?page_id=211"},"modified":"2021-11-15T11:32:24","modified_gmt":"2021-11-15T10:32:24","slug":"impressum","status":"publish","type":"page","link":"https:\/\/www.hoogstede.de\/wp-gemeinde\/impressum\/","title":{"rendered":"Impressum+Datenschutzerkl\u00e4rung"},"content":{"rendered":"<h1>Gemeinde Hoogstede<\/h1>\n<h2>Anschrift<\/h2>\n<p>Gemeinde Hoogstede<br \/>\nBathorner Diek 12<br \/>\n49846 Hoogstede<br \/>\n<b>Telefon<\/b> 05944 666<br \/>\n<b>Telefax<\/b> 05944 95091<br \/>\n<b>Web<\/b> www.hoogstede.de<br \/>\n<b>E-Mail<\/b> info@hoogstede.de<\/p>\n<h2>Vertretungsberechtigt<\/h2>\n<p>Jan Harms-Ensink (B\u00fcrgermeister)<\/p>\n<h2>Verantwortlich f\u00fcr redaktionelle Inhalte<\/h2>\n<p>Jan Harms-Ensink (B\u00fcrgermeister)<\/p>\n<h2>Datenschutzerkl\u00e4rung Allgemein<\/h2>\n<p>In dieser Datenschutzerkl\u00e4rung erfahren Sie, in welcher Weise, zu welchem Zweck und in welchem Ma\u00dfe wir Ihre personenbezogenen Daten erheben und nutzen.<\/p>\n<p>Wir halten bei jeder Erhebung und Nutzung Ihrer personenbezogenen Daten die gesetzlichen Vorschriften der Bundesrepublik Deutschland ein.<\/p>\n<p><strong>Was versteht man unter personenbezogenen Daten?<\/strong><\/p>\n<p>\u00a7 3 Abs. 1 Bundesdatenschutzgesetz definiert personenbezogene Daten als Einzelangaben \u00fcber pers\u00f6nliche oder sachliche Verh\u00e4ltnisse einer bestimmten oder bestimmbaren nat\u00fcrlichen Person. Darunter versteht man zum Beispiel Ihren Namen, Ihre Postanschrift, Ihre Email-Adresse und Telefonnummer sowie die IP-Adresse, mit der sich Ihr Computer identifizieren l\u00e4sst.<\/p>\n<p><strong>Nutzungsdaten<\/strong><\/p>\n<p>Sobald Sie auf unsere Webseite zugreifen, beginnt Ihr Webbrowser aus technischen Gr\u00fcnden damit, Daten an unseren Server zu \u00fcbermitteln. Dazu geh\u00f6ren das Datum und Uhrzeit des Seitenaufrufs, die URL bzw. Webadresse der von Ihnen vorher aufgerufenen Seite, die Bezeichnungen der Dateien, welche Sie von unserer Seite abrufen und die an Ihren Rechner gesendeten Datenmengen. Ferner werden auch Ihr Typ und Version Ihres Betriebssystems, Ihr Browser und Ihre IP-Nummer \u00fcbermittelt. Diese Daten k\u00f6nnen von uns verwendet werden, um Statistiken \u00fcber die Nutzung unserer Internetseiten anzufertigen oder auch f\u00fcr Zwecke der Marktforschung. Wir k\u00f6nnen anhand der Daten auch Nutzerprofile erstellen. Der Erstellung solcher Profile k\u00f6nnen Sie widersprechen.<\/p>\n<p>Wir bringen die genannten Daten \u00fcber die Nutzung unserer Seiten nicht mit Ihrer Person in Verbindung. Die aus technischen Gr\u00fcnden \u00fcbermittelten Daten werden nicht mit irgendwelchen Angaben, die Sie pers\u00f6nlich bei der Nutzung unserer Seiten machen, in Verbindung gebracht und werden getrennt davon gespeichert. Falls Nutzerprofile erstellt werden, werden diese mit einem Pseudonym versehen und nicht mit anderen Daten \u00fcber Ihre Person oder mit Ihren Eingaben auf unseren Seiten in Verbindung gebracht.<\/p>\n<p><strong>Bestandsdaten \/ Kundendaten<\/strong><\/p>\n<p>In der Regel erfordert die Nutzung unserer Internetseite nicht, dass Sie irgendwelche pers\u00f6nlichen Daten eingeben. Sollten Sie jedoch einen Vertrag mit uns abschlie\u00dfen oder Gesch\u00e4ftsbeziehungen aufnehmen, m\u00fcssen Sie einige Angaben machen. Dies gilt auch bei einer \u00c4nderung bestehender Vertr\u00e4ge. Wie erheben und nutzen diese personenbezogenen Daten nur in dem Umfang, der f\u00fcr den einzelnen Vertragsabschluss \/ die Vertrags\u00e4nderung notwendig ist. Die personenbezogenen Daten werden nicht ohne Ihre ausdr\u00fcckliche Zustimmung an Dritte weitergegeben. An Beh\u00f6rden geben wir die Daten allenfalls weiter, wenn wir dazu in einem einzelnen Fall aufgrund gesetzlicher Regelungen verpflichtet sind.<\/p>\n<p><strong>Nutzung von Cookies<\/strong><\/p>\n<p>Cookies sind kleine Textdateien, die auf Ihrem Rechner gespeichert werden. Diese enthalten Informationen dar\u00fcber, wie Sie unsere Webseiten und das Internet nutzen. Cookies erlauben es, Sie beim n\u00e4chsten Besuch unserer Internetpr\u00e4senz als einen Nutzer zu identifizieren, der sich f\u00fcr bestimmte Inhalte interessiert, der sich etwa \u00fcber bestimmte Waren informiert hat. Mit diesen Informationen k\u00f6nnen wir die Nutzung unserer Seiten f\u00fcr Sie komfortabler gestalten und unser Internetangebot verbessern. Sie haben die M\u00f6glichkeit, das Abspeichern von Cookies auf Ihrem Computer durch eine Einstellung Ihres Browsers zu unterbinden. Dann kann es jedoch sein, dass Sie unsere Internetseiten nicht in vollem Umfang nutzen k\u00f6nnen.<\/p>\n<p><strong>Ihre Rechte<\/strong><\/p>\n<p>Sie k\u00f6nnen von uns jederzeit kostenfrei Auskunft dar\u00fcber verlangen, welche Daten \u00fcber Ihre Person oder ein von Ihnen verwendetes Pseudonym bei uns gespeichert sind, von wo die Daten stammen und wer sie erh\u00e4lt. Auch \u00fcber den Zweck der Datenverarbeitung k\u00f6nnen Sie Auskunft verlangen. Sie haben au\u00dferdem das Recht auf Berichtigung, L\u00f6schung oder Sperrung Ihrer Daten. Bei Fragen zum Thema Datenschutz kontaktieren Sie uns bitte \u00fcber die im Impressum genannte Adresse des Betreibers dieser Internetseite.<\/p>\n<p><strong>Unbefugter Zugriff auf Daten durch Dritte<\/strong><\/p>\n<p>Jede \u00dcbermittlung von Daten \u00fcber das Internet beinhaltet das Risiko, dass sich unbefugte Fremde Zugriff auf Ihre Daten oder zum Beispiel den Inhalt von Emails verschaffen. Ein vollkommener Schutz ist auch bei aller Sorgfalt nicht m\u00f6glich.<\/p>\n<p><strong>Widerspruch gegen unerw\u00fcnschte Werbung<\/strong><\/p>\n<p>Wir widersprechen jeglicher Nutzung unserer Kontaktdaten durch Dritte zu dem Zweck, uns unverlangte Werbung in irgendeiner Form zuzusenden. Bei Zuwiderhandlung behalten wir uns rechtliche Ma\u00dfnahmen gegen den Absender vor. .<\/p>\n<h2>Disclaimer<\/h2>\n<p><strong>Haftung f\u00fcr Inhalte unserer Internetseiten<\/strong><\/p>\n<p>Die Inhalte unserer Internetseiten werden mit der gr\u00f6\u00dftm\u00f6glichen Sorgfalt erstellt. Wir k\u00f6nnen jedoch keine Garantie f\u00fcr Richtigkeit, Vollst\u00e4ndigkeit und Aktualit\u00e4t geben. Mit dem Namen eines Autors versehene Beitr\u00e4ge geben die Meinung dieses Autors wieder, die nicht mit der Meinung des Anbieters \u00fcbereinstimmen muss.<\/p>\n<p>Gem\u00e4\u00df \u00a7 7 Abs.1 Telemediengesetz (TMG) sind wir als Diensteanbieter f\u00fcr eigene Inhalte auf unseren Internetseiten im Rahmen der allgemeinen Gesetze verantwortlich.<br \/>\nNach den \u00a7\u00a7 8 bis 10 TMG sind wir nicht verpflichtet, fremde Informationen zu \u00fcberwachen, die von uns nur durchgeleitet, \u00fcbermittelt oder gespeichert werden oder aktiv nach Hinweisen auf rechtswidrige T\u00e4tigkeiten zu suchen. Eine Ausnahme besteht dann, wenn wir auf Grund gesetzlicher Vorschriften zur Entfernung oder Sperrung von Inhalten bzw. Informationen sowie zur Sperrung von Nutzungsm\u00f6glichkeiten unserer Internetseiten verpflichtet sind. Wir haften erst von dem Zeitpunkt an, zu dem wir von einer Rechtsverletzung Kenntnis erhalten haben. Sobald wir von einer Rechtsverletzung erfahren, werden wir die betreffenden Inhalte so schnell wie m\u00f6glich von unseren Internetseiten entfernen.<\/p>\n<p><strong>Haftung f\u00fcr Links<\/strong><\/p>\n<p>Auf unseren Internetseiten finden Sie Links zu externen Webseiten fremder Seitenbetreiber. Beim Setzen der Verlinkung haben wir gepr\u00fcft, ob auf den verlinkten Seiten Rechtsverst\u00f6\u00dfe erkennbar waren. Verst\u00f6\u00dfe wurden nicht festgestellt. Wir k\u00f6nnen jedoch keine st\u00e4ndige Kontrolle verlinkter Internetseiten durchf\u00fchren. Bitte nehmen Sie zur Kenntnis, dass wir auf den Inhalt von verlinkten Seiten anderer Anbieter keinerlei Einfluss besitzen. Allein deren Betreiber ist f\u00fcr deren Inhalt verantwortlich. Wir k\u00f6nnen daher f\u00fcr die Inhalte verlinkter Seiten keinerlei Haftung \u00fcbernehmen.<\/p>\n<p>Erhalten wir konkrete Hinweise auf eine Rechtsverletzung auf verlinkten Internetseiten, werden wir den Fall pr\u00fcfen und den Link bei Vorliegen einer Rechtsverletzung so schnell wie m\u00f6glich entfernen.<\/p>\n<p><strong>Urheberrecht<\/strong><\/p>\n<p>F\u00fcr die auf unseren Internetseiten ver\u00f6ffentlichten Inhalte und Werke aller Art gilt das deutsche Urheberrecht. Jede Bearbeitung, Vervielf\u00e4ltigung, Verbreitung oder Verwertung darf nur mit schriftlicher Zustimmung des jeweiligen Urhebers (z.B. Autor, Fotograf) bzw. Rechteinhabers stattfinden. Downloads und Kopien d\u00fcrfen nur f\u00fcr private, nicht kommerzielle Zwecke vorgenommen werden.<\/p>\n<p>Soweit unsere Internetseiten Betr\u00e4ge Dritter wie Fotos oder Texte enthalten, beachten wir deren Urheberrecht und kennzeichnen die jeweiligen Beitr\u00e4ge entsprechend. Finden Sie auf unseren Seiten einen Versto\u00df gegen das Urheberrecht, bitten wir um Mitteilung. Wir werden den entsprechenden Inhalt dann so schnell wie m\u00f6glich von unserer Seite entfernen.<\/p>\n<p>Dieses Impressum wurde erstellt mit dem Impressum-Generator auf <a href=\"http:\/\/www.anwaltssuche.de\" target=\"_blank\" rel=\"noopener\">anwaltssuche.de<\/a><\/p>\n","protected":false},"excerpt":{"rendered":"<p>Gemeinde Hoogstede Anschrift <\/p>\n<p>Gemeinde Hoogstede Bathorner Diek 12 49846 Hoogstede Telefon 05944 666 Telefax 05944 95091 Web www.hoogstede.de E-Mail info@hoogstede.de<\/p>\n<p> Vertretungsberechtigt <\/p>\n<p>Jan Harms-Ensink (B\u00fcrgermeister)<\/p>\n<p> Verantwortlich f\u00fcr redaktionelle Inhalte <\/p>\n<p>Jan Harms-Ensink (B\u00fcrgermeister)<\/p>\n<p> Datenschutzerkl\u00e4rung Allgemein <\/p>\n<p>In dieser Datenschutzerkl\u00e4rung erfahren Sie, in welcher Weise, zu welchem Zweck und in welchem Ma\u00dfe wir Ihre personenbezogenen Daten erheben und nutzen.<\/p>\n<p> &hellip; <\/p>\n<p><a class=\"more-link btn\" href=\"https:\/\/www.hoogstede.de\/wp-gemeinde\/impressum\/\">Weiterlesen<\/a><\/p>\n","protected":false},"author":2,"featured_media":0,"parent":0,"menu_order":0,"comment_status":"closed","ping_status":"closed","template":"","meta":{"ngg_post_thumbnail":0,"footnotes":"","_links_to":"","_links_to_target":""},"class_list":["post-211","page","type-page","status-publish","hentry","nodate","item-wrap"],"_links":{"self":[{"href":"https:\/\/www.hoogstede.de\/wp-gemeinde\/wp-json\/wp\/v2\/pages\/211","targetHints":{"allow":["GET"]}}],"collection":[{"href":"https:\/\/www.hoogstede.de\/wp-gemeinde\/wp-json\/wp\/v2\/pages"}],"about":[{"href":"https:\/\/www.hoogstede.de\/wp-gemeinde\/wp-json\/wp\/v2\/types\/page"}],"author":[{"embeddable":true,"href":"https:\/\/www.hoogstede.de\/wp-gemeinde\/wp-json\/wp\/v2\/users\/2"}],"replies":[{"embeddable":true,"href":"https:\/\/www.hoogstede.de\/wp-gemeinde\/wp-json\/wp\/v2\/comments?post=211"}],"version-history":[{"count":5,"href":"https:\/\/www.hoogstede.de\/wp-gemeinde\/wp-json\/wp\/v2\/pages\/211\/revisions"}],"predecessor-version":[{"id":6687,"href":"https:\/\/www.hoogstede.de\/wp-gemeinde\/wp-json\/wp\/v2\/pages\/211\/revisions\/6687"}],"wp:attachment":[{"href":"https:\/\/www.hoogstede.de\/wp-gemeinde\/wp-json\/wp\/v2\/media?parent=211"}],"curies":[{"name":"wp","href":"https:\/\/api.w.org\/{rel}","templated":true}]}}