{"id":173,"date":"2013-05-08T22:35:29","date_gmt":"2013-05-08T20:35:29","guid":{"rendered":"http:\/\/localhost\/hoogstede\/?page_id=173"},"modified":"2020-03-24T20:04:28","modified_gmt":"2020-03-24T19:04:28","slug":"gewerbegebiet","status":"publish","type":"page","link":"https:\/\/www.hoogstede.de\/wp-gemeinde\/wirtschaft\/gewerbegebiet\/","title":{"rendered":"Gewerbegebiet &#8220;Am Bathorner Diek&#8221;"},"content":{"rendered":"<p><img loading=\"lazy\" decoding=\"async\" class=\"aligncenter\" style=\"border-width: 5px;\" src=\"https:\/\/www.hoogstede.de\/wp-gemeinde\/wp-content\/uploads\/2020\/03\/Luftbild-Gewerbegebiet.jpg\" alt=\"\" width=\"1920\" height=\"1078\"\/><\/p>\n<p>Das Gewerbegebiet Hoogstede-Bathorn hat nach der Erweiterung im Sommer 2019 eine Gr\u00f6\u00dfe von ca. 15 ha, liegt am Bathorner Diek (K 15) und ist f\u00fcr gewerbliche Nutzung ausgelegt. Die Gebiet ist voll erschlossen.<\/p>\n<p>Die erste Ansiedlung erfolgte im Jahr 1997. Stand M\u00e4rz 2020 sind 15 Betriebe mit \u00fcber 200 Arbeitspl\u00e4tzen der unterschiedlichsten Branchen angesiedelt.&nbsp;<\/p>\n<p>Ausk\u00fcnfte \u00fcber die Konditionen f\u00fcr den Grunderwerb sowie der noch verf\u00fcgbaren Fl\u00e4chen erteilt der B\u00fcrgermeister der Gemeinde Hoogstede (Telefon: 05944 666).<\/p>\n<p>Stand 12\/2018 l\u00e4uft planungsrechtlich eine Erweiterung (4 ha) des Gewerbegebietes in n\u00f6rdlicher Richtung.<\/p>\n<h4>Das k\u00f6nnte Sie auch interessieren<\/h4>\n<p><a title=\"Mischgebiet\" href=\"http:\/\/www.hoogstede.de\/wp-gemeinde\/wirtschaft\/mischgebiet\/\">Mischgebiet &#8220;Wilsumer Stra\u00dfe&#8221;<\/a><\/p>\n","protected":false},"excerpt":{"rendered":"<\/p>\n<p>Das Gewerbegebiet Hoogstede-Bathorn hat nach der Erweiterung im Sommer 2019 eine Gr\u00f6\u00dfe von ca. 15 ha, liegt am Bathorner Diek (K 15) und ist f\u00fcr gewerbliche Nutzung ausgelegt. Die Gebiet ist voll erschlossen.<\/p>\n<p>Die erste Ansiedlung erfolgte im Jahr 1997. Stand M\u00e4rz 2020 sind 15 Betriebe mit \u00fcber 200 Arbeitspl\u00e4tzen der unterschiedlichsten Branchen angesiedelt.&nbsp;<\/p>\n<p> &hellip; <\/p>\n<p><a class=\"more-link btn\" href=\"https:\/\/www.hoogstede.de\/wp-gemeinde\/wirtschaft\/gewerbegebiet\/\">Weiterlesen<\/a><\/p>\n","protected":false},"author":2,"featured_media":0,"parent":72,"menu_order":20,"comment_status":"closed","ping_status":"closed","template":"","meta":{"ngg_post_thumbnail":0,"footnotes":"","_links_to":"","_links_to_target":""},"class_list":["post-173","page","type-page","status-publish","hentry","nodate","item-wrap"],"_links":{"self":[{"href":"https:\/\/www.hoogstede.de\/wp-gemeinde\/wp-json\/wp\/v2\/pages\/173","targetHints":{"allow":["GET"]}}],"collection":[{"href":"https:\/\/www.hoogstede.de\/wp-gemeinde\/wp-json\/wp\/v2\/pages"}],"about":[{"href":"https:\/\/www.hoogstede.de\/wp-gemeinde\/wp-json\/wp\/v2\/types\/page"}],"author":[{"embeddable":true,"href":"https:\/\/www.hoogstede.de\/wp-gemeinde\/wp-json\/wp\/v2\/users\/2"}],"replies":[{"embeddable":true,"href":"https:\/\/www.hoogstede.de\/wp-gemeinde\/wp-json\/wp\/v2\/comments?post=173"}],"version-history":[{"count":8,"href":"https:\/\/www.hoogstede.de\/wp-gemeinde\/wp-json\/wp\/v2\/pages\/173\/revisions"}],"predecessor-version":[{"id":6312,"href":"https:\/\/www.hoogstede.de\/wp-gemeinde\/wp-json\/wp\/v2\/pages\/173\/revisions\/6312"}],"up":[{"embeddable":true,"href":"https:\/\/www.hoogstede.de\/wp-gemeinde\/wp-json\/wp\/v2\/pages\/72"}],"wp:attachment":[{"href":"https:\/\/www.hoogstede.de\/wp-gemeinde\/wp-json\/wp\/v2\/media?parent=173"}],"curies":[{"name":"wp","href":"https:\/\/api.w.org\/{rel}","templated":true}]}}