{"id":172,"date":"2013-05-08T22:35:08","date_gmt":"2013-05-08T20:35:08","guid":{"rendered":"http:\/\/localhost\/hoogstede\/?page_id=172"},"modified":"2025-12-10T19:21:37","modified_gmt":"2025-12-10T18:21:37","slug":"baugebiete","status":"publish","type":"page","link":"https:\/\/www.hoogstede.de\/wp-gemeinde\/wirtschaft\/baugebiete\/","title":{"rendered":"Baugebiet M\u00fchlenweg"},"content":{"rendered":"<p>&nbsp;<\/p>\n<h3>Baugebiet M\u00fchlenweg<\/h3>\n<p><img decoding=\"async\" src=\"https:\/\/www.hoogstede.de\/wp-gemeinde\/wp-content\/uploads\/2020\/09\/HP-Luftaufnahme-neues-Baugebiet.jpg\" alt=\"\"\/><\/p>\n<p><em>Foto: Baugebiet M\u00fchlenweg vor der Bebauung<\/em><\/p>\n<p><img loading=\"lazy\" decoding=\"async\" class=\"alignnone wp-image-8208 size-full\" src=\"https:\/\/www.hoogstede.de\/wp-gemeinde\/wp-content\/uploads\/2025\/12\/Screenshot-2025-12-10-190544.png\" alt=\"\" width=\"1257\" height=\"760\" srcset=\"https:\/\/www.hoogstede.de\/wp-gemeinde\/wp-content\/uploads\/2025\/12\/Screenshot-2025-12-10-190544.png 1257w, https:\/\/www.hoogstede.de\/wp-gemeinde\/wp-content\/uploads\/2025\/12\/Screenshot-2025-12-10-190544-400x242.png 400w, https:\/\/www.hoogstede.de\/wp-gemeinde\/wp-content\/uploads\/2025\/12\/Screenshot-2025-12-10-190544-800x484.png 800w, https:\/\/www.hoogstede.de\/wp-gemeinde\/wp-content\/uploads\/2025\/12\/Screenshot-2025-12-10-190544-652x394.png 652w\" sizes=\"auto, (max-width: 1257px) 100vw, 1257px\" \/><\/p>\n<p><em>Foto: Baugebiet M\u00fchlenweg November 2025<\/em><\/p>\n<p><strong>Aktueller Sachstand:<\/strong><\/p>\n<p><span style=\"color: #ff0000;\"><strong>10.12.2025 <\/strong><\/span>Inzwischen sind, bis auf 4 Baupl\u00e4tze, alle verkauft. Viele sind bereits angefangen und sogar schon eingezogen. Auch das erste Stra\u00dfenfest hat stattgefunden.<\/p>\n<p><span style=\"color: #ff0000;\"><strong>27.12.2024 <\/strong><\/span>Von den 41 Baupl\u00e4tzen sind 27 verkauft<strong><br \/>\n<\/strong><\/p>\n<p><strong><span style=\"color: #ff0000;\">12.12.2022 <\/span><\/strong><span style=\"color: #333333;\">Die Erschlie\u00dfungsarbeiten sind beendet und das Baugebiet ist f\u00fcr die 18 neuen Bauplatzeigent\u00fcmer freigegeben.&nbsp;<\/span><\/p>\n<p><strong><span style=\"color: #ff0000;\">23.06.2022 <\/span><\/strong><span style=\"color: #333333;\">Die Erschlie\u00dfungsarbeiten sind gestartet. (Schmutzwasser, Regenwasser und die Baustra\u00dfe). Ab Anfang September werden WAZ und RWE die Arbeiten aufnehmen. Stand jetzt gibt es noch 15 freie Baupl\u00e4tze.<\/span><\/p>\n<p><strong><span style=\"color: #ff0000;\">14.06.2022 <\/span><\/strong><span style=\"color: #333333;\">Bauplatzvergabe in der Pausenhalle der Grundschule<\/span><\/p>\n<p><strong><span style=\"color: #ff0000;\">14.04.2022<\/span><\/strong>&nbsp;Seit mehr als einem Jahr laufen die Ausgrabungen im neuen Baugebiet &#8220;M\u00fchlenweg&#8221;, wo 41 neue Baupl\u00e4tze entstehen werden. Dadurch wird die Erschlie\u00dfung leider immer wieder verz\u00f6gert.&nbsp;<\/p>\n<p>Wir haben zurzeit&nbsp; 50 Bewerber auf die 41 Baupl\u00e4tze. Durch vorgenommene Kriterien k\u00f6nnen wir allen Bewerbern einen Bauplatz anbieten, die ihren Wohnsitz in Hoogstede haben und sich nun erstmals den Traum vom Eigenheim verwirklichen wollen.&nbsp;Wir&nbsp; hoffen auf Freigabe der Baupl\u00e4tze im Oktober \/ November diesen Jahres. Die Vergabe der Baupl\u00e4tze wird voraussichtlich im Mai stattfinden k\u00f6nnen.<\/p>\n<p>Leider gab es immer wieder Hindernisse, die uns eine z\u00fcgige Vergabe unm\u00f6glich gemacht haben.<\/p>\n<p><span style=\"color: #ff0000;\"><strong>26.10.2021<\/strong><\/span> Der Gemeinderat hat in einer Sondersitzung die Stellungnahme Tr\u00e4ger \u00f6ffentlicher Belange zur Kenntnis genommen und sich den Empfehlungen der Abw\u00e4gungsvorlage zum Bebauungsplan Nr. 27 &#8220;Baugebiet M\u00fchlenweg&#8221; angeschlossen. Weiterhin hat der Rat nach abschlie\u00dfender Abw\u00e4gung aller Belange einstimmig den vorliegenden Entwurf des Bebauungsplanes Nr. 27 &#8220;Baugebiet M\u00fchlenweg&#8221; als Satzung beschlossen.&nbsp;<\/p>\n<p>Weiterhin zur Kenntnis nehmen musste der Rat, dass die arch\u00e4ologischen Ausgrabungen l\u00e4nger als erwartet dauern werden.<\/p>\n<p><span style=\"color: #ff0000;\"><strong>18.01.2021<\/strong><\/span> Die Voruntersuchungen (Suchschnitte) f\u00fcr m\u00f6gliche arch\u00e4ologische Grabungen haben heute begonnen.<\/p>\n<p><strong><span style=\"color: #ff0000;\">11.01.2021<\/span><\/strong> Die Frist f\u00fcr Stellungnahmen &#8220;Tr\u00e4ger \u00f6ffentlicher Belange (T\u00f6B)&#8221; ist abgelaufen.<\/p>\n<p><span style=\"color: #ff0000;\"><strong>10.12.2020<\/strong><\/span> Die Samtgemeinde Emlichheim und die Gemeinde Hoogstede haben in einer gemeinsamen Ver\u00f6ffentlichung in den Grafschafter Nachrichten am 02.12.2020 die \u201eBeteiligung der \u00d6ffentlichkeit an der Bauleitplanung\u201c bekanntgemacht. Bis zum 11. Januar 2021 besteht Gelegenheit zur \u00c4u\u00dferung und Er\u00f6rterung.<\/p>\n<p>Weiterhin hat der <strong>Gemeinderat<\/strong> noch nicht das Vergabeverfahren f\u00fcr die Baupl\u00e4tze festgelegt. Fragen dazu k\u00f6nnen im Moment nicht beantwortet werden. Sobald es feststeht, werden alle registrierten Interessenten per Mail informiert. Bitte diesbez\u00fcglich <u>keine Anfragen<\/u> hinsichtlich \u201eWunschgrundst\u00fccke\u201c an die <u>Samtgemeinde Emlichheim<\/u> richten.<\/p>\n<p>Die noch andauernde Corona-Pandemie hat zu Verz\u00f6gerungen in der noch laufenden Planungsphase gef\u00fchrt. Alle Beteiligten bem\u00fchen sich, die \u201eBaureife\u201c der Grundst\u00fccke z\u00fcgig voranzutreiben. Eine seri\u00f6se Aussage, wann die Grundst\u00fccke verkauft werden k\u00f6nnen, kann im Moment nicht getroffen werden. Eine Unbekannte ist unter anderem die Ank\u00fcndigung des Landesamtes f\u00fcr Denkmalpflege, die arch\u00e4ologische Untersuchungen angek\u00fcndigt haben. Sobald es Neuigkeiten gibt, werden alle registrierten Interessenten per Mail informiert.<\/p>\n<hr \/>\n<p><strong>Hinweis:<\/strong> Zurzeit gibt es mehr Interessenten als Baupl\u00e4tze. Wer Interesse hat &#8211; auch hinsichtlich eines weiteren Baugebietes &#8211; kann sich gerne registrieren lassen.<br \/>\nDazu bitte die Kontaktdaten (Name, Adresse, Telefon) per Mail an <a href=\"mailto:info@hoogstede.de\" target=\"_blank\" rel=\"noopener noreferrer\">info@hoogstede.de<\/a> senden.<\/p>\n<h4>Kontaktdaten<\/h4>\n<p>Gemeinde Hoogstede<br \/>\nBathorner Diek 12<br \/>\n49846 Hoogstede<\/p>\n<p>Telefon: 05944 666<\/p>\n<p>E-Mai: <a title=\"Mail an Gemeinde Hoogstede\" href=\"mailto:info@hoogstede.de\" target=\"_blank\" rel=\"noopener noreferrer\">info@hoogstede.de<\/a><\/p>\n","protected":false},"excerpt":{"rendered":"<p>&nbsp;<\/p>\n<p> Baugebiet M\u00fchlenweg <\/p>\n<p>Foto: Baugebiet M\u00fchlenweg vor der Bebauung<\/p>\n<\/p>\n<p>Foto: Baugebiet M\u00fchlenweg November 2025<\/p>\n<p>Aktueller Sachstand:<\/p>\n<p>10.12.2025 Inzwischen sind, bis auf 4 Baupl\u00e4tze, alle verkauft. Viele sind bereits angefangen und sogar schon eingezogen. Auch das erste Stra\u00dfenfest hat stattgefunden.<\/p>\n<p>27.12.2024 Von den 41 Baupl\u00e4tzen sind 27 verkauft <\/p>\n<p>12.12.2022 Die Erschlie\u00dfungsarbeiten sind beendet &hellip; <\/p>\n<p><a class=\"more-link btn\" href=\"https:\/\/www.hoogstede.de\/wp-gemeinde\/wirtschaft\/baugebiete\/\">Weiterlesen<\/a><\/p>\n","protected":false},"author":2,"featured_media":0,"parent":72,"menu_order":10,"comment_status":"closed","ping_status":"closed","template":"","meta":{"ngg_post_thumbnail":0,"footnotes":"","_links_to":"","_links_to_target":""},"class_list":["post-172","page","type-page","status-publish","hentry","nodate","item-wrap"],"_links":{"self":[{"href":"https:\/\/www.hoogstede.de\/wp-gemeinde\/wp-json\/wp\/v2\/pages\/172","targetHints":{"allow":["GET"]}}],"collection":[{"href":"https:\/\/www.hoogstede.de\/wp-gemeinde\/wp-json\/wp\/v2\/pages"}],"about":[{"href":"https:\/\/www.hoogstede.de\/wp-gemeinde\/wp-json\/wp\/v2\/types\/page"}],"author":[{"embeddable":true,"href":"https:\/\/www.hoogstede.de\/wp-gemeinde\/wp-json\/wp\/v2\/users\/2"}],"replies":[{"embeddable":true,"href":"https:\/\/www.hoogstede.de\/wp-gemeinde\/wp-json\/wp\/v2\/comments?post=172"}],"version-history":[{"count":59,"href":"https:\/\/www.hoogstede.de\/wp-gemeinde\/wp-json\/wp\/v2\/pages\/172\/revisions"}],"predecessor-version":[{"id":8215,"href":"https:\/\/www.hoogstede.de\/wp-gemeinde\/wp-json\/wp\/v2\/pages\/172\/revisions\/8215"}],"up":[{"embeddable":true,"href":"https:\/\/www.hoogstede.de\/wp-gemeinde\/wp-json\/wp\/v2\/pages\/72"}],"wp:attachment":[{"href":"https:\/\/www.hoogstede.de\/wp-gemeinde\/wp-json\/wp\/v2\/media?parent=172"}],"curies":[{"name":"wp","href":"https:\/\/api.w.org\/{rel}","templated":true}]}}