{"id":159,"date":"2013-05-08T22:28:53","date_gmt":"2013-05-08T20:28:53","guid":{"rendered":"http:\/\/localhost\/hoogstede\/?page_id=159"},"modified":"2015-04-05T23:30:44","modified_gmt":"2015-04-05T21:30:44","slug":"baudenkmale","status":"publish","type":"page","link":"https:\/\/www.hoogstede.de\/wp-gemeinde\/unsere-gemeinde\/baudenkmale\/","title":{"rendered":"Baudenkmale"},"content":{"rendered":"<h3>Verzeichnis der Baudenkmale gem\u00e4\u00df \u00a7 3 NDSchG<\/h3>\n<div id=\"attachment_890\" style=\"width: 250px\" class=\"wp-caption alignleft\"><a href=\"http:\/\/www.hoogstede.de\/wp-gemeinde\/wp-content\/uploads\/2013\/05\/reformierte-kirche.jpg\"><img loading=\"lazy\" decoding=\"async\" aria-describedby=\"caption-attachment-890\" class=\"wp-image-890\" src=\"http:\/\/www.hoogstede.de\/wp-gemeinde\/wp-content\/uploads\/2013\/05\/reformierte-kirche-200x200.jpg\" alt=\"Reformierte Kirche Hoogstede\" width=\"250\" height=\"166\" \/><\/a><p id=\"caption-attachment-890\" class=\"wp-caption-text\">Reformierte Kirche Hoogstede<\/p><\/div>\n<h4>Ev.-ref. Kirche, Hauptstra\u00dfe 49<\/h4>\n<p>Rechteckiger Saalbau aus Sandsteinquadern mit Rundbogenfenster und Holzgew\u00f6lbe, 1821 erbaut. Ehemaliger Dachreiter bei Renovierung entfernt. Neubau Glockenturm 1986\/87, Anbau von 1951.<\/p>\n<p>Wesentlich schutzbegr\u00fcndende Bedeutung:<\/p>\n<p>Bau- und Kunstgeschichte<\/p>\n<p>&nbsp;<\/p>\n<p>&nbsp;<\/p>\n<div id=\"attachment_891\" style=\"width: 250px\" class=\"wp-caption alignleft\"><a href=\"http:\/\/www.hoogstede.de\/wp-gemeinde\/wp-content\/uploads\/2013\/05\/Katholische-Kirche.jpg\"><img loading=\"lazy\" decoding=\"async\" aria-describedby=\"caption-attachment-891\" class=\"wp-image-891\" src=\"http:\/\/www.hoogstede.de\/wp-gemeinde\/wp-content\/uploads\/2013\/05\/Katholische-Kirche-400x266.jpg\" alt=\"Katholische Kirche Hoogstede\" width=\"250\" height=\"166\" \/><\/a><p id=\"caption-attachment-891\" class=\"wp-caption-text\">Katholische Kirche Hoogstede<\/p><\/div>\n<h4>Katholische Kirche (St. Bonifatius), Hauptstra\u00dfe 82<\/h4>\n<p>Ziegelbau im Rundbogenstil von 1859<\/p>\n<p>Wesentlich schutzbegr\u00fcndende Bedeutung:<\/p>\n<p>Bau- und Kunstgeschichte<\/p>\n<p>&nbsp;<\/p>\n<p>&nbsp;<\/p>\n<p>&nbsp;<\/p>\n<p>&nbsp;<\/p>\n<div id=\"attachment_892\" style=\"width: 250px\" class=\"wp-caption alignleft\"><a href=\"http:\/\/www.hoogstede.de\/wp-gemeinde\/wp-content\/uploads\/2013\/05\/altreformierte-Kirche.jpg\"><img loading=\"lazy\" decoding=\"async\" aria-describedby=\"caption-attachment-892\" class=\"wp-image-892\" src=\"http:\/\/www.hoogstede.de\/wp-gemeinde\/wp-content\/uploads\/2013\/05\/altreformierte-Kirche-400x266.jpg\" alt=\"Altreformierte Kirche Hoogstede\" width=\"250\" height=\"166\" \/><\/a><p id=\"caption-attachment-892\" class=\"wp-caption-text\">Altreformierte Kirche Hoogstede<\/p><\/div>\n<h4>Ev.-altref. Kirche, Bathorner Diek 1<\/h4>\n<p>Konservativ gestalteter Ziegelbau von 1951<\/p>\n<p>Wesentlich schutzbegr\u00fcndende Bedeutung:<\/p>\n<p>Typus-\/Stilauspr\u00e4gung<\/p>\n<p>&nbsp;<\/p>\n<p>&nbsp;<\/p>\n<p>&nbsp;<\/p>\n<p>&nbsp;<\/p>\n<div id=\"attachment_812\" style=\"width: 250px\" class=\"wp-caption alignleft\"><a href=\"http:\/\/www.hoogstede.de\/wp-gemeinde\/wp-content\/uploads\/2013\/04\/Altes-Schulhaus.jpg\"><img loading=\"lazy\" decoding=\"async\" aria-describedby=\"caption-attachment-812\" class=\"wp-image-812\" src=\"http:\/\/www.hoogstede.de\/wp-gemeinde\/wp-content\/uploads\/2013\/04\/Altes-Schulhaus-400x300.jpg\" alt=\"Altes Schulhaus\" width=\"250\" height=\"188\" srcset=\"https:\/\/www.hoogstede.de\/wp-gemeinde\/wp-content\/uploads\/2013\/04\/Altes-Schulhaus-400x300.jpg 400w, https:\/\/www.hoogstede.de\/wp-gemeinde\/wp-content\/uploads\/2013\/04\/Altes-Schulhaus.jpg 600w\" sizes=\"auto, (max-width: 250px) 100vw, 250px\" \/><\/a><p id=\"caption-attachment-812\" class=\"wp-caption-text\">Sitz der Gemeinde Hoogstede und des Heimatsvereins Hoogstede-Arkel e.V.<\/p><\/div>\n<h4>Alte Schule von 1851<\/h4>\n<p>Das Zweit\u00e4lteste Geb\u00e4ude in Hoogstede (1851) wurdenach vierj\u00e4hriger Planung 2013 saniert. Seit 2014 ist hier die Gemeindeverwaltung untergebracht. Der Veranstaltungsraum dient als Standesamt, Sitzungsraum sowie f\u00fcr kleinkulturelle Veranstaltungen. Das Dachgeschoss nutzt der Heimatverein Hoogstede-Arkel e.V. als Gesch\u00e4fts- und Ausstellungsraum.<\/p>\n<p>Wesentlich schutzbegr\u00fcndende Bedeutung:<\/p>\n<p>Kulturelles Erbe<\/p>\n<p>&nbsp;<\/p>\n<p>&nbsp;<\/p>\n<h4>Nachrichtlich:<\/h4>\n<p>In der Bestandsliste werden im Bereich des Coevorden-Piccardie-Kanals zwei Br\u00fccken und ein D\u00fcker gef\u00fchrt.<\/p>\n<p>Wesentlich schutzbegr\u00fcndende Bedeutung:<\/p>\n<p>Wirtschafts- und Technikgeschichte<\/p>\n","protected":false},"excerpt":{"rendered":"<p>Verzeichnis der Baudenkmale gem\u00e4\u00df \u00a7 3 NDSchG Ev.-ref. Kirche, Hauptstra\u00dfe 49 <\/p>\n<p>Rechteckiger Saalbau aus Sandsteinquadern mit Rundbogenfenster und Holzgew\u00f6lbe, 1821 erbaut. Ehemaliger Dachreiter bei Renovierung entfernt. Neubau Glockenturm 1986\/87, Anbau von 1951.<\/p>\n<p>Wesentlich schutzbegr\u00fcndende Bedeutung:<\/p>\n<p>Bau- und Kunstgeschichte<\/p>\n<p>&nbsp;<\/p>\n<p>&nbsp;<\/p>\n<p> Katholische Kirche (St. Bonifatius), Hauptstra\u00dfe 82 <\/p>\n<p>Ziegelbau im Rundbogenstil von 1859<\/p>\n<p>Wesentlich schutzbegr\u00fcndende Bedeutung:<\/p>\n<p>Bau- &hellip; <\/p>\n<p><a class=\"more-link btn\" href=\"https:\/\/www.hoogstede.de\/wp-gemeinde\/unsere-gemeinde\/baudenkmale\/\">Weiterlesen<\/a><\/p>\n","protected":false},"author":2,"featured_media":0,"parent":70,"menu_order":60,"comment_status":"closed","ping_status":"closed","template":"","meta":{"ngg_post_thumbnail":0,"footnotes":"","_links_to":"","_links_to_target":""},"class_list":["post-159","page","type-page","status-publish","hentry","nodate","item-wrap"],"_links":{"self":[{"href":"https:\/\/www.hoogstede.de\/wp-gemeinde\/wp-json\/wp\/v2\/pages\/159","targetHints":{"allow":["GET"]}}],"collection":[{"href":"https:\/\/www.hoogstede.de\/wp-gemeinde\/wp-json\/wp\/v2\/pages"}],"about":[{"href":"https:\/\/www.hoogstede.de\/wp-gemeinde\/wp-json\/wp\/v2\/types\/page"}],"author":[{"embeddable":true,"href":"https:\/\/www.hoogstede.de\/wp-gemeinde\/wp-json\/wp\/v2\/users\/2"}],"replies":[{"embeddable":true,"href":"https:\/\/www.hoogstede.de\/wp-gemeinde\/wp-json\/wp\/v2\/comments?post=159"}],"version-history":[{"count":2,"href":"https:\/\/www.hoogstede.de\/wp-gemeinde\/wp-json\/wp\/v2\/pages\/159\/revisions"}],"predecessor-version":[{"id":893,"href":"https:\/\/www.hoogstede.de\/wp-gemeinde\/wp-json\/wp\/v2\/pages\/159\/revisions\/893"}],"up":[{"embeddable":true,"href":"https:\/\/www.hoogstede.de\/wp-gemeinde\/wp-json\/wp\/v2\/pages\/70"}],"wp:attachment":[{"href":"https:\/\/www.hoogstede.de\/wp-gemeinde\/wp-json\/wp\/v2\/media?parent=159"}],"curies":[{"name":"wp","href":"https:\/\/api.w.org\/{rel}","templated":true}]}}