{"id":142,"date":"2013-05-08T22:21:28","date_gmt":"2013-05-08T20:21:28","guid":{"rendered":"http:\/\/localhost\/hoogstede\/?page_id=142"},"modified":"2022-02-01T14:49:10","modified_gmt":"2022-02-01T13:49:10","slug":"unterkunfte","status":"publish","type":"page","link":"https:\/\/www.hoogstede.de\/wp-gemeinde\/tourismus\/unterkunfte\/","title":{"rendered":"Unterk\u00fcnfte"},"content":{"rendered":"<h3>Weustehof Camping &amp; Pension<\/h3>\n<div id=\"attachment_2392\" style=\"width: 208px\" class=\"wp-caption alignleft\"><a href=\"http:\/\/www.hoogstede.de\/wp-gemeinde\/wp-content\/uploads\/2013\/05\/Weustehof.jpg\"><img loading=\"lazy\" decoding=\"async\" aria-describedby=\"caption-attachment-2392\" class=\" wp-image-2392\" src=\"http:\/\/www.hoogstede.de\/wp-gemeinde\/wp-content\/uploads\/2013\/05\/Weustehof-400x300.jpg\" alt=\"Weustehof an der Vechte in Hoogstede\" width=\"208\" height=\"156\" srcset=\"https:\/\/www.hoogstede.de\/wp-gemeinde\/wp-content\/uploads\/2013\/05\/Weustehof-400x300.jpg 400w, https:\/\/www.hoogstede.de\/wp-gemeinde\/wp-content\/uploads\/2013\/05\/Weustehof-800x600.jpg 800w, https:\/\/www.hoogstede.de\/wp-gemeinde\/wp-content\/uploads\/2013\/05\/Weustehof.jpg 1024w\" sizes=\"auto, (max-width: 208px) 100vw, 208px\" \/><\/a><p id=\"caption-attachment-2392\" class=\"wp-caption-text\">Weustehof an der Vechte in Hoogstede<\/p><\/div>\n<p>Sehr sch\u00f6ner und idyllisch gelegener Hof an der Vechte mit Campingplatz und Pension. Der Ortskern mit Verbrauchermarkt ist nur wenige Gehminuten entfernt. Zahlreiche Radrouten und eine Wanderstrecke f\u00fchren direkt am Hof vorbei. Ein Kanuanleger l\u00e4dt zu einer Kanufahrt ein.<\/p>\n<p>&nbsp;<\/p>\n<p>&nbsp;<\/p>\n<p><strong>Kontakt:<br \/><\/strong>Fam. Weuste<br \/>Bahnhofstrasse 27<br \/>49846 Hoogstede<br \/>Telefon: 05944 361<\/p>\n<h4>Interessante Links:<\/h4>\n<p><a title=\"Homepage Weustehof in Hoogstede\" href=\"http:\/\/www.weustehof.de\" target=\"_blank\" rel=\"noopener noreferrer\">Weustehof<\/a><\/p>\n<p><a title=\"Niedergrafschafter Kanuverleih\" href=\"http:\/\/www.niedergrafschafter-kanuverleih.de\" target=\"_blank\" rel=\"noopener noreferrer\">Niedergrafschafter Kanuverleih<\/a><\/p>\n<p><a title=\"Grafschafter Radtouren\" href=\"https:\/\/www.grafschaft-bentheim-tourismus.de\/radfahren-und-wandern\/radfahren\/fietsentour\" target=\"_blank\" rel=\"noopener noreferrer\">Grafschafter Fietsentouren<\/a> (mit Fiestenbus)<\/p>\n<hr \/>\n<h3>Voogd Fremdenzimmer<\/h3>\n<div id=\"attachment_2393\" style=\"width: 224px\" class=\"wp-caption alignright\"><a href=\"http:\/\/www.hoogstede.de\/wp-gemeinde\/wp-content\/uploads\/2013\/05\/Fremdenzimmer-Voogd.jpg\"><img loading=\"lazy\" decoding=\"async\" aria-describedby=\"caption-attachment-2393\" class=\"size-full wp-image-2393\" src=\"http:\/\/www.hoogstede.de\/wp-gemeinde\/wp-content\/uploads\/2013\/05\/Fremdenzimmer-Voogd.jpg\" alt=\"Fremdenzimmer Voogd Hoogstede- Kalle\" width=\"224\" height=\"96\"\/><\/a><p id=\"caption-attachment-2393\" class=\"wp-caption-text\">Fremdenzimmer Voogd Hoogstede- Kalle<\/p><\/div>\n<p><span class=\"xr_s3\"><span class=\"xr_tc\">Wenn Sie Ruhe auf dem Land suchen, und dem L\u00e4rm der Stadt<\/span> <span class=\"xr_tc\">entfliehen m\u00f6chten, dann sind Sie hier genau richtig !<\/span> <span class=\"xr_tc\">Die Fremdenzimmer sind l\u00e4ndlich gelegen und befinden sich in der<\/span> <span class=\"xr_tc\">Niedergrafschaft zwischen Emlichheim und Hoogstede.<\/span> <span class=\"xr_tc\">Die n\u00e4chst gr\u00f6\u00dfere Stadt hei\u00dft Nordhorn und ist ca. 25 km entfernt.<\/span> <span class=\"xr_tc\">F\u00fcr einen Ausflug ins Nachbarland Holland brauchen Sie mit dem Auto nicht l\u00e4nger als zehn Minuten.<\/span> <span class=\"xr_tc\">Die sieben Zimmer sind alle gem\u00fctlich eingerichtet und verf\u00fcgen \u00fcber TV -u. WLAN Anschluss.<\/span><\/span><\/p>\n<p><strong>Kontakt<\/strong>:<br \/><span style=\"font-size: revert;\">Helga u. Heinrich Voogd<br \/><\/span><span class=\"xr_s1\"><span class=\"xr_tc\">Erlenweg 5<\/span><br \/><span class=\"xr_tc\">49846 Hoogstede<\/span><br \/><span class=\"xr_tc\">Telefon: 05943-4191<\/span><br \/><a title=\"Fremdenzimmer Voogd in Hoogstede-Kalle\" href=\"http:\/\/www.fremdenzimmer-voogd.de\" target=\"_blank\" rel=\"noopener noreferrer\">Homepage<\/a><br \/><span class=\"xr_tc\"> <a href=\"mailto:voogd@t-online.de\">voogd@t-online.de<\/a><\/span> <\/span><\/p>\n<div><hr \/><\/div>\n<h3>Pension Meyerink<\/h3>\n<div>Brennerstege 7<br \/>49846 Hoogstede<\/div>\n<div>Telefon: 05944 9637<\/div>\n<div>&nbsp;<\/div>\n<div>&nbsp;<\/div>\n\n\n<h3>Ferienwohnung Rosenberger<\/h3>\n<p>Hauptstr. 66<br \/>49846 Hoogstede<br \/>Telefon: 05944 1287<\/p>\n<p><strong>Kontakt:<br \/><\/strong><a href=\"https:\/\/www.ferienwohnung-rosenberger.de\" target=\"_blank\" rel=\"noopener\">Homepage <\/a><br \/><a href=\"mailto:info@ferienwohnung-rosenberger.de\" target=\"_blank\" rel=\"noopener\">info@ferienwohnung-rosenberger.de<\/a><\/p>\n","protected":false},"excerpt":{"rendered":"<p>Weustehof Camping &amp; Pension <\/p>\n<p>Sehr sch\u00f6ner und idyllisch gelegener Hof an der Vechte mit Campingplatz und Pension. Der Ortskern mit Verbrauchermarkt ist nur wenige Gehminuten entfernt. Zahlreiche Radrouten und eine Wanderstrecke f\u00fchren direkt am Hof vorbei. Ein Kanuanleger l\u00e4dt zu einer Kanufahrt ein.<\/p>\n<p>&nbsp;<\/p>\n<p>&nbsp;<\/p>\n<p>Kontakt:Fam. WeusteBahnhofstrasse 2749846 HoogstedeTelefon: 05944 361<\/p>\n<p> Interessante Links: <\/p>\n<p>Weustehof<\/p>\n<p>Niedergrafschafter &hellip; <\/p>\n<p><a class=\"more-link btn\" href=\"https:\/\/www.hoogstede.de\/wp-gemeinde\/tourismus\/unterkunfte\/\">Weiterlesen<\/a><\/p>\n","protected":false},"author":2,"featured_media":0,"parent":80,"menu_order":10,"comment_status":"closed","ping_status":"closed","template":"","meta":{"ngg_post_thumbnail":0,"footnotes":"","_links_to":"","_links_to_target":""},"class_list":["post-142","page","type-page","status-publish","hentry","nodate","item-wrap"],"_links":{"self":[{"href":"https:\/\/www.hoogstede.de\/wp-gemeinde\/wp-json\/wp\/v2\/pages\/142","targetHints":{"allow":["GET"]}}],"collection":[{"href":"https:\/\/www.hoogstede.de\/wp-gemeinde\/wp-json\/wp\/v2\/pages"}],"about":[{"href":"https:\/\/www.hoogstede.de\/wp-gemeinde\/wp-json\/wp\/v2\/types\/page"}],"author":[{"embeddable":true,"href":"https:\/\/www.hoogstede.de\/wp-gemeinde\/wp-json\/wp\/v2\/users\/2"}],"replies":[{"embeddable":true,"href":"https:\/\/www.hoogstede.de\/wp-gemeinde\/wp-json\/wp\/v2\/comments?post=142"}],"version-history":[{"count":15,"href":"https:\/\/www.hoogstede.de\/wp-gemeinde\/wp-json\/wp\/v2\/pages\/142\/revisions"}],"predecessor-version":[{"id":7815,"href":"https:\/\/www.hoogstede.de\/wp-gemeinde\/wp-json\/wp\/v2\/pages\/142\/revisions\/7815"}],"up":[{"embeddable":true,"href":"https:\/\/www.hoogstede.de\/wp-gemeinde\/wp-json\/wp\/v2\/pages\/80"}],"wp:attachment":[{"href":"https:\/\/www.hoogstede.de\/wp-gemeinde\/wp-json\/wp\/v2\/media?parent=142"}],"curies":[{"name":"wp","href":"https:\/\/api.w.org\/{rel}","templated":true}]}}