{"id":139,"date":"2013-05-08T22:19:10","date_gmt":"2013-05-08T20:19:10","guid":{"rendered":"http:\/\/localhost\/hoogstede\/?page_id=137"},"modified":"2015-04-06T18:02:08","modified_gmt":"2015-04-06T16:02:08","slug":"weiterfuhrende-schulen","status":"publish","type":"page","link":"https:\/\/www.hoogstede.de\/wp-gemeinde\/bildung\/weiterfuhrende-schulen\/","title":{"rendered":"Weiterf\u00fchrende Schulen"},"content":{"rendered":"<h3>Adressen<\/h3>\n<p>Die Kinder des 1. bis 4. Schuljahres werden in der <a title=\"Homepage Grundschule Hoogstede\" href=\"http:\/\/www.gs-hoogstede.de\" target=\"_blank\">Grundschule Hoogstede<\/a> unterrichtet. Danach wechseln die Sch\u00fclerinnen und Sch\u00fcler zu den weiterf\u00fchrenden Schulen in Emlichheim. Dort befinden sich die\u00a0 Hauptschule, Realschule und das Gymnasium.<\/p>\n<hr \/>\n<div id=\"attachment_918\" style=\"width: 160px\" class=\"wp-caption alignleft\"><a href=\"http:\/\/www.hoogstede.de\/wp-gemeinde\/wp-content\/uploads\/2013\/05\/Hauptschule-Emlichheim.jpeg\"><img loading=\"lazy\" decoding=\"async\" aria-describedby=\"caption-attachment-918\" class=\"size-full wp-image-918\" src=\"http:\/\/www.hoogstede.de\/wp-gemeinde\/wp-content\/uploads\/2013\/05\/Hauptschule-Emlichheim.jpeg\" alt=\"Hauptschule Emlichheim\" width=\"160\" height=\"120\" \/><\/a><p id=\"caption-attachment-918\" class=\"wp-caption-text\">Hauptschule Emlichheim<\/p><\/div>\n<h4>Hauptschule Emlichheim<\/h4>\n<p>L\u00e4gen Diek 10<br \/>\n49824 Emlichheim<\/p>\n<p>Tel.: 05943\/933351<br \/>\nFax: 05943\/933372<br \/>\n<a title=\"Hauptschule Emlichheim\" href=\"http:\/\/www.hauptschule-emlichheim.de\/\" target=\"_blank\">www.hauptschule-emlichheim.de\/<br \/>\n<\/a><a title=\"Mail an Hauptschule\" href=\"mailto:HS_Emlichheim@t-online.de\" target=\"_blank\">HS_Emlichheim@t-online.de<\/a><\/p>\n<p>&nbsp;<\/p>\n<hr \/>\n<p>&nbsp;<\/p>\n<div id=\"attachment_919\" style=\"width: 160px\" class=\"wp-caption alignleft\"><a href=\"http:\/\/www.hoogstede.de\/wp-gemeinde\/wp-content\/uploads\/2013\/05\/Realschule-Emlichheim.jpeg\"><img loading=\"lazy\" decoding=\"async\" aria-describedby=\"caption-attachment-919\" class=\"size-full wp-image-919\" src=\"http:\/\/www.hoogstede.de\/wp-gemeinde\/wp-content\/uploads\/2013\/05\/Realschule-Emlichheim.jpeg\" alt=\"Realschule Emlichheim\" width=\"160\" height=\"120\" \/><\/a><p id=\"caption-attachment-919\" class=\"wp-caption-text\">Realschule Emlichheim<\/p><\/div>\n<h4>Edith-Stein-Realschule Emlichheim<\/h4>\n<p>L\u00e4gen Diek 18<br \/>\n49824 Emlichheim<\/p>\n<p>Tel.: 05943\/933348<br \/>\nFax: 05943\/933360<br \/>\n<a title=\"Realschule Emlichheim\" href=\"http:\/\/www.realschule-emlichheim.de\" target=\"_blank\">www.realschule-emlichheim.de<\/a><br \/>\n<a title=\"Mail an Realschule\" href=\"mailto:schulleitung@realschule-eml.nibis.de\" target=\"_blank\">schulleitung@realschule-eml.nibis.de<\/a><\/p>\n<p>&nbsp;<\/p>\n<hr \/>\n<div id=\"attachment_920\" style=\"width: 160px\" class=\"wp-caption alignleft\"><a href=\"http:\/\/www.hoogstede.de\/wp-gemeinde\/wp-content\/uploads\/2013\/05\/Gymnasium-Emlichheim.jpeg\"><img loading=\"lazy\" decoding=\"async\" aria-describedby=\"caption-attachment-920\" class=\"size-full wp-image-920\" src=\"http:\/\/www.hoogstede.de\/wp-gemeinde\/wp-content\/uploads\/2013\/05\/Gymnasium-Emlichheim.jpeg\" alt=\"Gymnasium Emlichheim\" width=\"160\" height=\"120\" \/><\/a><p id=\"caption-attachment-920\" class=\"wp-caption-text\">Gymnasium Emlichheim<\/p><\/div>\n<h4>Gymnasium an der Vechte<\/h4>\n<p>L\u00e4gen Diek 10<br \/>\n49824 Emlichheim<\/p>\n<p>Tel.: 05943\/933344<br \/>\nFax: 05943\/933374<br \/>\n<a title=\"Gymnasium Emlichheim\" href=\"http:\/\/www.gymnasium-an-der-vechte.de\" target=\"_blank\">www.gymnasium-an-der-vechte.de<\/a><a title=\"Mail an Gymnasium\" href=\"mailto:webmaster@gymnasium-emlichheim.de\" target=\"_blank\">webmaster@gymnasium-emlichheim.de<\/a><\/p>\n","protected":false},"excerpt":{"rendered":"<p>Adressen <\/p>\n<p>Die Kinder des 1. bis 4. Schuljahres werden in der Grundschule Hoogstede unterrichtet. Danach wechseln die Sch\u00fclerinnen und Sch\u00fcler zu den weiterf\u00fchrenden Schulen in Emlichheim. Dort befinden sich die\u00a0 Hauptschule, Realschule und das Gymnasium.<\/p>\n<p> Hauptschule Emlichheim <\/p>\n<p>L\u00e4gen Diek 10 49824 Emlichheim<\/p>\n<p>Tel.: 05943\/933351 Fax: 05943\/933372 www.hauptschule-emlichheim.de\/ HS_Emlichheim@t-online.de<\/p>\n<p>&nbsp;<\/p>\n<p>&nbsp;<\/p>\n<p> Edith-Stein-Realschule Emlichheim <\/p>\n<p>L\u00e4gen Diek 18 &hellip; <\/p>\n<p><a class=\"more-link btn\" href=\"https:\/\/www.hoogstede.de\/wp-gemeinde\/bildung\/weiterfuhrende-schulen\/\">Weiterlesen<\/a><\/p>\n","protected":false},"author":2,"featured_media":0,"parent":79,"menu_order":30,"comment_status":"closed","ping_status":"closed","template":"","meta":{"ngg_post_thumbnail":0,"footnotes":"","_links_to":"","_links_to_target":""},"class_list":["post-139","page","type-page","status-publish","hentry","nodate","item-wrap"],"_links":{"self":[{"href":"https:\/\/www.hoogstede.de\/wp-gemeinde\/wp-json\/wp\/v2\/pages\/139","targetHints":{"allow":["GET"]}}],"collection":[{"href":"https:\/\/www.hoogstede.de\/wp-gemeinde\/wp-json\/wp\/v2\/pages"}],"about":[{"href":"https:\/\/www.hoogstede.de\/wp-gemeinde\/wp-json\/wp\/v2\/types\/page"}],"author":[{"embeddable":true,"href":"https:\/\/www.hoogstede.de\/wp-gemeinde\/wp-json\/wp\/v2\/users\/2"}],"replies":[{"embeddable":true,"href":"https:\/\/www.hoogstede.de\/wp-gemeinde\/wp-json\/wp\/v2\/comments?post=139"}],"version-history":[{"count":2,"href":"https:\/\/www.hoogstede.de\/wp-gemeinde\/wp-json\/wp\/v2\/pages\/139\/revisions"}],"predecessor-version":[{"id":921,"href":"https:\/\/www.hoogstede.de\/wp-gemeinde\/wp-json\/wp\/v2\/pages\/139\/revisions\/921"}],"up":[{"embeddable":true,"href":"https:\/\/www.hoogstede.de\/wp-gemeinde\/wp-json\/wp\/v2\/pages\/79"}],"wp:attachment":[{"href":"https:\/\/www.hoogstede.de\/wp-gemeinde\/wp-json\/wp\/v2\/media?parent=139"}],"curies":[{"name":"wp","href":"https:\/\/api.w.org\/{rel}","templated":true}]}}