{"id":138,"date":"2013-05-08T22:18:49","date_gmt":"2013-05-08T20:18:49","guid":{"rendered":"http:\/\/localhost\/hoogstede\/?page_id=136"},"modified":"2021-11-15T11:42:27","modified_gmt":"2021-11-15T10:42:27","slug":"grundschule","status":"publish","type":"page","link":"https:\/\/www.hoogstede.de\/wp-gemeinde\/bildung\/grundschule\/","title":{"rendered":"Grundschule"},"content":{"rendered":"<h3 style=\"text-align: left;\">Verl\u00e4ssliche Grundschule und Offene Ganztagsschule in Hoogstede<\/h3>\n<div id=\"attachment_924\" style=\"width: 301px\" class=\"wp-caption alignleft\"><a href=\"http:\/\/www.hoogstede.de\/wp-gemeinde\/wp-content\/uploads\/2013\/05\/Schule-Eingang-Pausenhalle-Lehrerzimmer.jpg\"><img loading=\"lazy\" decoding=\"async\" aria-describedby=\"caption-attachment-924\" class=\"wp-image-924\" src=\"http:\/\/www.hoogstede.de\/wp-gemeinde\/wp-content\/uploads\/2013\/05\/Schule-Eingang-Pausenhalle-Lehrerzimmer-400x266.jpg\" alt=\"Grundschule Hoogstede\" width=\"301\" height=\"200\" srcset=\"https:\/\/www.hoogstede.de\/wp-gemeinde\/wp-content\/uploads\/2013\/05\/Schule-Eingang-Pausenhalle-Lehrerzimmer-400x266.jpg 400w, https:\/\/www.hoogstede.de\/wp-gemeinde\/wp-content\/uploads\/2013\/05\/Schule-Eingang-Pausenhalle-Lehrerzimmer.jpg 600w\" sizes=\"auto, (max-width: 301px) 100vw, 301px\" \/><\/a><p id=\"caption-attachment-924\" class=\"wp-caption-text\">Eingang Pausenhalle-Lehrerzimmer<\/p><\/div>\n<p><span class=\"xr_tl Normaler_Text\">Die Stundenpl\u00e4ne f\u00fcr die Sch\u00fcler im Vormit<\/span><span class=\"xr_tl Normaler_Text\">tags-bereich sind verl\u00e4sslich, auch bei einem <\/span> <span class=\"xr_tl Normaler_Text\">kurzfristigen Ausfall einer Lehrperson; in die<\/span><span class=\"xr_tl Normaler_Text\">sem Falle setzen wir unsere P\u00e4dagogischen <\/span> <span class=\"xr_tl Normaler_Text\">Mitarbeiterinnen <\/span><span class=\"xr_tl Normaler_Text\">als \u201eVertretungslehrkr\u00e4fte\u201c ein.<\/span><\/p>\n<p><span class=\"xr_tl Normaler_Text\">In den Klassen 1 und 2 bieten wir t\u00e4glich <\/span> <span class=\"xr_tl Normaler_Text\">\u00fcber die Unterrichtszeit hinaus bis um <\/span> <span class=\"xr_tl Normaler_Text\">12.40 Uhr eine Betreuung, um f\u00fcr die Sch\u00fcler <\/span> <span class=\"xr_tl Normaler_Text\">und Eltern eine Kontinuit\u00e4t von 5 Unterrichts<\/span><span class=\"xr_tl Normaler_Text\">stunden zu gew\u00e4hrleisten. F\u00fcr die Klassen 3 und 4 ist im Rahmen der <\/span> <span class=\"xr_tl Normaler_Text\">verbindlichen Unterrichtszeit t\u00e4glich der Zeit<\/span><span class=\"xr_tl Normaler_Text\">rahmen von 7.50 Uhr \u2013 12.40 Uhr&nbsp; gesichert.<\/span><\/p>\n<p>&nbsp;<\/p>\n<p><span class=\"xr_tl xr_s0\">Ab 12.40 Uhr k\u00f6nnen die Sch\u00fcler an den <\/span> <span class=\"xr_tl xr_s0\">Angeboten der \u201eOffenen Ganztagsschule\u201c <\/span> <span class=\"xr_tl xr_s0\">teilnehmen. Diese beinhaltet das Mittag<\/span><span class=\"xr_tl xr_s0\">essen, die Hausaufgabenbetreuung und <\/span> <span class=\"xr_tl xr_s0\">Arbeitsgemeinschaften. (Quelle: Homepage der <a title=\"Homepage Grundschule Hoogstede\" href=\"http:\/\/www.gshoogstede.de\" target=\"_blank\" rel=\"noopener noreferrer\">Grundschule Hoogstede<\/a>)<br \/>\n<\/span><\/p>\n<p>&nbsp;<\/p>\n<div id=\"attachment_925\" style=\"width: 300px\" class=\"wp-caption alignleft\"><a href=\"http:\/\/www.hoogstede.de\/wp-gemeinde\/wp-content\/uploads\/2013\/05\/Altes-Schulhaus-Ansicht-Schulhof.jpg\"><img loading=\"lazy\" decoding=\"async\" aria-describedby=\"caption-attachment-925\" class=\"wp-image-925\" src=\"http:\/\/www.hoogstede.de\/wp-gemeinde\/wp-content\/uploads\/2013\/05\/Altes-Schulhaus-Ansicht-Schulhof-400x268.jpg\" alt=\"Schulhof und &quot;Altes Schulhaus&quot;\" width=\"300\" height=\"201\" srcset=\"https:\/\/www.hoogstede.de\/wp-gemeinde\/wp-content\/uploads\/2013\/05\/Altes-Schulhaus-Ansicht-Schulhof-400x268.jpg 400w, https:\/\/www.hoogstede.de\/wp-gemeinde\/wp-content\/uploads\/2013\/05\/Altes-Schulhaus-Ansicht-Schulhof.jpg 600w\" sizes=\"auto, (max-width: 300px) 100vw, 300px\" \/><\/a><p id=\"caption-attachment-925\" class=\"wp-caption-text\">Schulhof und &#8220;Altes Schulhaus&#8221; &nbsp;(Sitz Gemeinde Hoogstede)<\/p><\/div>\n<p><span class=\"xr_tl Normaler_Text\">F\u00fcr den Sportunterricht steht eine gro\u00dfe<\/span> <span class=\"xr_tl Normaler_Text\">Sporthalle und ein Sportplatz zur Verf\u00fcgung.<\/span><\/p>\n<p><span class=\"xr_tl Normaler_Text\">Schulhof und Spielplatz bieten den Kindern viel Platz zum Spielen in den Pausen.<\/span> <span class=\"xr_tl Normaler_Text\">In unserer Aula finden vielf\u00e4ltige Gemeinschaftsveranstaltungen statt.<\/span><\/p>\n<p>&nbsp;<\/p>\n<p>&nbsp;<\/p>\n<p>&nbsp;<\/p>\n<p>&nbsp;<\/p>\n<p>&nbsp;<\/p>\n<h4>&nbsp;<\/h4>\n<div id=\"attachment_926\" style=\"width: 400px\" class=\"wp-caption alignleft\"><a href=\"http:\/\/www.hoogstede.de\/wp-gemeinde\/wp-content\/uploads\/2013\/05\/Lehrerzimmer-Pausenhalle.jpg\"><img loading=\"lazy\" decoding=\"async\" aria-describedby=\"caption-attachment-926\" class=\"size-medium wp-image-926\" src=\"http:\/\/www.hoogstede.de\/wp-gemeinde\/wp-content\/uploads\/2013\/05\/Lehrerzimmer-Pausenhalle-400x182.jpg\" alt=\"Lehrerzimmer-Pausenhalle\" width=\"400\" height=\"182\" srcset=\"https:\/\/www.hoogstede.de\/wp-gemeinde\/wp-content\/uploads\/2013\/05\/Lehrerzimmer-Pausenhalle-400x182.jpg 400w, https:\/\/www.hoogstede.de\/wp-gemeinde\/wp-content\/uploads\/2013\/05\/Lehrerzimmer-Pausenhalle.jpg 600w\" sizes=\"auto, (max-width: 400px) 100vw, 400px\" \/><\/a><p id=\"caption-attachment-926\" class=\"wp-caption-text\">Lehrerzimmer-Pausenhalle (Ansicht Sportgel\u00e4nde)<\/p><\/div>\n<h4>Kontaktdaten:<\/h4>\n<p>Grundschule Hoogstede<br \/>\nBathorner Diek 10<br \/>\n49846 Hoogstede<\/p>\n<p>Telefon: 05944 995770<br \/>\nTelefax: 05944 995779<br \/>\n<a title=\"Homepage Grundschule Hoogstede\" href=\"http:\/\/www.gshoogstede.de\" target=\"_blank\" rel=\"noopener noreferrer\">www.gs-hoogstede.de<\/a><br \/>\n<a title=\"Mail an Grundschule Hoogstede\" href=\"mailto:gs.hoogstede@ewetel.net\" target=\"_blank\" rel=\"noopener noreferrer\">gs-hoogstede@ewetel.net<\/a><\/p>\n<h5>Schulleiterin: Herr Markus J\u00e4ger<\/h5>\n<p>&nbsp;<\/p>\n<p><span class=\"xr_tl xr_s18\"><span class=\"xr_s10\">Das B\u00fcro ist zu folgenden Zeiten mit Frau Kloss besetzt:<\/span><\/span><\/p>\n<p><span class=\"xr_tl xr_s18\"><span class=\"xr_s10\">Dienstags von 8.00 Uhr bis 12.00 Uhr<\/span><\/span> und Donnerstags<span class=\"xr_tl xr_s10\"> von 8.00 Uhr bis 11.30 Uhr<\/span><\/p>\n","protected":false},"excerpt":{"rendered":"<p>Verl\u00e4ssliche Grundschule und Offene Ganztagsschule in Hoogstede <\/p>\n<p>Die Stundenpl\u00e4ne f\u00fcr die Sch\u00fcler im Vormittags-bereich sind verl\u00e4sslich, auch bei einem kurzfristigen Ausfall einer Lehrperson; in diesem Falle setzen wir unsere P\u00e4dagogischen Mitarbeiterinnen als \u201eVertretungslehrkr\u00e4fte\u201c ein.<\/p>\n<p>In den Klassen 1 und 2 bieten wir t\u00e4glich \u00fcber die Unterrichtszeit hinaus bis um 12.40 Uhr eine Betreuung, um f\u00fcr &hellip; <\/p>\n<p><a class=\"more-link btn\" href=\"https:\/\/www.hoogstede.de\/wp-gemeinde\/bildung\/grundschule\/\">Weiterlesen<\/a><\/p>\n","protected":false},"author":2,"featured_media":0,"parent":79,"menu_order":20,"comment_status":"closed","ping_status":"closed","template":"","meta":{"ngg_post_thumbnail":0,"footnotes":"","_links_to":"","_links_to_target":""},"class_list":["post-138","page","type-page","status-publish","hentry","nodate","item-wrap"],"_links":{"self":[{"href":"https:\/\/www.hoogstede.de\/wp-gemeinde\/wp-json\/wp\/v2\/pages\/138","targetHints":{"allow":["GET"]}}],"collection":[{"href":"https:\/\/www.hoogstede.de\/wp-gemeinde\/wp-json\/wp\/v2\/pages"}],"about":[{"href":"https:\/\/www.hoogstede.de\/wp-gemeinde\/wp-json\/wp\/v2\/types\/page"}],"author":[{"embeddable":true,"href":"https:\/\/www.hoogstede.de\/wp-gemeinde\/wp-json\/wp\/v2\/users\/2"}],"replies":[{"embeddable":true,"href":"https:\/\/www.hoogstede.de\/wp-gemeinde\/wp-json\/wp\/v2\/comments?post=138"}],"version-history":[{"count":17,"href":"https:\/\/www.hoogstede.de\/wp-gemeinde\/wp-json\/wp\/v2\/pages\/138\/revisions"}],"predecessor-version":[{"id":6690,"href":"https:\/\/www.hoogstede.de\/wp-gemeinde\/wp-json\/wp\/v2\/pages\/138\/revisions\/6690"}],"up":[{"embeddable":true,"href":"https:\/\/www.hoogstede.de\/wp-gemeinde\/wp-json\/wp\/v2\/pages\/79"}],"wp:attachment":[{"href":"https:\/\/www.hoogstede.de\/wp-gemeinde\/wp-json\/wp\/v2\/media?parent=138"}],"curies":[{"name":"wp","href":"https:\/\/api.w.org\/{rel}","templated":true}]}}