{"id":123,"date":"2013-05-08T22:13:28","date_gmt":"2013-05-08T20:13:28","guid":{"rendered":"http:\/\/localhost\/hoogstede\/?page_id=123"},"modified":"2022-01-25T11:19:00","modified_gmt":"2022-01-25T10:19:00","slug":"kirchen","status":"publish","type":"page","link":"https:\/\/www.hoogstede.de\/wp-gemeinde\/gemeinschaftsleben\/kirchen\/","title":{"rendered":"Kirchen"},"content":{"rendered":"<h3>Schnellauswahl<\/h3>\n<p><a href=\"#Evangelisch\">Ev.-ref. Kirche<\/a> I <a href=\"#Katholisch\">Katholische Kirche<\/a> I <a href=\"#Altreformiert\">Ev.-altreformierte Kirche<\/a> I <a href=\"#Lutherisch\">Lutherische Kirche<\/a><\/p>\n<h3><a id=\"Evangelisch\"><\/a>Ev.-reformierte Kirche<\/h3>\n<div id=\"attachment_890\" style=\"width: 300px\" class=\"wp-caption alignleft\"><a href=\"http:\/\/www.hoogstede.de\/wp-gemeinde\/wp-content\/uploads\/2013\/05\/reformierte-kirche.jpg\"><img loading=\"lazy\" decoding=\"async\" aria-describedby=\"caption-attachment-890\" class=\"wp-image-890\" src=\"http:\/\/www.hoogstede.de\/wp-gemeinde\/wp-content\/uploads\/2013\/05\/reformierte-kirche-400x266.jpg\" alt=\"Reformierte Kirche Hoogstede\" width=\"300\" height=\"200\"\/><\/a><p id=\"caption-attachment-890\" class=\"wp-caption-text\">Reformierte Kirche Hoogstede<\/p><\/div>\n<p>Bis 5.12.1819 in Arkel, danach Umsiedlung nach Hoogstede (1821). 1951 wurde eine Erweiterung vorgenommen.<\/p>\n<p><span style=\"text-decoration: underline;\"><strong>Zahl der Sitzpl\u00e4tze:<\/strong><\/span> 410<\/p>\n<p><span style=\"text-decoration: underline;\"><strong>Gemeindeglieder:<\/strong><\/span> 1.800<\/p>\n<p><span style=\"text-decoration: underline;\"><strong>Bau Gemeindehaus:<\/strong><\/span> 1968<\/p>\n<p>Neugestaltung Kirchenvorplatz: 2010<br \/>\nFriedhof: 1 ha im Gebrauch und 1 ha Vorsorgefl\u00e4che<br \/>\nGruppen\/Kreise: Kinder- und Jugendgruppen; Ch\u00f6re und Singkreise; Senioren- und Tonbandkreis;<br \/>\nJugendgottesdienst \u201ePunkt 19\u201c; Gemeinsamer Frauenkreis mit den anderen Kirchengemeinden<\/p>\n<p><span style=\"text-decoration: underline;\"><strong>Soziales Engagement:<\/strong><\/span> Hilfsprojekte auf Ebene des Frauenhandarbeitskreises und durch Gemeinde-sammlungen<\/p>\n<p><a title=\"Homepage Ev.-ref. Kirchegemeinde Hoogstede\" href=\"http:\/\/www.hoogstede.reformiert.de\" target=\"_blank\" rel=\"noopener\">Homepage<\/a>&nbsp;&nbsp;&nbsp;&nbsp;&nbsp;&nbsp;&nbsp;&nbsp;&nbsp;&nbsp;&nbsp;&nbsp;&nbsp;&nbsp;&nbsp;&nbsp;&nbsp;&nbsp;&nbsp;&nbsp;&nbsp;&nbsp;&nbsp;&nbsp;&nbsp;&nbsp;&nbsp;&nbsp;&nbsp;&nbsp;&nbsp;&nbsp;&nbsp;&nbsp;&nbsp;&nbsp; <a href=\"#top\">nach oben<\/a><\/p>\n<hr \/>\n<h3><a id=\"Katholisch\"><\/a>Katholische Kirche<\/h3>\n<div id=\"attachment_891\" style=\"width: 300px\" class=\"wp-caption alignleft\"><a href=\"http:\/\/www.hoogstede.de\/wp-gemeinde\/wp-content\/uploads\/2013\/05\/Katholische-Kirche.jpg\"><img loading=\"lazy\" decoding=\"async\" aria-describedby=\"caption-attachment-891\" class=\"wp-image-891\" src=\"http:\/\/www.hoogstede.de\/wp-gemeinde\/wp-content\/uploads\/2013\/05\/Katholische-Kirche-400x266.jpg\" alt=\"Katholische Kirche Hoogstede\" width=\"300\" height=\"200\"\/><\/a><p id=\"caption-attachment-891\" class=\"wp-caption-text\">Katholische Kirche Hoogstede<\/p><\/div>\n<p><span style=\"text-decoration: underline;\"><strong>Bau:<\/strong><\/span> 1859 &#8211; mit Schule und Pfarrhaus<\/p>\n<p><span style=\"text-decoration: underline;\"><strong>Zahl der Sitzpl\u00e4tze:<\/strong><\/span> 150<\/p>\n<p><span style=\"text-decoration: underline;\"><strong>Gemeindeglieder:<\/strong><\/span> 526<\/p>\n<p><span style=\"text-decoration: underline;\"><strong>Bau Pastorenhaus:<\/strong> <\/span>1935<\/p>\n<p><span style=\"text-decoration: underline;\"><strong>Bau Gemeindehaus:<\/strong><\/span> 1964<\/p>\n<p><span style=\"text-decoration: underline;\"><strong>Friedhof:<\/strong><\/span> Gr\u00f6\u00dfe ca. 0,75 ha<\/p>\n<p><span style=\"text-decoration: underline;\"><strong>Gruppen\/Kreise:<\/strong> <\/span><\/p>\n<p>Kinder- und Jugendgruppen; KFD Katholische Frauen (50-j\u00e4hriges Bestehen in 2008);<br \/>\nKath. Arbeiterbewegung (KAB); Tanzgruppe f\u00fcr alle Konfessionen; Skatgruppe; Kinderkirche \u201eBonikids\u201c<\/p>\n<p><span style=\"text-decoration: underline;\"><strong>Aktivit\u00e4ten:<\/strong> <\/span>Jugendzeltlager; Seniorenfahrten; \u00f6ffentliche Pfarrkirmes (alle 2 Jahre)<\/p>\n<p>Es wird ein aktives Gemeindeleben gef\u00fchrt. Es existiert ein Gemeindeverbund mit Emlichheim, Laar und Neuenhaus. Im Jahr 2009 feierte die Kirchengemeinde ihr 150-j\u00e4hriges Jubil\u00e4um.<\/p>\n<p><a title=\"Homepgae katholische Kirche Hoogstede\" href=\"https:\/\/www.kath-niedergrafschaft.de\/standorte\/hoogstede\/\" target=\"_blank\" rel=\"noopener\">Homepage<\/a>&nbsp;&nbsp;&nbsp;&nbsp;&nbsp;&nbsp;&nbsp;&nbsp;&nbsp;&nbsp;&nbsp;&nbsp;&nbsp;&nbsp;&nbsp;&nbsp;&nbsp;&nbsp;&nbsp;&nbsp;&nbsp;&nbsp;&nbsp;&nbsp;&nbsp;&nbsp;&nbsp;&nbsp;&nbsp;&nbsp;&nbsp;&nbsp;&nbsp;&nbsp;&nbsp;&nbsp;&nbsp;&nbsp;&nbsp;&nbsp;&nbsp;&nbsp;&nbsp;&nbsp;&nbsp;&nbsp;&nbsp;&nbsp;&nbsp;&nbsp;&nbsp;&nbsp;&nbsp;&nbsp;&nbsp;&nbsp;&nbsp;&nbsp;&nbsp;&nbsp;&nbsp;&nbsp;&nbsp;&nbsp;&nbsp;&nbsp;&nbsp;&nbsp;&nbsp;&nbsp;&nbsp;&nbsp;&nbsp;&nbsp;&nbsp;&nbsp;&nbsp;&nbsp;&nbsp;&nbsp;&nbsp;&nbsp; <a href=\"#top\">nach oben<\/a><\/p>\n<hr \/>\n<h3>&nbsp;<a id=\"Altreformiert\"><\/a>Altreformierte Kirche<\/h3>\n<div id=\"attachment_892\" style=\"width: 300px\" class=\"wp-caption alignleft\"><a href=\"http:\/\/www.hoogstede.de\/wp-gemeinde\/wp-content\/uploads\/2013\/05\/altreformierte-Kirche.jpg\"><img loading=\"lazy\" decoding=\"async\" aria-describedby=\"caption-attachment-892\" class=\"wp-image-892\" src=\"http:\/\/www.hoogstede.de\/wp-gemeinde\/wp-content\/uploads\/2013\/05\/altreformierte-Kirche-400x266.jpg\" alt=\"Altreformierte Kirche Hoogstede\" width=\"300\" height=\"200\"\/><\/a><p id=\"caption-attachment-892\" class=\"wp-caption-text\">Altreformierte Kirche Hoogstede<\/p><\/div>\n<p><span style=\"text-decoration: underline;\"><strong>Baubeginn:<\/strong><\/span> 1951 &#8211; am 1.5.1953 eingeweiht<br \/>\n1971 &#8211; Neubau Pastorenhaus (umfassende Renovierung im Jahr 2009 durch ehrenamtliche Helfer)<br \/>\n1978 &#8211; Neubau Gemeindehaus<\/p>\n<p><span style=\"text-decoration: underline;\"><strong>Zahl der Sitzpl\u00e4tze:<\/strong><\/span> 262<\/p>\n<p><span style=\"text-decoration: underline;\"><strong>Gemeindeglieder:<\/strong><\/span> 380 (ca. 20% wohnen in Ringe)<\/p>\n<p><span style=\"text-decoration: underline;\"><strong>Gruppen\/Kreise:<\/strong><\/span><\/p>\n<p>Kinder- und Jugendgruppen; \u201eYoung Generation\u201c (25-30 Jahre); 40 Plus; Hoogsteder Gruppe (Gefangenenbetreuung in Gro\u00df Hesepe); Frauenkreis; Singkreis; Afrika-, Bangladesch- und Ungarnkreis; Handarbeits- und Bastelkreis; Katechismuskreis; Offener Frauentreff; Gemeinsamer Frauenkreis mit den anderen Kirchengemeinden<\/p>\n<p><a title=\"Homepage Ev.-altreformierte Kirche Hoogstede\" href=\"http:\/\/www.altreformiert-hoogstede.de\/\" target=\"_blank\" rel=\"noopener\">www.altreformiert-hoogstede.de\/<\/a>&nbsp;&nbsp;&nbsp;&nbsp;&nbsp;&nbsp;&nbsp;&nbsp;&nbsp;&nbsp;&nbsp;&nbsp;&nbsp;&nbsp;&nbsp;&nbsp;&nbsp;&nbsp;&nbsp;&nbsp;&nbsp;&nbsp;&nbsp;&nbsp;&nbsp;&nbsp;&nbsp;&nbsp;&nbsp;&nbsp;&nbsp;&nbsp;&nbsp;&nbsp;&nbsp;&nbsp;&nbsp;&nbsp;&nbsp;&nbsp;&nbsp;&nbsp;&nbsp; <a href=\"#top\">nach oben<\/a><\/p>\n<hr \/>\n<h3>&nbsp;<a id=\"Lutherisch\"><\/a>Lutherische Kirche (Thomaskirche)<\/h3>\n<div id=\"attachment_2217\" style=\"width: 300px\" class=\"wp-caption alignleft\"><a href=\"http:\/\/www.hoogstede.de\/wp-gemeinde\/wp-content\/uploads\/2013\/05\/Lutherische-Kirche.jpg\"><img loading=\"lazy\" decoding=\"async\" aria-describedby=\"caption-attachment-2217\" class=\"wp-image-2217\" src=\"http:\/\/www.hoogstede.de\/wp-gemeinde\/wp-content\/uploads\/2013\/05\/Lutherische-Kirche-400x266.jpg\" alt=\"Lutherische Kirche Hoogstede\" width=\"300\" height=\"200\"\/><\/a><p id=\"caption-attachment-2217\" class=\"wp-caption-text\">Lutherische Kirche Hoogstede<\/p><\/div>\n<p><span style=\"text-decoration: underline;\"><strong>Gr\u00fcndung\/Bau:<\/strong><\/span> 1960\/61<\/p>\n<p><span style=\"text-decoration: underline;\"><strong>Zahl der Sitzpl\u00e4tze:<\/strong><\/span> 160-180<\/p>\n<p><span style=\"text-decoration: underline;\"><strong>Gemeindeglieder:<\/strong><\/span> 380<\/p>\n<p><span style=\"text-decoration: underline;\"><strong>Gruppen\/Kreise:<\/strong><\/span> Kinder- und Jugendgruppen; Frauen-, Senioren- und Geburtstagsbesuchskreis;<br \/>\nKirchenvorstand; Gemeinsamer Frauenkreis mit den anderen Kirchengemeinden<\/p>\n<p>Durch die neuen Baugebiete (Pferdekamp, Schwarzer Diek) wird die ehemalige Randlage immer mehr zur<br \/>\nzentralen Lage. F\u00fcr niederl\u00e4ndische Neub\u00fcrger werden regelm\u00e4\u00dfig Infoveranstaltungen angeboten.<\/p>\n<p>Es besteht ein Gemeindeverbund mit Emlichheim. Im Jahr 2011 feierten die Lutheraner ihr 50-j\u00e4hriges Bestehen.<\/p>\n<p><a title=\"Homepage Lutherische Kirche\" href=\"http:\/\/www.kk-emsland-bentheim.de\" target=\"_blank\" rel=\"noopener\">www.kk-emsland-bentheim.de<\/a>&nbsp;&nbsp;&nbsp;&nbsp;&nbsp;&nbsp;&nbsp;&nbsp;&nbsp;&nbsp;&nbsp;&nbsp;&nbsp;&nbsp;&nbsp;&nbsp;&nbsp;&nbsp;&nbsp;&nbsp;&nbsp;&nbsp;&nbsp;&nbsp;&nbsp;&nbsp;&nbsp;&nbsp;&nbsp;&nbsp;&nbsp;&nbsp;&nbsp;&nbsp;&nbsp;&nbsp;&nbsp;&nbsp;&nbsp;&nbsp;&nbsp;&nbsp;&nbsp;&nbsp;&nbsp;&nbsp; <a href=\"#top\">nach oben<\/a><\/p>\n","protected":false},"excerpt":{"rendered":"<p>Schnellauswahl <\/p>\n<p>Ev.-ref. Kirche I Katholische Kirche I Ev.-altreformierte Kirche I Lutherische Kirche<\/p>\n<p> Ev.-reformierte Kirche <\/p>\n<p>Bis 5.12.1819 in Arkel, danach Umsiedlung nach Hoogstede (1821). 1951 wurde eine Erweiterung vorgenommen.<\/p>\n<p>Zahl der Sitzpl\u00e4tze: 410<\/p>\n<p>Gemeindeglieder: 1.800<\/p>\n<p>Bau Gemeindehaus: 1968<\/p>\n<p>Neugestaltung Kirchenvorplatz: 2010 Friedhof: 1 ha im Gebrauch und 1 ha Vorsorgefl\u00e4che Gruppen\/Kreise: Kinder- und Jugendgruppen; Ch\u00f6re und &hellip; <\/p>\n<p><a class=\"more-link btn\" href=\"https:\/\/www.hoogstede.de\/wp-gemeinde\/gemeinschaftsleben\/kirchen\/\">Weiterlesen<\/a><\/p>\n","protected":false},"author":2,"featured_media":0,"parent":106,"menu_order":30,"comment_status":"closed","ping_status":"closed","template":"","meta":{"ngg_post_thumbnail":0,"footnotes":"","_links_to":"","_links_to_target":""},"class_list":["post-123","page","type-page","status-publish","hentry","nodate","item-wrap"],"_links":{"self":[{"href":"https:\/\/www.hoogstede.de\/wp-gemeinde\/wp-json\/wp\/v2\/pages\/123","targetHints":{"allow":["GET"]}}],"collection":[{"href":"https:\/\/www.hoogstede.de\/wp-gemeinde\/wp-json\/wp\/v2\/pages"}],"about":[{"href":"https:\/\/www.hoogstede.de\/wp-gemeinde\/wp-json\/wp\/v2\/types\/page"}],"author":[{"embeddable":true,"href":"https:\/\/www.hoogstede.de\/wp-gemeinde\/wp-json\/wp\/v2\/users\/2"}],"replies":[{"embeddable":true,"href":"https:\/\/www.hoogstede.de\/wp-gemeinde\/wp-json\/wp\/v2\/comments?post=123"}],"version-history":[{"count":6,"href":"https:\/\/www.hoogstede.de\/wp-gemeinde\/wp-json\/wp\/v2\/pages\/123\/revisions"}],"predecessor-version":[{"id":6773,"href":"https:\/\/www.hoogstede.de\/wp-gemeinde\/wp-json\/wp\/v2\/pages\/123\/revisions\/6773"}],"up":[{"embeddable":true,"href":"https:\/\/www.hoogstede.de\/wp-gemeinde\/wp-json\/wp\/v2\/pages\/106"}],"wp:attachment":[{"href":"https:\/\/www.hoogstede.de\/wp-gemeinde\/wp-json\/wp\/v2\/media?parent=123"}],"curies":[{"name":"wp","href":"https:\/\/api.w.org\/{rel}","templated":true}]}}