{"id":122,"date":"2013-05-08T22:13:13","date_gmt":"2013-05-08T20:13:13","guid":{"rendered":"http:\/\/localhost\/hoogstede\/?page_id=122"},"modified":"2024-03-27T11:55:56","modified_gmt":"2024-03-27T10:55:56","slug":"hilfsorganisationen","status":"publish","type":"page","link":"https:\/\/www.hoogstede.de\/wp-gemeinde\/gemeinschaftsleben\/hilfsorganisationen\/","title":{"rendered":"Hilfsorganisationen"},"content":{"rendered":"<h3>Freiwillige Feuerwehr Hoogstede<\/h3>\n<div id=\"attachment_2610\" style=\"width: 400px\" class=\"wp-caption alignleft\"><a href=\"http:\/\/www.hoogstede.de\/wp-gemeinde\/wp-content\/uploads\/2013\/05\/Feuerwehrhaus.jpg\"><img loading=\"lazy\" decoding=\"async\" aria-describedby=\"caption-attachment-2610\" class=\"wp-image-2610 size-medium\" src=\"http:\/\/www.hoogstede.de\/wp-gemeinde\/wp-content\/uploads\/2013\/05\/Feuerwehrhaus-400x207.jpg\" alt=\"Feuerwehrhaus Hoogstede\" width=\"400\" height=\"207\" srcset=\"https:\/\/www.hoogstede.de\/wp-gemeinde\/wp-content\/uploads\/2013\/05\/Feuerwehrhaus-400x207.jpg 400w, https:\/\/www.hoogstede.de\/wp-gemeinde\/wp-content\/uploads\/2013\/05\/Feuerwehrhaus.jpg 738w\" sizes=\"auto, (max-width: 400px) 100vw, 400px\" \/><\/a><p id=\"caption-attachment-2610\" class=\"wp-caption-text\">Feuerwehrhaus an der Bergstra\u00dfe<\/p><\/div>\n<p><span style=\"text-decoration: underline;\"><strong>Gegr\u00fcndet:<\/strong><\/span> 1902<\/p>\n<p><span style=\"text-decoration: underline;\"><strong>Mitglieder:<\/strong><\/span> 68 aktive Kameraden, davon eine Frau; 7 in der Alters- und Ehrenabteilung;<br \/>\n17 Aktive in der Jugendfeuerwehr&nbsp;<\/p>\n<p><span style=\"text-decoration: underline;\"><strong>Unterkunft:<\/strong><\/span> Bergstra\u00dfe 12, 49846 Hoogstede (umfassende Sanierung in 2014\/15)<\/p>\n<p><span style=\"text-decoration: underline;\"><strong>Schwerpunkt:<\/strong><\/span> Rettungsma\u00dfnahmen im Stra\u00dfenverkehr; Brandbek\u00e4mpfung<\/p>\n<p><span style=\"text-decoration: underline;\"><strong>Aktivit\u00e4ten:<\/strong> <\/span>J\u00e4hrlicher Knobelabend; Weihnachtsbaumsammelaktion durch Jugendfeuerwehr; Osterfeuer<\/p>\n<p><span style=\"text-decoration: underline;\"><strong>Postanschrift:<\/strong><\/span> Schwarzer Diek 45, 49846 Hoogstede (Henning Hesselink, Ortsbrandmeister)<\/p>\n<p><a href=\"http:\/\/www.feuerwehr-hoogstede.de\" target=\"_blank\" rel=\"noopener\">Homepage Feuerwehr Hoogstede<\/a><\/p>\n<hr \/>\n<h3>DRK Ortsgruppe Hoogstede<\/h3>\n<div id=\"attachment_2569\" style=\"width: 400px\" class=\"wp-caption alignleft\"><a href=\"http:\/\/www.hoogstede.de\/wp-gemeinde\/wp-content\/uploads\/2015\/05\/DRK-Vereinsheim.jpg\"><img loading=\"lazy\" decoding=\"async\" aria-describedby=\"caption-attachment-2569\" class=\"size-medium wp-image-2569\" src=\"http:\/\/www.hoogstede.de\/wp-gemeinde\/wp-content\/uploads\/2015\/05\/DRK-Vereinsheim-400x256.jpg\" alt=\"Das neue Vereinsheim des DRK-Ortsverbandes Hoogstede (Im Dorf 2)\" width=\"400\" height=\"256\" srcset=\"https:\/\/www.hoogstede.de\/wp-gemeinde\/wp-content\/uploads\/2015\/05\/DRK-Vereinsheim-400x256.jpg 400w, https:\/\/www.hoogstede.de\/wp-gemeinde\/wp-content\/uploads\/2015\/05\/DRK-Vereinsheim.jpg 800w\" sizes=\"auto, (max-width: 400px) 100vw, 400px\" \/><\/a><p id=\"caption-attachment-2569\" class=\"wp-caption-text\">Das neue Vereinsheim des DRK-Ortsverbandes Hoogstede (Im Dorf 2)<\/p><\/div>\n<p><span style=\"text-decoration: underline;\"><strong>Gegr\u00fcndet:<\/strong><\/span> 1964<\/p>\n<p><span style=\"text-decoration: underline;\"><strong>Mitglieder:<\/strong><\/span><br \/>\n33 Bereitschaftsmitglieder;<br \/>\n20 Jugendliche und ca.<br \/>\n150 F\u00f6rdermitglieder<\/p>\n<p><span style=\"text-decoration: underline;\"><strong>Unterkunft:<br \/>\n<\/strong><\/span>Im Dorf 2, 49846 Hoogstede (Neubau in 2014)<\/p>\n<p><span style=\"text-decoration: underline;\"><strong>Aufgaben:<\/strong><\/span><br \/>\nSp\u00fcr- und Messtrupps speziell f\u00fcr den Katastrophenschutz; Wasserrettungsgruppe; Sanit\u00e4tsdienste<br \/>\nbei Veranstaltungen; Blutspendedienste; Altkleidersammlungen; Durchf\u00fchrung einer j\u00e4hrlichen Altenfahrt; Bef\u00f6rderung, Begleitung und Betreuung der Behinderten und Senioren bei Veranstaltungen.<\/p>\n<p>Seit 2010 bietet das DRK in der ehemaligen Kaller Schule mehrfach j\u00e4hrlich Seniorennachmittage an.<\/p>\n<p><span style=\"text-decoration: underline;\"><strong>Postanschrift:<\/strong><\/span> Federgrasweg 26, 48531 Nordhorn (Matthias D\u00f6ring, 1. Vorsitzender)<\/p>\n<p><a title=\"Homepage DRK Grafschaft Bentheim - OV Hoogstede\" href=\"http:\/\/web.archive.org\/web\/20130126105138\/http:\/\/drk-grafschaft-bentheim.de:80\/angebote\/engagement\/bereitschaften\/hoogstede.html\" target=\"_blank\" rel=\"noopener\">Homepage Kreisverband<\/a><\/p>\n","protected":false},"excerpt":{"rendered":"<p>Freiwillige Feuerwehr Hoogstede <\/p>\n<p>Gegr\u00fcndet: 1902<\/p>\n<p>Mitglieder: 68 aktive Kameraden, davon eine Frau; 7 in der Alters- und Ehrenabteilung; 17 Aktive in der Jugendfeuerwehr&nbsp;<\/p>\n<p>Unterkunft: Bergstra\u00dfe 12, 49846 Hoogstede (umfassende Sanierung in 2014\/15)<\/p>\n<p>Schwerpunkt: Rettungsma\u00dfnahmen im Stra\u00dfenverkehr; Brandbek\u00e4mpfung<\/p>\n<p>Aktivit\u00e4ten: J\u00e4hrlicher Knobelabend; Weihnachtsbaumsammelaktion durch Jugendfeuerwehr; Osterfeuer<\/p>\n<p>Postanschrift: Schwarzer Diek 45, 49846 Hoogstede (Henning Hesselink, Ortsbrandmeister)<\/p>\n<p>Homepage Feuerwehr &hellip; <\/p>\n<p><a class=\"more-link btn\" href=\"https:\/\/www.hoogstede.de\/wp-gemeinde\/gemeinschaftsleben\/hilfsorganisationen\/\">Weiterlesen<\/a><\/p>\n","protected":false},"author":2,"featured_media":0,"parent":106,"menu_order":20,"comment_status":"closed","ping_status":"closed","template":"","meta":{"ngg_post_thumbnail":0,"footnotes":"","_links_to":"","_links_to_target":""},"class_list":["post-122","page","type-page","status-publish","hentry","nodate","item-wrap"],"_links":{"self":[{"href":"https:\/\/www.hoogstede.de\/wp-gemeinde\/wp-json\/wp\/v2\/pages\/122","targetHints":{"allow":["GET"]}}],"collection":[{"href":"https:\/\/www.hoogstede.de\/wp-gemeinde\/wp-json\/wp\/v2\/pages"}],"about":[{"href":"https:\/\/www.hoogstede.de\/wp-gemeinde\/wp-json\/wp\/v2\/types\/page"}],"author":[{"embeddable":true,"href":"https:\/\/www.hoogstede.de\/wp-gemeinde\/wp-json\/wp\/v2\/users\/2"}],"replies":[{"embeddable":true,"href":"https:\/\/www.hoogstede.de\/wp-gemeinde\/wp-json\/wp\/v2\/comments?post=122"}],"version-history":[{"count":16,"href":"https:\/\/www.hoogstede.de\/wp-gemeinde\/wp-json\/wp\/v2\/pages\/122\/revisions"}],"predecessor-version":[{"id":7743,"href":"https:\/\/www.hoogstede.de\/wp-gemeinde\/wp-json\/wp\/v2\/pages\/122\/revisions\/7743"}],"up":[{"embeddable":true,"href":"https:\/\/www.hoogstede.de\/wp-gemeinde\/wp-json\/wp\/v2\/pages\/106"}],"wp:attachment":[{"href":"https:\/\/www.hoogstede.de\/wp-gemeinde\/wp-json\/wp\/v2\/media?parent=122"}],"curies":[{"name":"wp","href":"https:\/\/api.w.org\/{rel}","templated":true}]}}