{"id":121,"date":"2013-05-08T22:12:54","date_gmt":"2013-05-08T20:12:54","guid":{"rendered":"http:\/\/localhost\/hoogstede\/?page_id=121"},"modified":"2024-02-06T18:58:09","modified_gmt":"2024-02-06T17:58:09","slug":"vereine","status":"publish","type":"page","link":"https:\/\/www.hoogstede.de\/wp-gemeinde\/gemeinschaftsleben\/vereine\/","title":{"rendered":"Vereine"},"content":{"rendered":"<h3>Schnellauswahl<\/h3>\n<p><a href=\"#HSV\">SV Hoogstede<\/a> | <a href=\"#Heimatverein\">Heimatverein<\/a> | <a href=\"#Landjugend\">Landjugend<\/a> | <a href=\"#Sch\u00fctzenverein\">Sch\u00fctzenverein<\/a> | <a href=\"#Edelwei\u00dfsch\u00fctzen\">Niedergrafschafter Edelwei\u00dfsch\u00fctzen<\/a> |<\/p>\n<p><a href=\"#FRG\">Hoogsteder Fahr- und Reitsportgemeinschaft<\/a> | <a href=\"#Jagdhornbl\u00e4ser\">Bl\u00e4sergruppe Hoogstede-Vechte-Aatal<\/a>&nbsp;| <a href=\"#Wotan\">MC Wotan<\/a> |<\/p>\n<p><a href=\"#Devilshead\">MC Devileshead<\/a> | <a href=\"#Brauchtum\">Brauchtum und Geselligkeit<\/a> | <a href=\"#Ldw-Ortsverein\">Landwirtschaftlicher Ortsverein<\/a> | <a href=\"#GACC\">Grafschafter Auto-Cross-Club<\/a><\/p>\n<h3>&nbsp;<\/h3>\n<h3><a id=\"HSV\"><\/a>Sportverein Hoogstede e.V<\/h3>\n<p><span style=\"text-decoration: underline;\"><strong>Gegr\u00fcndet:<\/strong><\/span> 1960<\/p>\n<p><span style=\"text-decoration: underline;\"><strong>Mitglieder:<\/strong> <\/span>ca. 1.400<\/p>\n<p><span style=\"text-decoration: underline;\"><strong>Abteilungen:<\/strong><\/span> Fu\u00dfball; Volleyball; Tischtennis; Tennis; Gymnastik; Nordic-Walking; Eltern-Kind-Turnen;<br \/>\nKinderturnen; Sport f\u00fcr Jedermann; Skat; Aerobic; V\u00f6lkerball; Rad-Wandern; Handball; Sie-und-Er 55plus, Tanzen,<br \/>\nBoule<\/p>\n<p><span style=\"text-decoration: underline;\"><strong>Sportst\u00e4tten:<\/strong><\/span> 3 Rasenpl\u00e4tze (Hauptplatz mit gro\u00dfer Trib\u00fcne); 3 Tennispl\u00e4tze mit Tennisheim;<br \/>\nehemalige Schulturnhalle; Zweifeld-Sporthalle; Beachvolleyballanlage, Bouleanlage<br \/>\nJugend- und Vereinsheimes<br \/>\nSeit \u00fcber 15 Jahren setzt sich der Jugendf\u00f6rderkreis f\u00fcr au\u00dfersportliche Projekte (Freizeiten, Fahrten,<br \/>\nFortbildung, etc.) f\u00fcr die Jugendlichen im Verein ein.<\/p>\n<p><span style=\"text-decoration: underline;\"><strong>Adresse:<\/strong><\/span> Bathorner Diek 10a, 49846 Hoogstede<\/p>\n<p><a title=\"Homepage SV Hoogstede\" href=\"http:\/\/www.sv-hoogstede.de\" target=\"_blank\" rel=\"noopener\">www.sv-hoogstede.de<\/a>&nbsp;&nbsp;&nbsp;&nbsp;&nbsp;&nbsp;&nbsp;&nbsp;&nbsp;&nbsp;&nbsp;&nbsp;&nbsp;&nbsp;&nbsp;&nbsp;&nbsp;&nbsp;&nbsp;&nbsp;&nbsp;&nbsp;&nbsp;&nbsp;&nbsp;&nbsp;&nbsp;&nbsp;&nbsp;&nbsp;&nbsp;&nbsp;&nbsp;&nbsp;&nbsp;&nbsp;&nbsp;&nbsp;&nbsp;&nbsp;&nbsp;&nbsp;&nbsp;&nbsp;&nbsp;&nbsp;&nbsp;&nbsp;&nbsp;&nbsp;&nbsp;&nbsp;&nbsp;&nbsp;&nbsp;&nbsp;&nbsp;&nbsp;&nbsp;&nbsp;&nbsp;&nbsp;&nbsp;&nbsp; <a href=\"#top\">nach oben<\/a><\/p>\n<hr \/>\n<h3><a id=\"Heimatverein\"><\/a>Heimatverein Hoogstede-Arkel e.V.<\/h3>\n<p><span style=\"text-decoration: underline;\"><strong>Gegr\u00fcndet<\/strong><\/span>: 30. M\u00e4rz 2005<\/p>\n<p><span style=\"text-decoration: underline;\"><strong>Mitglieder:<\/strong><\/span> 305, davon: Oldtimerclub: 29 &#8211; Middewinterhornbl\u00e4ser: 10 &#8211; Heimats\u00e4nger: 19<\/p>\n<p><span style=\"text-decoration: underline;\"><strong>Aufgaben:<\/strong><\/span> Pflege der plattdeutschen Sprache; Festhalten aktueller Geschehnisse; Singkreis \u201eHoogsteder Heimats\u00e4nger\u201c (erste CD in 2008 produziert); j\u00e4hrliche Mitorganisation der grenz\u00fcberschreitenden Radtour \u201eFietsen ohne Grenzen\u201c; \u201eStockfischessen\u201c; Installation historischer Weidetore und Aufstellung von Ruheb\u00e4nken in allen Ortsteilen und beiden Friedh\u00f6fen.<\/p>\n<p>Anl\u00e4sslich der \u201e800-Jahrfeier\u201c der Gemeinde Hoogstede im Jahr 2009 wurde eine fast 500 Seiten starke Chronik ver\u00f6ffentlicht. Auflage: 1.400 St\u00fcck (ausverkauft)<\/p>\n<p><span style=\"text-decoration: underline;\"><strong>Adresse:<\/strong><\/span> \u00d6lstr. 3, 49846 Hoogstede<\/p>\n<p><a title=\"Homepage Heimatverein Hoogstede-Arkel\" href=\"http:\/\/www.heimatverein-hoogstede-arkel.de\" target=\"_blank\" rel=\"noopener\">www.heimatverein-hoogstede-arkel.de<\/a>&nbsp;&nbsp;&nbsp;&nbsp;&nbsp;&nbsp;&nbsp;&nbsp;&nbsp;&nbsp;&nbsp;&nbsp;&nbsp;&nbsp;&nbsp;&nbsp;&nbsp;&nbsp;&nbsp;&nbsp;&nbsp;&nbsp;&nbsp;&nbsp;&nbsp;&nbsp;&nbsp;&nbsp;&nbsp;&nbsp;&nbsp;&nbsp;&nbsp;&nbsp;&nbsp; <a href=\"#top\">nach oben<\/a><\/p>\n<hr \/>\n<h3><a id=\"Landjugend\"><\/a>Landjugend Hoogstede<\/h3>\n<p><span style=\"text-decoration: underline;\"><strong>Gegr\u00fcndet:<\/strong><\/span> 1947<\/p>\n<p><span style=\"text-decoration: underline;\"><strong>Mitglieder:<\/strong><\/span> 130<\/p>\n<p><span style=\"text-decoration: underline;\"><strong>Vereinsheim:<\/strong><\/span> im Ortsteil Scheerhorn (ehemalige Gefrieranlage)<\/p>\n<p><span style=\"text-decoration: underline;\"><strong>Aktivit\u00e4ten:<\/strong><\/span> Laienspielschar, die regelm\u00e4\u00dfig plattdeutsche St\u00fccke im reformierten Gemeindehaus auff\u00fchrt. Zum<br \/>\nj\u00e4hrlichen Programm geh\u00f6ren das Scheunenfest und Siloplanenaktionen. Der Verein hat sich mehrfach in so genannten \u201e72-Stunden-Aktionen\u201c f\u00fcr gemeinn\u00fctzige Zwecke im Dorf eingesetzt. Weiterhin organisiert der Verein<br \/>\neine Malaktion im Rahmen des Ferienpasses sowie eine \u201eOstereier-Suchaktion\u201c f\u00fcr die Kinder des Dorfes.<\/p>\n<p><span style=\"text-decoration: underline;\"><strong>Adresse:<\/strong><\/span> Bathorner Weg 5, 49846 Hoogstede<\/p>\n<p>www.landjugend-hoogstede.de&nbsp;&nbsp;&nbsp;&nbsp;&nbsp;&nbsp;&nbsp;&nbsp;&nbsp;&nbsp;&nbsp;&nbsp;&nbsp;&nbsp;&nbsp;&nbsp;&nbsp;&nbsp;&nbsp;&nbsp;&nbsp;&nbsp;&nbsp;&nbsp;&nbsp;&nbsp;&nbsp;&nbsp;&nbsp;&nbsp;&nbsp;&nbsp;&nbsp;&nbsp;&nbsp;&nbsp;&nbsp;&nbsp;&nbsp;&nbsp;&nbsp;&nbsp;&nbsp;&nbsp;&nbsp;&nbsp;&nbsp;&nbsp;&nbsp;&nbsp; <a href=\"#top\">nach oben<\/a><\/p>\n<hr \/>\n<h3><a id=\"Sch\u00fctzenverein\"><\/a>Sch\u00fctzenverein Hoogstede e.V.<\/h3>\n<p><span style=\"text-decoration: underline;\"><strong>Gegr\u00fcndet:<\/strong><\/span> 1949<\/p>\n<p><span style=\"text-decoration: underline;\"><strong>Mitglieder:<\/strong><\/span> 105<\/p>\n<p><span style=\"text-decoration: underline;\"><strong>Festplatz:<\/strong><\/span> Sch\u00fctzenwiese (inkl. Sanit\u00e4ranlagen) an der Bergstra\u00dfe; Schie\u00dfanlage in Scheerhorn<\/p>\n<p><span style=\"text-decoration: underline;\"><strong>Aktivit\u00e4ten:<\/strong><\/span> Sportsch\u00fctzenabteilung f\u00fcr M\u00e4nner, Frauen und Jugendliche; H\u00f6hepunkt im Vereinsleben ist<br \/>\ndas j\u00e4hrliche Sch\u00fctzenfest am Himmelfahrtstag (60-j\u00e4hriges Bestehen in 2009).<\/p>\n<p><span style=\"text-decoration: underline;\"><strong>Adresse:<\/strong><\/span> Scheerhorner Diek 4, 49846 Hoogstede<\/p>\n<p><a title=\"Homepage Sch\u00fctzenverein Hoogstede\" href=\"http:\/\/www.schuetzenverein-hoogstede.de\" target=\"_blank\" rel=\"noopener\">www.schuetzenverein-hoogstede.de<\/a>&nbsp;&nbsp;&nbsp;&nbsp;&nbsp;&nbsp;&nbsp;&nbsp;&nbsp;&nbsp;&nbsp;&nbsp;&nbsp;&nbsp;&nbsp;&nbsp;&nbsp;&nbsp;&nbsp;&nbsp;&nbsp;&nbsp;&nbsp;&nbsp;&nbsp;&nbsp;&nbsp;&nbsp;&nbsp;&nbsp;&nbsp;&nbsp;&nbsp;&nbsp;&nbsp;&nbsp;&nbsp;&nbsp;&nbsp;&nbsp;&nbsp;&nbsp;<a href=\"#top\">nach oben<\/a><\/p>\n<hr \/>\n<h3><a id=\"Edelwei\u00dfsch\u00fctzen\"><\/a>Niedergrafschafter Edelwei\u00dfsch\u00fctzen e.V.<\/h3>\n<p><span style=\"text-decoration: underline;\"><strong>Gegr\u00fcndet:<\/strong><\/span> 1984<\/p>\n<p><span style=\"text-decoration: underline;\"><strong>Mitglieder:<\/strong><\/span> 205<\/p>\n<p><span style=\"text-decoration: underline;\"><strong>Festplatz:<\/strong><\/span> An der K 19 in Bathorn (Bathorner Siedlung)<\/p>\n<p><span style=\"text-decoration: underline;\"><strong>Aktivit\u00e4ten:<\/strong><\/span> Sch\u00fctzenfest; Schie\u00dfsport; Karnevalsabteilung; Grafschafter Edelwei\u00df Musikanten; Maifeier mit Fr\u00fchst\u00fccksangebot f\u00fcr Besucher; Ferienpassaktionen<br \/>\nIm Jahr 2009 feierte der Verein sein 25-j\u00e4hriges Jubil\u00e4um.<\/p>\n<p><span style=\"text-decoration: underline;\"><strong>Adresse:<\/strong><\/span> Hauptstr. 66, 49846 Hoogstede<\/p>\n<p><a title=\"Homepage Niedergrafschafter Edelwei\u00dfsch\u00fctzen\" href=\"http:\/\/edelweiss-bathorn.de.tl\/\" target=\"_blank\" rel=\"noopener\">Homepage Niedergrafschafter Edelwei\u00dfsch\u00fctzen<\/a>&nbsp;&nbsp;&nbsp;&nbsp;&nbsp;&nbsp;&nbsp;&nbsp;&nbsp;&nbsp;&nbsp;&nbsp;&nbsp;&nbsp;&nbsp;&nbsp;&nbsp;&nbsp;&nbsp; <a href=\"#top\">nach oben<\/a><\/p>\n<hr \/>\n<h3><a id=\"FRG\"><\/a>Hoogsteder Fahr- und Reitsportgemeinschaft e.V.<\/h3>\n<p><span style=\"text-decoration: underline;\"><strong>Gegr\u00fcndet:<\/strong><\/span> 29. September 2007<\/p>\n<p><span style=\"text-decoration: underline;\"><strong>Mitglieder:<\/strong><\/span> 50<\/p>\n<p><span style=\"text-decoration: underline;\"><strong>Sitz:<\/strong><\/span> Scheerhorner Diek 7 im Ortsteil Scheerhorn<\/p>\n<p><span style=\"text-decoration: underline;\"><strong>Aktivit\u00e4ten:<\/strong> <\/span>Fahrsport; j\u00e4hrliche Austragungen von \u00f6ffentlichen Turnieren &#8211; abwechselnd Fahr- oder Reitturniere,<br \/>\nTeilnahme an kreismeisterschaften<\/p>\n<p><span style=\"text-decoration: underline;\"><strong>Adresse:<\/strong><\/span> Scheerhorner Diek 7, 49846 Hoogstede<\/p>\n<p><a title=\"Homepgae Hoogsteder Fahr- und Reitsportgemeinschaft\" href=\"http:\/\/www.hoogsteder-frg.de\" target=\"_blank\" rel=\"noopener\">www.hoogsteder-frg.de<\/a>&nbsp;&nbsp;&nbsp;&nbsp;&nbsp;&nbsp;&nbsp;&nbsp;&nbsp;&nbsp;&nbsp;&nbsp;&nbsp;&nbsp;&nbsp;&nbsp;&nbsp;&nbsp;&nbsp;&nbsp;&nbsp;&nbsp;&nbsp;&nbsp;&nbsp;&nbsp;&nbsp;&nbsp;&nbsp;&nbsp;&nbsp;&nbsp;&nbsp;&nbsp;&nbsp;&nbsp;&nbsp;&nbsp;&nbsp;&nbsp;&nbsp;&nbsp;&nbsp;&nbsp;&nbsp;&nbsp;&nbsp;&nbsp;&nbsp;&nbsp;&nbsp;&nbsp;&nbsp;&nbsp;&nbsp;&nbsp;&nbsp;&nbsp;&nbsp;&nbsp;&nbsp;&nbsp;&nbsp;&nbsp;&nbsp; <a href=\"#top\">nach oben<\/a><\/p>\n<hr \/>\n<h3><a id=\"Jagdhornbl\u00e4ser\"><\/a>Bl\u00e4sergruppe \u201eHoogstede Vechte-Aatal\u201c<\/h3>\n<p><span style=\"text-decoration: underline;\"><strong>Aktiv:<\/strong><\/span> seit 1988<\/p>\n<p><span style=\"text-decoration: underline;\"><strong>Mitglieder:<\/strong> <\/span>15 aktive Bl\u00e4ser; vier Nachwuchsleute werden zurzeit ausgebildet<\/p>\n<p><span style=\"text-decoration: underline;\"><strong>Aktivit\u00e4ten:<\/strong><\/span> w\u00f6chentliche \u00dcbungsabende, Auftritte bei jagdlichen und \u00f6ffentlichen Anl\u00e4ssen<\/p>\n<p><span style=\"text-decoration: underline;\"><strong>Adresse:<\/strong><\/span> Ringer Diek 1, 49846 Hoogstede&nbsp;&nbsp;&nbsp;&nbsp;&nbsp;&nbsp;&nbsp;&nbsp;&nbsp;&nbsp;&nbsp;&nbsp;&nbsp;&nbsp;&nbsp;&nbsp;&nbsp;&nbsp;&nbsp;&nbsp;&nbsp;&nbsp;&nbsp;&nbsp;&nbsp;&nbsp;&nbsp;&nbsp;&nbsp;&nbsp; <a href=\"#top\">nach oben<\/a><\/p>\n<hr \/>\n<h3><a id=\"Devilshead\"><\/a>MC Devilshead (Motorradhaus Scheerhorn)<\/h3>\n<p><span style=\"text-decoration: underline;\"><strong>Mitglieder:<\/strong><\/span> 32<\/p>\n<p><span style=\"text-decoration: underline;\"><strong>Aktivit\u00e4ten:<\/strong><\/span> Regelm\u00e4\u00dfige Bikertreffen, Ausfahrten zu anderen Clubs<\/p>\n<p><span style=\"text-decoration: underline;\"><strong>Adresse:<\/strong><\/span> Scheerhorner Diek, 49846 Hoogstede<\/p>\n<p><a title=\"Homepage Motorradclub MC Devilshead\" href=\"http:\/\/www.devilshead.de\" target=\"_blank\" rel=\"noopener\">www.devilshead.de<\/a>&nbsp;&nbsp;&nbsp;&nbsp;&nbsp;&nbsp;&nbsp;&nbsp;&nbsp;&nbsp;&nbsp;&nbsp;&nbsp;&nbsp;&nbsp;&nbsp;&nbsp;&nbsp;&nbsp;&nbsp;&nbsp;&nbsp;&nbsp;&nbsp;&nbsp;&nbsp;&nbsp;&nbsp;&nbsp;&nbsp;&nbsp;&nbsp;&nbsp;&nbsp;&nbsp;&nbsp;&nbsp;&nbsp;&nbsp;&nbsp;&nbsp;&nbsp;&nbsp;&nbsp;&nbsp;&nbsp;&nbsp;&nbsp;&nbsp;&nbsp;&nbsp;&nbsp;&nbsp;&nbsp;&nbsp;&nbsp;&nbsp;&nbsp;&nbsp;&nbsp;&nbsp;&nbsp;&nbsp;&nbsp;&nbsp;&nbsp;&nbsp;&nbsp;&nbsp;&nbsp;&nbsp;&nbsp;&nbsp; <a href=\"#top\">nach oben<\/a><\/p>\n<hr \/>\n<h3><a id=\"Wotan\"><\/a>MC Wotan e.V.<\/h3>\n<p><span style=\"text-decoration: underline;\"><strong>Gegr\u00fcndet:<\/strong><\/span> 1982<\/p>\n<p><span style=\"text-decoration: underline;\"><strong>Mitglieder:<\/strong><\/span> 55<\/p>\n<p><span style=\"text-decoration: underline;\"><strong>Aktivit\u00e4ten:<\/strong><\/span> Regelm\u00e4\u00dfige Bikertreffen; Ausfahrten zu anderen Clubs<\/p>\n<p><span style=\"text-decoration: underline;\"><strong>Adresse:<\/strong><\/span>&nbsp; Kanalstr. 237, 49824 Ringe<\/p>\n<p>info@mc-wotan.com<\/p>\n<p><a title=\"Homepage Morradclub MC Wotan\" href=\"http:\/\/www.mc-wotan.com\" target=\"_blank\" rel=\"noopener\">www.mc-wotan.com<\/a>&nbsp;&nbsp;&nbsp;&nbsp;&nbsp;&nbsp;&nbsp;&nbsp;&nbsp;&nbsp;&nbsp;&nbsp;&nbsp;&nbsp;&nbsp;&nbsp;&nbsp;&nbsp;&nbsp;&nbsp;&nbsp;&nbsp;&nbsp;&nbsp;&nbsp;&nbsp;&nbsp;&nbsp;&nbsp;&nbsp;&nbsp;&nbsp;&nbsp;&nbsp;&nbsp;&nbsp;&nbsp;&nbsp;&nbsp;&nbsp;&nbsp;&nbsp;&nbsp;&nbsp;&nbsp;&nbsp;&nbsp;&nbsp;&nbsp;&nbsp;&nbsp;&nbsp;&nbsp;&nbsp;&nbsp;&nbsp;&nbsp;&nbsp;&nbsp;&nbsp;&nbsp;&nbsp;&nbsp;&nbsp;&nbsp;&nbsp;&nbsp;&nbsp;&nbsp;&nbsp;&nbsp;&nbsp; <a href=\"#top\">nach oben<\/a><\/p>\n<hr \/>\n<h3><a id=\"Brauchtum\"><\/a>Verein f\u00fcr Brauchtum und Geselligkeit<\/h3>\n<p><span style=\"text-decoration: underline;\"><strong>Gegr\u00fcndet:<\/strong><\/span> 1974<\/p>\n<p><span style=\"text-decoration: underline;\"><strong>Sitz:<\/strong> <\/span>Scheerhorn<\/p>\n<p><span style=\"text-decoration: underline;\"><strong>Mitglieder:<\/strong><\/span> 106<\/p>\n<p><span style=\"text-decoration: underline;\"><strong>Aktivit\u00e4ten:<\/strong><\/span> Der Verein bietet j\u00e4hrlich eine Seniorenfahrt f\u00fcr die Einwohner der Ortsteile Scheerhorn und Berge an.<br \/>\nEbenfalls wird ein \u00f6ffentliches Kinderfest sowie ein gemeindefest f\u00fcr Mitglieder organisiert. Der Stein mit der Aufschrift \u201eScheerhorn\u201c und das Umfeld in der so genannten \u201eSmitkurve\u201c (L 44) wird vom Verein gepflegt.<\/p>\n<p><span style=\"text-decoration: underline;\"><strong>Adresse:<\/strong><\/span> Suurdiek 8, 49846 Hoogstede&nbsp;&nbsp;&nbsp;&nbsp;&nbsp;&nbsp;&nbsp;&nbsp;&nbsp;&nbsp;&nbsp;&nbsp;&nbsp;&nbsp;&nbsp;&nbsp;&nbsp;&nbsp;&nbsp;&nbsp;&nbsp;&nbsp;&nbsp;&nbsp;&nbsp;&nbsp;&nbsp;&nbsp;&nbsp;&nbsp;&nbsp;&nbsp;&nbsp;&nbsp;&nbsp;&nbsp;&nbsp; <a href=\"#top\">nach oben<\/a><\/p>\n<hr \/>\n<h3><a id=\"Ldw-Ortsverein\"><\/a>Landwirtschaftlicher Ortsverein Hoogstede<\/h3>\n<p><span style=\"text-decoration: underline;\"><strong>Gegr\u00fcndet:<\/strong><\/span> 1948<\/p>\n<p><span style=\"text-decoration: underline;\"><strong>Mitglieder:<\/strong><\/span> 148 (51 Haupt- und 24 Nebenerwerbsbetriebe und 73 Nicht-Landwirte)<\/p>\n<p><span style=\"text-decoration: underline;\"><strong>Aufgaben:<\/strong> <\/span>Berufsst\u00e4ndische Interessenvertretung; Kooperation mit dem landwirtschaftlichen Kreisverein in<br \/>\nNeuenhaus; Repr\u00e4sentation und Verbindungen zu Organisationen und Institutionen; \u00d6ffentlichkeitsarbeit<\/p>\n<p><span style=\"text-decoration: underline;\"><strong>Adresse:<\/strong> <\/span>Hauptstr. 132, 49846 Hoogstede&nbsp;&nbsp;&nbsp;&nbsp;&nbsp;&nbsp;&nbsp;&nbsp;&nbsp;&nbsp;&nbsp;&nbsp;&nbsp;&nbsp;&nbsp;&nbsp;&nbsp;&nbsp;&nbsp;&nbsp;&nbsp;&nbsp;&nbsp;&nbsp;&nbsp;&nbsp;&nbsp;&nbsp;&nbsp;&nbsp;&nbsp;&nbsp; <a href=\"#top\">nach oben<\/a><\/p>\n<hr \/>\n<h3><a id=\"GACC\"><\/a>Grafschafter Auto-Cross-Club (GACC)<\/h3>\n<p><span style=\"text-decoration: underline;\"><strong>Gegr\u00fcndet:<\/strong><\/span> 1974<\/p>\n<p><span style=\"text-decoration: underline;\"><strong>Mitglieder:<\/strong><\/span> 150, davon zurzeit 32 aktive Fahrer beim DRCV, NWDAV, Autocross Masters (D,NL,BE), Ramo (Region Autocross Mitelost NL), NAX Cup<\/p>\n<p><span style=\"text-decoration: underline;\"><strong>Aktivit\u00e4ten:<\/strong><\/span>&nbsp; Alle zwei Jahre Organisation einer Rennveranstaltung zur Nordwestdeutschen-Auto-Cross-Meisterschaft (NWDAV), n\u00e4chstes Rennen mit wahrscheinlicht im April 2020;<br \/>\nKloatscheeten; Kanutour; Sommerfest; Winterfest; Teilnahme am Nikolausmarkt mit Fackelumzug<\/p>\n<p><span style=\"text-decoration: underline;\"><strong>Adresse:<\/strong><\/span>&nbsp; Auf dem B\u00fclt 28, 49767 Twist<\/p>\n<p><a title=\"Homepage Grafschafter Auto-Cross-Club\" href=\"http:\/\/www.gacc-autocross.de\" target=\"_blank\" rel=\"noopener\">www.gacc-autocross.de<\/a>&nbsp;&nbsp;&nbsp;&nbsp;&nbsp;&nbsp;&nbsp;&nbsp;&nbsp;&nbsp;&nbsp;&nbsp;&nbsp;&nbsp;&nbsp;&nbsp;&nbsp;&nbsp;&nbsp;&nbsp;&nbsp;&nbsp;&nbsp;&nbsp;&nbsp;&nbsp;&nbsp;&nbsp;&nbsp;&nbsp;&nbsp;&nbsp;&nbsp;&nbsp;&nbsp;&nbsp;&nbsp;&nbsp;&nbsp;&nbsp;&nbsp;&nbsp;&nbsp;&nbsp;&nbsp;&nbsp;&nbsp;&nbsp;&nbsp;&nbsp;&nbsp;&nbsp;&nbsp;&nbsp;&nbsp;&nbsp;&nbsp;&nbsp;&nbsp;&nbsp;&nbsp;&nbsp;&nbsp;&nbsp;&nbsp;&nbsp;&nbsp;&nbsp;&nbsp;&nbsp;&nbsp;&nbsp;&nbsp;&nbsp;&nbsp;&nbsp;&nbsp;&nbsp;&nbsp; <a href=\"#top\">nach oben<\/a><\/p>\n","protected":false},"excerpt":{"rendered":"<p>Schnellauswahl <\/p>\n<p>SV Hoogstede | Heimatverein | Landjugend | Sch\u00fctzenverein | Niedergrafschafter Edelwei\u00dfsch\u00fctzen |<\/p>\n<p>Hoogsteder Fahr- und Reitsportgemeinschaft | Bl\u00e4sergruppe Hoogstede-Vechte-Aatal&nbsp;| MC Wotan |<\/p>\n<p>MC Devileshead | Brauchtum und Geselligkeit | Landwirtschaftlicher Ortsverein | Grafschafter Auto-Cross-Club<\/p>\n<p> &nbsp; Sportverein Hoogstede e.V <\/p>\n<p>Gegr\u00fcndet: 1960<\/p>\n<p>Mitglieder: ca. 1.400<\/p>\n<p>Abteilungen: Fu\u00dfball; Volleyball; Tischtennis; Tennis; Gymnastik; Nordic-Walking; Eltern-Kind-Turnen; Kinderturnen; Sport f\u00fcr &hellip; <\/p>\n<p><a class=\"more-link btn\" href=\"https:\/\/www.hoogstede.de\/wp-gemeinde\/gemeinschaftsleben\/vereine\/\">Weiterlesen<\/a><\/p>\n","protected":false},"author":2,"featured_media":0,"parent":106,"menu_order":10,"comment_status":"closed","ping_status":"closed","template":"","meta":{"ngg_post_thumbnail":0,"footnotes":"","_links_to":"","_links_to_target":""},"class_list":["post-121","page","type-page","status-publish","hentry","nodate","item-wrap"],"_links":{"self":[{"href":"https:\/\/www.hoogstede.de\/wp-gemeinde\/wp-json\/wp\/v2\/pages\/121","targetHints":{"allow":["GET"]}}],"collection":[{"href":"https:\/\/www.hoogstede.de\/wp-gemeinde\/wp-json\/wp\/v2\/pages"}],"about":[{"href":"https:\/\/www.hoogstede.de\/wp-gemeinde\/wp-json\/wp\/v2\/types\/page"}],"author":[{"embeddable":true,"href":"https:\/\/www.hoogstede.de\/wp-gemeinde\/wp-json\/wp\/v2\/users\/2"}],"replies":[{"embeddable":true,"href":"https:\/\/www.hoogstede.de\/wp-gemeinde\/wp-json\/wp\/v2\/comments?post=121"}],"version-history":[{"count":21,"href":"https:\/\/www.hoogstede.de\/wp-gemeinde\/wp-json\/wp\/v2\/pages\/121\/revisions"}],"predecessor-version":[{"id":7729,"href":"https:\/\/www.hoogstede.de\/wp-gemeinde\/wp-json\/wp\/v2\/pages\/121\/revisions\/7729"}],"up":[{"embeddable":true,"href":"https:\/\/www.hoogstede.de\/wp-gemeinde\/wp-json\/wp\/v2\/pages\/106"}],"wp:attachment":[{"href":"https:\/\/www.hoogstede.de\/wp-gemeinde\/wp-json\/wp\/v2\/media?parent=121"}],"curies":[{"name":"wp","href":"https:\/\/api.w.org\/{rel}","templated":true}]}}