{"id":119,"date":"2013-05-08T22:11:35","date_gmt":"2013-05-08T20:11:35","guid":{"rendered":"http:\/\/localhost\/hoogstede\/?page_id=119"},"modified":"2026-04-21T18:20:15","modified_gmt":"2026-04-21T16:20:15","slug":"ratssitzungen","status":"publish","type":"page","link":"https:\/\/www.hoogstede.de\/wp-gemeinde\/unsere-gemeinde\/ratssitzungen\/","title":{"rendered":"Ratssitzungen"},"content":{"rendered":"<h3>Allgemeines<\/h3>\n<p>Die Sitzungen des Gemeinderates finden in der Regel turnusm\u00e4\u00dfig jeden ersten Dienstag im Monat statt. In besonderen F\u00e4llen kann von der verk\u00fcrzten Ladungsfrist Gebrauch gemacht werden. Die Gemeinde macht keinen Gebrauch von einem Verwaltungsausschuss. Alle anstehenden Themen werden in der Gemeinderatssitzung von allen Mitgliedern beraten.<\/p>\n<p>Ratsvorsitzender ist der amtierende B\u00fcrgermeister, der auch die Sitzungen leitet. Die Sitzung teilt sich auf in einem \u00f6ffentlichen und nicht\u00f6ffentlichen Teil. Beim \u00f6ffentlichen Teil ist Publikum zugelassen, das sich in einer B\u00fcrgerfragestunde zu Wort melden kann.<\/p>\n<p>Protokolle k\u00f6nnen \u00fcber die Internetseite der Samtgemeinde Emlichheim\/Rathaus &amp; Politik\/Politik\/Rats- und B\u00fcrgerinformationssystem eingesehen werden.<\/p>\n<h4>N\u00e4chste Sitzung: Dienstag, 05.05.2026 &#8211; 19:30 Uhr<br \/>\nim Sitzungsraum&nbsp; &#8220;Altes Schulhaus&#8221; in&nbsp; Hoogstede<\/h4>\n<p>&nbsp;<\/p>\n\n<table id=\"tablepress-5\" class=\"tablepress tablepress-id-5\">\n<thead>\n<tr class=\"row-1\">\n\t<th class=\"column-1\">Ratssitzungen<\/th><th class=\"column-2\">Tagesordnung (Link \u00f6ffnet PDF - neues Fenster)<\/th>\n<\/tr>\n<\/thead>\n<tbody class=\"row-striping row-hover\">\n<tr class=\"row-2\">\n\t<td class=\"column-1\">07.04.2026<\/td><td class=\"column-2\"><a href=\"http:\/\/www.hoogstede.de\/wp-gemeinde\/wp-content\/uploads\/2026\/04\/TO-07042026-Bekanntmachung.pdf\"rel=\"\"target=\"_blank \">Tagesordnung 07.04.2026<\/a><\/td>\n<\/tr>\n<tr class=\"row-3\">\n\t<td class=\"column-1\">03.03.2026<\/td><td class=\"column-2\"><a href=\"http:\/\/www.hoogstede.de\/wp-gemeinde\/wp-content\/uploads\/2026\/02\/TO-03032026-Bekanntmachung.pdf\"rel=\"\"target=\"_blank \">Tagesordnung 03.03.2026<\/a><\/td>\n<\/tr>\n<tr class=\"row-4\">\n\t<td class=\"column-1\">03.02.2026<\/td><td class=\"column-2\"><a href=\"http:\/\/www.hoogstede.de\/wp-gemeinde\/wp-content\/uploads\/2026\/02\/TO-03022026-Bekanntmachung.pdf\"rel=\"\"target=\"_blank \">Tagesordnung 03.02.2026<\/a><\/td>\n<\/tr>\n<tr class=\"row-5\">\n\t<td class=\"column-1\">03.12.2025<\/td><td class=\"column-2\"><a href=\"http:\/\/www.hoogstede.de\/wp-gemeinde\/wp-content\/uploads\/2025\/12\/TO-03122025-Bekanntmachung.pdf\"rel=\"\"target=\"_blank \">Tagesordnung 03.12.2025<\/a><\/td>\n<\/tr>\n<tr class=\"row-6\">\n\t<td class=\"column-1\">04.11.2025<\/td><td class=\"column-2\"><a href=\"http:\/\/www.hoogstede.de\/wp-gemeinde\/wp-content\/uploads\/2025\/10\/TO-04112025-Bekanntmachung.pdf\"rel=\"\"target=\"_blank \">Tagesordnung 04.11.2025<\/a><\/td>\n<\/tr>\n<tr class=\"row-7\">\n\t<td class=\"column-1\">07.10.2025<\/td><td class=\"column-2\"><a href=\"http:\/\/www.hoogstede.de\/wp-gemeinde\/wp-content\/uploads\/2025\/10\/TO-07102025-Bekanntmachung.pdf\"rel=\"\"target=\"_blank \">Tagesordnung 07.10.2025<\/a><\/td>\n<\/tr>\n<tr class=\"row-8\">\n\t<td class=\"column-1\">02.09.2025<\/td><td class=\"column-2\"><a href=\"http:\/\/www.hoogstede.de\/wp-gemeinde\/wp-content\/uploads\/2025\/09\/TO-02092025-Bekanntmachung.pdf\"rel=\"\"target=\"_blank \">Tagesordnung 02.09.2025<\/a><\/td>\n<\/tr>\n<tr class=\"row-9\">\n\t<td class=\"column-1\">01.07.2025<\/td><td class=\"column-2\"><a href=\"http:\/\/www.hoogstede.de\/wp-gemeinde\/wp-content\/uploads\/2025\/07\/TO-01072025-Bekanntmachung.pdf\"rel=\"\"target=\"_blank \">Tagesordnung 01.07.2025<\/a><\/td>\n<\/tr>\n<tr class=\"row-10\">\n\t<td class=\"column-1\">03.06.2025<\/td><td class=\"column-2\"><a href=\"http:\/\/www.hoogstede.de\/wp-gemeinde\/wp-content\/uploads\/2025\/07\/TO-01072025-Bekanntmachung.pdf\"rel=\"\"target=\"_blank \">Tagesordnung 01.07.2025<\/a><\/td>\n<\/tr>\n<tr class=\"row-11\">\n\t<td class=\"column-1\">06.05.2025<\/td><td class=\"column-2\"><a href=\"http:\/\/www.hoogstede.de\/wp-gemeinde\/wp-content\/uploads\/2025\/06\/TO-06052025-Bekanntmachung.pdf\"rel=\"\"target=\"_blank \">Tagesordnung 06.05.2025<\/a><\/td>\n<\/tr>\n<tr class=\"row-12\">\n\t<td class=\"column-1\">01.04.2025<\/td><td class=\"column-2\"><a href=\"http:\/\/www.hoogstede.de\/wp-gemeinde\/wp-content\/uploads\/2025\/04\/TO-01042025-Bekanntmachung.pdf\"rel=\"\"target=\"_blank \">Tagesordnung 01.04.2025<\/a><\/td>\n<\/tr>\n<tr class=\"row-13\">\n\t<td class=\"column-1\">04.03.2025<\/td><td class=\"column-2\"><a href=\"http:\/\/www.hoogstede.de\/wp-gemeinde\/wp-content\/uploads\/2025\/04\/TO-04032025-Bekanntmachung.pdf\"rel=\"\"target=\"_blank \">Tagesordnung 04.03.2025<\/a><\/td>\n<\/tr>\n<tr class=\"row-14\">\n\t<td class=\"column-1\">03.12.2024<\/td><td class=\"column-2\"><a href=\"http:\/\/www.hoogstede.de\/wp-gemeinde\/wp-content\/uploads\/2024\/12\/TO-03122024-Bekanntmachung.pdf\"rel=\"\"target=\"_blank \">Tagesordnung 03.12.2024<\/a><\/td>\n<\/tr>\n<tr class=\"row-15\">\n\t<td class=\"column-1\">05.11.2024<\/td><td class=\"column-2\"><a href=\"http:\/\/www.hoogstede.de\/wp-gemeinde\/wp-content\/uploads\/2024\/11\/TO-05112024-Bekanntmachung.pdf\"rel=\"\"target=\"_blank \">Tagesordnung 05.11.2024<\/a><\/td>\n<\/tr>\n<tr class=\"row-16\">\n\t<td class=\"column-1\">01.10.2024<\/td><td class=\"column-2\"><a href=\"http:\/\/www.hoogstede.de\/wp-gemeinde\/wp-content\/uploads\/2024\/10\/TO-01102024-Bekanntmachung.pdf\"rel=\"\"target=\"_blank \">Tagesordnung 01.10.2024<\/a><\/td>\n<\/tr>\n<tr class=\"row-17\">\n\t<td class=\"column-1\">03.09.2024<\/td><td class=\"column-2\"><a href=\"http:\/\/www.hoogstede.de\/wp-gemeinde\/wp-content\/uploads\/2024\/09\/TO-03092024-Bekanntmachung.pdf\"rel=\"\"target=\"_blank \">Tagesordnung 03.09.2024<\/a><br \/>\n<\/td>\n<\/tr>\n<tr class=\"row-18\">\n\t<td class=\"column-1\">06.08.2024<\/td><td class=\"column-2\"><a href=\"http:\/\/www.hoogstede.de\/wp-gemeinde\/wp-content\/uploads\/2024\/07\/TO-06082024-Bekanntmachung.pdf\"rel=\"\"target=\"_blank \">Tagesordnung 06.08.2024<\/a><\/td>\n<\/tr>\n<tr class=\"row-19\">\n\t<td class=\"column-1\">04.06.2024<\/td><td class=\"column-2\"><a href=\"http:\/\/www.hoogstede.de\/wp-gemeinde\/wp-content\/uploads\/2024\/05\/TO-04062024-Bekanntmachung.pdf\"rel=\"\"target=\"_blank \">Tagesordnung 04.06.2024<\/a><\/td>\n<\/tr>\n<tr class=\"row-20\">\n\t<td class=\"column-1\">07.05.2024<\/td><td class=\"column-2\"><a href=\"http:\/\/www.hoogstede.de\/wp-gemeinde\/wp-content\/uploads\/2024\/05\/TO-07052024-Bekanntmachung.pdf\"rel=\"\"target=\"_blank \">Tagesordnung 07.05.2024<\/a><\/td>\n<\/tr>\n<tr class=\"row-21\">\n\t<td class=\"column-1\">05.03.2024<\/td><td class=\"column-2\"><a href=\"http:\/\/www.hoogstede.de\/wp-gemeinde\/wp-content\/uploads\/2024\/03\/TO-05032024-Bekanntmachung.pdf\"rel=\"\"target=\"_blank \">Tagesordnung 05.03.2024<\/a><br \/>\n<\/td>\n<\/tr>\n<tr class=\"row-22\">\n\t<td class=\"column-1\">06.02.2024<\/td><td class=\"column-2\"><a href=\"http:\/\/www.hoogstede.de\/wp-gemeinde\/wp-content\/uploads\/2024\/02\/TO-06022024-Bekanntmachung.pdf\"rel=\"\"target=\"_blank \">Tagesordnung 06.02.2024<\/a><br \/>\n<\/td>\n<\/tr>\n<tr class=\"row-23\">\n\t<td class=\"column-1\">05.12.2023<\/td><td class=\"column-2\"><a href=\"http:\/\/www.hoogstede.de\/wp-gemeinde\/wp-content\/uploads\/2023\/12\/TO-05122023-Bekanntmachung.pdf\"rel=\"\"target=\"_blank \">Tagesordnung 05.12.2023<\/a><\/td>\n<\/tr>\n<tr class=\"row-24\">\n\t<td class=\"column-1\">07.11.2023<\/td><td class=\"column-2\"><a href=\"http:\/\/www.hoogstede.de\/wp-gemeinde\/wp-content\/uploads\/2023\/11\/TO-07112023-Bekanntmachung.pdf\"rel=\"\"target=\"_blank \">Tagesordnung 07.11.2023<\/a><br \/>\n<\/td>\n<\/tr>\n<tr class=\"row-25\">\n\t<td class=\"column-1\">10.10.2023<\/td><td class=\"column-2\"><a href=\"http:\/\/www.hoogstede.de\/wp-gemeinde\/wp-content\/uploads\/2023\/09\/TO-10102023-Bekanntmachung.pdf\"rel=\"\"target=\"_blank \">Tagesordnung 10.10.2023<\/a><\/td>\n<\/tr>\n<tr class=\"row-26\">\n\t<td class=\"column-1\">05.09.2023<\/td><td class=\"column-2\"><a href=\"http:\/\/www.hoogstede.de\/wp-gemeinde\/wp-content\/uploads\/2023\/08\/TO-05092023-Bekanntmachung.pdf\"rel=\"\"target=\"_blank \">Tagesordnung 05.09.2023<\/a><\/td>\n<\/tr>\n<tr class=\"row-27\">\n\t<td class=\"column-1\">04.07.2023<\/td><td class=\"column-2\"><a href=\"http:\/\/www.hoogstede.de\/wp-gemeinde\/wp-content\/uploads\/2023\/07\/TO-04072023-Bekanntmachung.pdf\"rel=\"\"target=\"_blank \">Tagesordnung 04.07.2023<\/a><\/td>\n<\/tr>\n<tr class=\"row-28\">\n\t<td class=\"column-1\">06.06.2023<\/td><td class=\"column-2\"><a href=\"http:\/\/www.hoogstede.de\/wp-gemeinde\/wp-content\/uploads\/2023\/05\/TO-06062023-Bekanntmachung.pdf\"rel=\"\"target=\"_blank \">Tagesordnung 06.06.2023<\/a><\/td>\n<\/tr>\n<tr class=\"row-29\">\n\t<td class=\"column-1\">02.05.2023<\/td><td class=\"column-2\"><a href=\"http:\/\/www.hoogstede.de\/wp-gemeinde\/wp-content\/uploads\/2023\/04\/TO-02052023-Bekanntmachung.pdf\"rel=\"\"target=\"_blank \">Tagesordnung 02.05.2023<\/a><\/td>\n<\/tr>\n<tr class=\"row-30\">\n\t<td class=\"column-1\">04.04.2023<\/td><td class=\"column-2\"><a href=\"http:\/\/www.hoogstede.de\/wp-gemeinde\/wp-content\/uploads\/2023\/04\/TO-04042023-Bekanntmachung.pdf\"rel=\"\"target=\"_blank \">Tagesordnung 04.04.2023<\/a><\/td>\n<\/tr>\n<tr class=\"row-31\">\n\t<td class=\"column-1\">07.03.2023<\/td><td class=\"column-2\"><a href=\"http:\/\/www.hoogstede.de\/wp-gemeinde\/wp-content\/uploads\/2023\/02\/TO-07022023-Bekanntmachung.pdf\"rel=\"\"target=\"_blank \">Tagesordnung 07.02.2023<\/a><\/td>\n<\/tr>\n<tr class=\"row-32\">\n\t<td class=\"column-1\">07.02.2023<\/td><td class=\"column-2\"><a href=\"http:\/\/www.hoogstede.de\/wp-gemeinde\/wp-content\/uploads\/2023\/02\/TO-07022023-Bekanntmachung.pdf\"rel=\"\"target=\"_blank \">Tagesordnung 07.02.2023<\/a><\/td>\n<\/tr>\n<tr class=\"row-33\">\n\t<td class=\"column-1\">06.12.2022<\/td><td class=\"column-2\"><a href=\"http:\/\/www.hoogstede.de\/wp-gemeinde\/wp-content\/uploads\/2022\/12\/TO-06122022-Bekanntmachung.pdf\"rel=\"\"target=\"_blank \">Tagesordnung 06.12.2022<\/a><\/td>\n<\/tr>\n<tr class=\"row-34\">\n\t<td class=\"column-1\">01.11.2022<\/td><td class=\"column-2\"><a href=\"http:\/\/www.hoogstede.de\/wp-gemeinde\/wp-content\/uploads\/2022\/10\/TO-01112022-Bekanntmachung.pdf\"rel=\"\"target=\"_blank \">Tagesordnung 01.11.2022<\/a><\/td>\n<\/tr>\n<tr class=\"row-35\">\n\t<td class=\"column-1\">04.10.2022<\/td><td class=\"column-2\"><a href=\"http:\/\/www.hoogstede.de\/wp-gemeinde\/wp-content\/uploads\/2022\/09\/TO-04102022-Bekanntmachung.pdf\"rel=\"\"target=\"_blank \">Tagesordnung 04.10.2022<\/a><\/td>\n<\/tr>\n<tr class=\"row-36\">\n\t<td class=\"column-1\">06.09.2022<\/td><td class=\"column-2\"><a href=\"http:\/\/www.hoogstede.de\/wp-gemeinde\/wp-content\/uploads\/2022\/08\/TO-06092022-Bekanntmachung.pdf\"rel=\"\"target=\"_blank \">Tagesordnung 06.09.2022<\/a><\/td>\n<\/tr>\n<tr class=\"row-37\">\n\t<td class=\"column-1\">05.07.2022<\/td><td class=\"column-2\"><a href=\"http:\/\/www.hoogstede.de\/wp-gemeinde\/wp-content\/uploads\/2022\/06\/TO-05072022-Bekanntmachung.pdf\"rel=\"\"target=\"_blank \">Tagesordnung 05.07.2022<\/a><\/td>\n<\/tr>\n<tr class=\"row-38\">\n\t<td class=\"column-1\">07.06.2022<\/td><td class=\"column-2\"><a href=\"http:\/\/www.hoogstede.de\/wp-gemeinde\/wp-content\/uploads\/2022\/05\/TO-07062022-Bekanntmachung.pdf\"rel=\"\"target=\"_blank \">Tagesordnung 07.06.2022<\/a><\/td>\n<\/tr>\n<tr class=\"row-39\">\n\t<td class=\"column-1\">01.02.2022<\/td><td class=\"column-2\"><a href=\"http:\/\/www.hoogstede.de\/wp-gemeinde\/wp-content\/uploads\/2022\/01\/TO-01022022-Bekanntmachung.pdf\"rel=\"\"target=\"_blank \">Tagesordnung 01.02.2022<\/a><\/td>\n<\/tr>\n<tr class=\"row-40\">\n\t<td class=\"column-1\">05.04.2022<\/td><td class=\"column-2\"><a href=\"http:\/\/www.hoogstede.de\/wp-gemeinde\/wp-content\/uploads\/2022\/03\/TO-05042022-Bekanntmachung.pdf\"rel=\"\"target=\"_blank \">Tagesordnung 05.04.2022<\/a><\/td>\n<\/tr>\n<tr class=\"row-41\">\n\t<td class=\"column-1\">01.03.2022<\/td><td class=\"column-2\"><a href=\"http:\/\/www.hoogstede.de\/wp-gemeinde\/wp-content\/uploads\/2022\/02\/TO-01032022-Bekanntmachung.pdf\"rel=\"\"target=\"_blank \">Tagesordnung 01.03.2022<\/a><\/td>\n<\/tr>\n<tr class=\"row-42\">\n\t<td class=\"column-1\">10.01.2022<\/td><td class=\"column-2\"><a href=\"http:\/\/www.hoogstede.de\/wp-gemeinde\/wp-content\/uploads\/2021\/12\/TO-10012022-Bekanntmachung.pdf\"rel=\"\"target=\"_blank \">Tagesordnung 10.01.2022<\/a><\/td>\n<\/tr>\n<tr class=\"row-43\">\n\t<td class=\"column-1\">07.12.2021<\/td><td class=\"column-2\"><a href=\"http:\/\/www.hoogstede.de\/wp-gemeinde\/wp-content\/uploads\/2021\/12\/TO-07122021-Bekanntmachung.pdf\"rel=\"\"target=\"_blank \">Tagesordnung 07.12.2021<\/a><\/td>\n<\/tr>\n<tr class=\"row-44\">\n\t<td class=\"column-1\">15.11.2021<\/td><td class=\"column-2\"><a href=\"http:\/\/www.hoogstede.de\/wp-gemeinde\/wp-content\/uploads\/2021\/11\/TO-15112021-Bekanntmachung.pdf\"rel=\"\"target=\"_blank \">Tagesordnung 15.11.2021<\/a><\/td>\n<\/tr>\n<tr class=\"row-45\">\n\t<td class=\"column-1\">02.11.2021<\/td><td class=\"column-2\"><a href=\"http:\/\/www.hoogstede.de\/wp-gemeinde\/wp-content\/uploads\/2021\/10\/TO-02112021-Bekanntmachung.pdf\"rel=\"\"target=\"_blank \">Tagesordnung 02.11.2021<\/a><\/td>\n<\/tr>\n<\/tbody>\n<\/table>\n<!-- #tablepress-5 from cache -->\n","protected":false},"excerpt":{"rendered":"<p>Allgemeines <\/p>\n<p>Die Sitzungen des Gemeinderates finden in der Regel turnusm\u00e4\u00dfig jeden ersten Dienstag im Monat statt. In besonderen F\u00e4llen kann von der verk\u00fcrzten Ladungsfrist Gebrauch gemacht werden. Die Gemeinde macht keinen Gebrauch von einem Verwaltungsausschuss. Alle anstehenden Themen werden in der Gemeinderatssitzung von allen Mitgliedern beraten.<\/p>\n<p>Ratsvorsitzender ist der amtierende B\u00fcrgermeister, der auch die Sitzungen &hellip; <\/p>\n<p><a class=\"more-link btn\" href=\"https:\/\/www.hoogstede.de\/wp-gemeinde\/unsere-gemeinde\/ratssitzungen\/\">Weiterlesen<\/a><\/p>\n","protected":false},"author":2,"featured_media":365,"parent":70,"menu_order":30,"comment_status":"closed","ping_status":"closed","template":"","meta":{"ngg_post_thumbnail":0,"footnotes":"","_links_to":"","_links_to_target":""},"class_list":["post-119","page","type-page","status-publish","has-post-thumbnail","hentry","nodate","item-wrap"],"_links":{"self":[{"href":"https:\/\/www.hoogstede.de\/wp-gemeinde\/wp-json\/wp\/v2\/pages\/119","targetHints":{"allow":["GET"]}}],"collection":[{"href":"https:\/\/www.hoogstede.de\/wp-gemeinde\/wp-json\/wp\/v2\/pages"}],"about":[{"href":"https:\/\/www.hoogstede.de\/wp-gemeinde\/wp-json\/wp\/v2\/types\/page"}],"author":[{"embeddable":true,"href":"https:\/\/www.hoogstede.de\/wp-gemeinde\/wp-json\/wp\/v2\/users\/2"}],"replies":[{"embeddable":true,"href":"https:\/\/www.hoogstede.de\/wp-gemeinde\/wp-json\/wp\/v2\/comments?post=119"}],"version-history":[{"count":124,"href":"https:\/\/www.hoogstede.de\/wp-gemeinde\/wp-json\/wp\/v2\/pages\/119\/revisions"}],"predecessor-version":[{"id":8264,"href":"https:\/\/www.hoogstede.de\/wp-gemeinde\/wp-json\/wp\/v2\/pages\/119\/revisions\/8264"}],"up":[{"embeddable":true,"href":"https:\/\/www.hoogstede.de\/wp-gemeinde\/wp-json\/wp\/v2\/pages\/70"}],"wp:featuredmedia":[{"embeddable":true,"href":"https:\/\/www.hoogstede.de\/wp-gemeinde\/wp-json\/wp\/v2\/media\/365"}],"wp:attachment":[{"href":"https:\/\/www.hoogstede.de\/wp-gemeinde\/wp-json\/wp\/v2\/media?parent=119"}],"curies":[{"name":"wp","href":"https:\/\/api.w.org\/{rel}","templated":true}]}}