{"id":106,"date":"2013-04-16T17:45:27","date_gmt":"2013-04-16T15:45:27","guid":{"rendered":"http:\/\/localhost\/hoogstede\/?page_id=106"},"modified":"2015-04-08T17:21:56","modified_gmt":"2015-04-08T15:21:56","slug":"gemeinschaftsleben","status":"publish","type":"page","link":"https:\/\/www.hoogstede.de\/wp-gemeinde\/gemeinschaftsleben\/","title":{"rendered":"Gemeinschaften"},"content":{"rendered":"<h3>Auszug aus der Bewerbungsmappe Wettbewerb &#8220;Unser Dorf hat Zukunft&#8221; (2011)<\/h3>\n<div id=\"attachment_973\" style=\"width: 255px\" class=\"wp-caption alignleft\"><a href=\"http:\/\/www.hoogstede.de\/wp-gemeinde\/wp-content\/uploads\/2013\/04\/Titelseite-Erlaeuterungsbericht-Kreiswettbewerb-2011.jpg\"><img loading=\"lazy\" decoding=\"async\" aria-describedby=\"caption-attachment-973\" class=\"size-medium wp-image-973\" src=\"http:\/\/www.hoogstede.de\/wp-gemeinde\/wp-content\/uploads\/2013\/04\/Titelseite-Erlaeuterungsbericht-Kreiswettbewerb-2011-255x400.jpg\" alt=\"Titelseite Erlaeuterungsbericht Kreiswettbewerb 2011\" width=\"255\" height=\"400\" srcset=\"https:\/\/www.hoogstede.de\/wp-gemeinde\/wp-content\/uploads\/2013\/04\/Titelseite-Erlaeuterungsbericht-Kreiswettbewerb-2011-255x400.jpg 255w, https:\/\/www.hoogstede.de\/wp-gemeinde\/wp-content\/uploads\/2013\/04\/Titelseite-Erlaeuterungsbericht-Kreiswettbewerb-2011.jpg 382w\" sizes=\"auto, (max-width: 255px) 100vw, 255px\" \/><\/a><p id=\"caption-attachment-973\" class=\"wp-caption-text\">Titelseite Erl\u00e4uterungsbericht 2011 Wettbewerb &#8220;Unser Dorf hat Zukunft&#8221;<\/p><\/div>\n<p>18 Vereine, Verb\u00e4nde, Gruppierungen, Organisationen und Kirchen sorgen mit einer breiten Angebotspalette f\u00fcr ein reges Gemeinschaftsleben im Dorf. Die Gr\u00f6\u00dfe der Gemeinde bringt es mit sich, dass viele B\u00fcrgerinnen und B\u00fcrger aller Alters-schichten sich mehrfach in verschiedenen Institutionen engagieren. Eine ausf\u00fchrliche Beschreibung der Aktivit\u00e4ten erfolgt auf den nachfolgenden Unterseiten.<\/p>\n<p>Die bisherigen Dorfwettbewerbe und insbesondere die \u201e800-Jahrfeier\u201c der Gemeinde im Jahr 2008 haben die Leistungskraft aller Einrichtungen unter Beweis gestellt. Gleicherma\u00dfen ist festzustellen, dass durch diese Ereignisse alle Beteiligten noch enger zusammenger\u00fcckt sind.<\/p>\n<p>Im Bereich der Pflege der Dorftradition spielt der erst im Jahr 2005 gegr\u00fcndete Heimatverein eine gro\u00dfe Rolle. Mit zahl- reichen Projekten (Gestaltung Rastpl\u00e4tze, Sitzb\u00e4nke, Weidetore, etc.) tr\u00e4gt er zur d\u00f6rflichen Gestaltung bei. Ein H\u00f6hepunkt in der Vereinsarbeit war die Herausgabe einer fast 500 Seiten starken Chronik anl\u00e4sslich der \u201e800-Jahrfeier\u201c der Gemeinde Hoogstede.<br \/>\nEin neues Angebot f\u00fcr Senioren hat das DRK Hoogstede geschaffen. Mehrfach im Jahr finden im neuen Domizil der ehemaligen Kaller Schule Nachmittage f\u00fcr \u00e4ltere Mitb\u00fcrgerinnen und Mitb\u00fcrger aus der gesamten Gemeinde statt. Nicht mobile \u00e4ltere Menschen werden vom DRK abgeholt!<\/p>\n","protected":false},"excerpt":{"rendered":"<p>Auszug aus der Bewerbungsmappe Wettbewerb &#8220;Unser Dorf hat Zukunft&#8221; (2011) <\/p>\n<p>18 Vereine, Verb\u00e4nde, Gruppierungen, Organisationen und Kirchen sorgen mit einer breiten Angebotspalette f\u00fcr ein reges Gemeinschaftsleben im Dorf. Die Gr\u00f6\u00dfe der Gemeinde bringt es mit sich, dass viele B\u00fcrgerinnen und B\u00fcrger aller Alters-schichten sich mehrfach in verschiedenen Institutionen engagieren. Eine ausf\u00fchrliche Beschreibung der Aktivit\u00e4ten erfolgt &hellip; <\/p>\n<p><a class=\"more-link btn\" href=\"https:\/\/www.hoogstede.de\/wp-gemeinde\/gemeinschaftsleben\/\">Weiterlesen<\/a><\/p>\n","protected":false},"author":2,"featured_media":0,"parent":0,"menu_order":0,"comment_status":"closed","ping_status":"closed","template":"","meta":{"ngg_post_thumbnail":0,"footnotes":"","_links_to":"","_links_to_target":""},"class_list":["post-106","page","type-page","status-publish","hentry","nodate","item-wrap"],"_links":{"self":[{"href":"https:\/\/www.hoogstede.de\/wp-gemeinde\/wp-json\/wp\/v2\/pages\/106","targetHints":{"allow":["GET"]}}],"collection":[{"href":"https:\/\/www.hoogstede.de\/wp-gemeinde\/wp-json\/wp\/v2\/pages"}],"about":[{"href":"https:\/\/www.hoogstede.de\/wp-gemeinde\/wp-json\/wp\/v2\/types\/page"}],"author":[{"embeddable":true,"href":"https:\/\/www.hoogstede.de\/wp-gemeinde\/wp-json\/wp\/v2\/users\/2"}],"replies":[{"embeddable":true,"href":"https:\/\/www.hoogstede.de\/wp-gemeinde\/wp-json\/wp\/v2\/comments?post=106"}],"version-history":[{"count":2,"href":"https:\/\/www.hoogstede.de\/wp-gemeinde\/wp-json\/wp\/v2\/pages\/106\/revisions"}],"predecessor-version":[{"id":974,"href":"https:\/\/www.hoogstede.de\/wp-gemeinde\/wp-json\/wp\/v2\/pages\/106\/revisions\/974"}],"wp:attachment":[{"href":"https:\/\/www.hoogstede.de\/wp-gemeinde\/wp-json\/wp\/v2\/media?parent=106"}],"curies":[{"name":"wp","href":"https:\/\/api.w.org\/{rel}","templated":true}]}}